{"id":6182,"date":"2021-09-02T13:56:08","date_gmt":"2021-09-02T13:56:08","guid":{"rendered":"https:\/\/www.familyhastools.com\/?post_type=product&#038;p=6182"},"modified":"2023-08-04T13:57:42","modified_gmt":"2023-08-04T13:57:42","slug":"historia-do-brasil-contada-em-50-obras-de-arte","status":"publish","type":"product","link":"https:\/\/www.familyhastools.com\/index.php\/product\/historia-do-brasil-contada-em-50-obras-de-arte\/","title":{"rendered":"Hist\u00f3ria do Brasil contada em 50 obras de arte"},"content":{"rendered":"<p><strong>Arquivo em PDF<\/strong><\/p>\n<h2><span class=\"JsGRdQ\">Mergulhe na hist\u00f3ria do Brasil com obras que retratam os principais fatos hist\u00f3ricos do Brasil Col\u00f4nia 1500 at\u00e9 o in\u00edcio do Brasil Rep\u00fablica 1899.<\/span><\/h2>\n<p class=\"_04xlpA direction-ltr align-start para-style-subtitle\"><span class=\"JsGRdQ\">Uma linda e completa colet\u00e2nea de<strong> 50 obras de arte<\/strong> de <strong>21 diferentes artistas<\/strong> classificadas em ordem cronol\u00f3gica para facilitar e complementar o estudo da <strong>hist\u00f3ria do Brasil.<\/strong><\/span><\/p>\n<p class=\"_04xlpA direction-ltr align-start para-style-subtitle\"><span class=\"JsGRdQ\">O g\u00eanero de pintura hist\u00f3rica iniciou com a Miss\u00e3o art\u00edstica Francesa. Quando a gera\u00e7\u00e3o de brasileiros iniciou seus estudos na Europa, custeados pelo imp\u00e9rio. Houve uma op\u00e7\u00e3o preponderante de n\u00e3o seguir as vanguardas como o impressionismo, j\u00e1 presente na cena art\u00edstica europeia.<\/span> <span class=\"JsGRdQ\">Eles continuaram nos estilos predominantes do s\u00e9c XIX o neoclassicismo, o romantismo e o realismo. O academicismo era o estilo da pintura hist\u00f3rica brasileira.<\/span><\/p>\n<p class=\"_04xlpA direction-ltr align-start para-style-subtitle\"><span class=\"JsGRdQ\">A era de ouro da pintura brasileira teve Pedro Am\u00e9rico e Vitor Meirelles como os grandes representantes.<\/span><\/p>\n<p class=\"_04xlpA direction-ltr align-start para-style-subtitle\"><span class=\"JsGRdQ\">A segunda e terceira gera\u00e7\u00e3o de pintores vem a seguir.<\/span><\/p>\n<p class=\"_04xlpA direction-ltr align-start para-style-subtitle\"><span class=\"JsGRdQ\">Apreciem o belo percurso art\u00edstico &#8211;<\/span> <span class=\"JsGRdQ\">hist\u00f3rico que preparamos para voc\u00eas<\/span><\/p>\n<p class=\"_04xlpA direction-ltr align-start para-style-subtitle\"><span class=\"JsGRdQ\">As obras selecionadas aqui registraram as mais marcantes cenas e momentos hist\u00f3ricos do Brasil. Cada uma das obras possui uma sinopse que contextualiza o per\u00edodo hist\u00f3rico com a data do acontecimento, baseada em uma rica bibliografia.<\/span><\/p>\n<p class=\"_04xlpA direction-ltr align-start para-style-subtitle\"><span class=\"JsGRdQ\">Atrav\u00e9s dos <\/span><span class=\"JsGRdQ\">links<\/span><span class=\"JsGRdQ\"> voc\u00ea poder\u00e1 interagir em cada obra, assistindo um<\/span> <span class=\"JsGRdQ\">v\u00eddeo com an\u00e1lise de uma artista pl\u00e1stica para voc\u00ea ouvir e compreender cada obra, o artista e o seu per\u00edodo.<\/span><\/p>\n<p class=\"_04xlpA direction-ltr align-start para-style-subtitle\"><span class=\"JsGRdQ\">Nossa viagem na hist\u00f3ria do Brasil conta com gera\u00e7\u00f5es de artistas que compuseram a pintura hist\u00f3rica brasileira retratando o Brasil, seu povo, suas paisagens, costume e fatos.<\/span><\/p>\n<p class=\"_04xlpA direction-ltr align-start para-style-subtitle\"><strong><span class=\"JsGRdQ\">Mergulhe conosco nesta viagem e surpreenda-se!<\/span><\/strong><\/p>\n<h4><strong><span style=\"color: #0000ff;\">Apostila interativa com v\u00eddeos<\/span><\/strong><\/h4>\n<h4><strong><span style=\"color: #0000ff;\">63 p\u00e1ginas<\/span><\/strong><\/h4>\n<h4><strong><span style=\"color: #0000ff;\"> + arquivo extra com obras em alta resolu\u00e7\u00e3o em formato A4 para impress\u00e3o<\/span><\/strong><\/h4>\n<div style=\"width: 980px;\" class=\"wp-video\"><!--[if lt IE 9]><script>document.createElement('video');<\/script><![endif]-->\n<video class=\"wp-video-shortcode\" id=\"video-6182-1\" width=\"980\" height=\"551\" preload=\"metadata\" controls=\"controls\"><source type=\"video\/mp4\" src=\"https:\/\/www.familyhastools.com\/wp-content\/uploads\/2021\/09\/historia-do-brasil-venda-video-completo.mp4?_=1\" \/><a href=\"https:\/\/www.familyhastools.com\/wp-content\/uploads\/2021\/09\/historia-do-brasil-venda-video-completo.mp4\">https:\/\/www.familyhastools.com\/wp-content\/uploads\/2021\/09\/historia-do-brasil-venda-video-completo.mp4<\/a><\/video><\/div>\n","protected":false},"excerpt":{"rendered":"<p>Arquivo em PDF Mergulhe na hist\u00f3ria do Brasil com obras que retratam os principais fatos hist\u00f3ricos do Brasil Col\u00f4nia 1500 at\u00e9 o in\u00edcio do Brasil Rep\u00fablica 1899. Uma linda e completa colet\u00e2nea de 50 obras de arte de 21 diferentes artistas classificadas em ordem cronol\u00f3gica para facilitar e complementar o estudo da hist\u00f3ria do Brasil. [&hellip;]<\/p>\n","protected":false},"featured_media":6191,"template":"","meta":[],"product_brand":[],"product_cat":[410,412,416,407,409,283],"product_tag":[292,284,290,241,303,420,400,401,421,118,302,119,177,418,417,130,419,121],"class_list":{"0":"post-6182","1":"product","2":"type-product","3":"status-publish","4":"has-post-thumbnail","6":"product_cat-5-8-anos","7":"product_cat-9-14-anos","8":"product_cat-historia","9":"product_cat-para-familia-toda","10":"product_cat-adultos","11":"product_cat-arte","12":"product_tag-apostila-de-arte","13":"product_tag-apreciacao-de-arte","14":"product_tag-arte-para-criancas","15":"product_tag-charlotte-mason","16":"product_tag-charlotte-mason-brasil","17":"product_tag-cultura-brasileira","18":"product_tag-curriculo-educacao-domiciliar","19":"product_tag-curriculo-homeschool","20":"product_tag-educacao-classica","21":"product_tag-educacao-domiciliar","22":"product_tag-ensino-classico","23":"product_tag-ensino-domiciliar","24":"product_tag-familyhastools","25":"product_tag-historia","26":"product_tag-historia-do-brasil","27":"product_tag-material-de-apoio","28":"product_tag-mosaika","29":"product_tag-rachel-haswell","31":"first","32":"instock","33":"downloadable","34":"virtual","35":"purchasable","36":"product-type-simple"},"yoast_head":"<!-- This site is optimized with the Yoast SEO plugin v25.3 - https:\/\/yoast.com\/wordpress\/plugins\/seo\/ -->\n<title>Hist\u00f3ria do Brasil contada em 50 obras de arte - Family Has Tools<\/title>\n<meta name=\"description\" content=\"Mergulhe na hist\u00f3ria do Brasil com obras que retratam os principais fatos hist\u00f3ricos do Brasil atrav\u00e9s desse material lindo e Interativo\" \/>\n<meta name=\"robots\" content=\"index, follow, max-snippet:-1, max-image-preview:large, max-video-preview:-1\" \/>\n<link rel=\"canonical\" href=\"https:\/\/www.familyhastools.com\/index.php\/product\/historia-do-brasil-contada-em-50-obras-de-arte\/\" \/>\n<meta property=\"og:locale\" content=\"pt_BR\" \/>\n<meta property=\"og:type\" content=\"article\" \/>\n<meta property=\"og:title\" content=\"Hist\u00f3ria do Brasil contada em 50 obras de arte - Family Has Tools\" \/>\n<meta property=\"og:description\" content=\"Mergulhe na hist\u00f3ria do Brasil com obras que retratam os principais fatos hist\u00f3ricos do Brasil atrav\u00e9s desse material lindo e Interativo\" \/>\n<meta property=\"og:url\" content=\"https:\/\/www.familyhastools.com\/index.php\/product\/historia-do-brasil-contada-em-50-obras-de-arte\/\" \/>\n<meta property=\"og:site_name\" content=\"Family Has Tools\" \/>\n<meta property=\"article:modified_time\" content=\"2023-08-04T13:57:42+00:00\" \/>\n<meta property=\"og:image\" content=\"https:\/\/www.familyhastools.com\/wp-content\/uploads\/2021\/09\/capa-Hist\u00f3ria-do-Brasil-4.png\" \/>\n\t<meta property=\"og:image:width\" content=\"1024\" \/>\n\t<meta property=\"og:image:height\" content=\"1600\" \/>\n\t<meta property=\"og:image:type\" content=\"image\/png\" \/>\n<meta name=\"twitter:card\" content=\"summary_large_image\" \/>\n<meta name=\"twitter:label1\" content=\"Est. tempo de leitura\" \/>\n\t<meta name=\"twitter:data1\" content=\"2 minutos\" \/>\n<script type=\"application\/ld+json\" class=\"yoast-schema-graph\">{\"@context\":\"https:\/\/schema.org\",\"@graph\":[{\"@type\":\"WebPage\",\"@id\":\"https:\/\/www.familyhastools.com\/index.php\/product\/historia-do-brasil-contada-em-50-obras-de-arte\/\",\"url\":\"https:\/\/www.familyhastools.com\/index.php\/product\/historia-do-brasil-contada-em-50-obras-de-arte\/\",\"name\":\"Hist\u00f3ria do Brasil contada em 50 obras de arte - Family Has Tools\",\"isPartOf\":{\"@id\":\"https:\/\/www.familyhastools.com\/#website\"},\"primaryImageOfPage\":{\"@id\":\"https:\/\/www.familyhastools.com\/index.php\/product\/historia-do-brasil-contada-em-50-obras-de-arte\/#primaryimage\"},\"image\":{\"@id\":\"https:\/\/www.familyhastools.com\/index.php\/product\/historia-do-brasil-contada-em-50-obras-de-arte\/#primaryimage\"},\"thumbnailUrl\":\"https:\/\/www.familyhastools.com\/wp-content\/uploads\/2021\/09\/capa-Hist\u00f3ria-do-Brasil-4.png\",\"datePublished\":\"2021-09-02T13:56:08+00:00\",\"dateModified\":\"2023-08-04T13:57:42+00:00\",\"description\":\"Mergulhe na hist\u00f3ria do Brasil com obras que retratam os principais fatos hist\u00f3ricos do Brasil atrav\u00e9s desse material lindo e Interativo\",\"breadcrumb\":{\"@id\":\"https:\/\/www.familyhastools.com\/index.php\/product\/historia-do-brasil-contada-em-50-obras-de-arte\/#breadcrumb\"},\"inLanguage\":\"pt-BR\",\"potentialAction\":[{\"@type\":\"ReadAction\",\"target\":[\"https:\/\/www.familyhastools.com\/index.php\/product\/historia-do-brasil-contada-em-50-obras-de-arte\/\"]}]},{\"@type\":\"ImageObject\",\"inLanguage\":\"pt-BR\",\"@id\":\"https:\/\/www.familyhastools.com\/index.php\/product\/historia-do-brasil-contada-em-50-obras-de-arte\/#primaryimage\",\"url\":\"https:\/\/www.familyhastools.com\/wp-content\/uploads\/2021\/09\/capa-Hist\u00f3ria-do-Brasil-4.png\",\"contentUrl\":\"https:\/\/www.familyhastools.com\/wp-content\/uploads\/2021\/09\/capa-Hist\u00f3ria-do-Brasil-4.png\",\"width\":1024,\"height\":1600},{\"@type\":\"BreadcrumbList\",\"@id\":\"https:\/\/www.familyhastools.com\/index.php\/product\/historia-do-brasil-contada-em-50-obras-de-arte\/#breadcrumb\",\"itemListElement\":[{\"@type\":\"ListItem\",\"position\":1,\"name\":\"In\u00edcio\",\"item\":\"https:\/\/www.familyhastools.com\/\"},{\"@type\":\"ListItem\",\"position\":2,\"name\":\"Loja\",\"item\":\"https:\/\/www.familyhastools.com\/index.php\/loja-2\/\"},{\"@type\":\"ListItem\",\"position\":3,\"name\":\"Hist\u00f3ria do Brasil contada em 50 obras de arte\"}]},{\"@type\":\"WebSite\",\"@id\":\"https:\/\/www.familyhastools.com\/#website\",\"url\":\"https:\/\/www.familyhastools.com\/\",\"name\":\"Family Has Tools\",\"description\":\"A jornada de nossa familia homeschooler\",\"publisher\":{\"@id\":\"https:\/\/www.familyhastools.com\/#organization\"},\"potentialAction\":[{\"@type\":\"SearchAction\",\"target\":{\"@type\":\"EntryPoint\",\"urlTemplate\":\"https:\/\/www.familyhastools.com\/?s={search_term_string}\"},\"query-input\":{\"@type\":\"PropertyValueSpecification\",\"valueRequired\":true,\"valueName\":\"search_term_string\"}}],\"inLanguage\":\"pt-BR\"},{\"@type\":\"Organization\",\"@id\":\"https:\/\/www.familyhastools.com\/#organization\",\"name\":\"Family Has Tools\",\"url\":\"https:\/\/www.familyhastools.com\/\",\"logo\":{\"@type\":\"ImageObject\",\"inLanguage\":\"pt-BR\",\"@id\":\"https:\/\/www.familyhastools.com\/#\/schema\/logo\/image\/\",\"url\":\"https:\/\/www.familyhastools.com\/wp-content\/uploads\/2020\/05\/logo-com-Arthur-_grande.png\",\"contentUrl\":\"https:\/\/www.familyhastools.com\/wp-content\/uploads\/2020\/05\/logo-com-Arthur-_grande.png\",\"width\":2350,\"height\":1000,\"caption\":\"Family Has Tools\"},\"image\":{\"@id\":\"https:\/\/www.familyhastools.com\/#\/schema\/logo\/image\/\"}}]}<\/script>\n<!-- \/ Yoast SEO plugin. -->","yoast_head_json":{"title":"Hist\u00f3ria do Brasil contada em 50 obras de arte - Family Has Tools","description":"Mergulhe na hist\u00f3ria do Brasil com obras que retratam os principais fatos hist\u00f3ricos do Brasil atrav\u00e9s desse material lindo e Interativo","robots":{"index":"index","follow":"follow","max-snippet":"max-snippet:-1","max-image-preview":"max-image-preview:large","max-video-preview":"max-video-preview:-1"},"canonical":"https:\/\/www.familyhastools.com\/index.php\/product\/historia-do-brasil-contada-em-50-obras-de-arte\/","og_locale":"pt_BR","og_type":"article","og_title":"Hist\u00f3ria do Brasil contada em 50 obras de arte - Family Has Tools","og_description":"Mergulhe na hist\u00f3ria do Brasil com obras que retratam os principais fatos hist\u00f3ricos do Brasil atrav\u00e9s desse material lindo e Interativo","og_url":"https:\/\/www.familyhastools.com\/index.php\/product\/historia-do-brasil-contada-em-50-obras-de-arte\/","og_site_name":"Family Has Tools","article_modified_time":"2023-08-04T13:57:42+00:00","og_image":[{"width":1024,"height":1600,"url":"https:\/\/www.familyhastools.com\/wp-content\/uploads\/2021\/09\/capa-Hist\u00f3ria-do-Brasil-4.png","type":"image\/png"}],"twitter_card":"summary_large_image","twitter_misc":{"Est. tempo de leitura":"2 minutos"},"schema":{"@context":"https:\/\/schema.org","@graph":[{"@type":"WebPage","@id":"https:\/\/www.familyhastools.com\/index.php\/product\/historia-do-brasil-contada-em-50-obras-de-arte\/","url":"https:\/\/www.familyhastools.com\/index.php\/product\/historia-do-brasil-contada-em-50-obras-de-arte\/","name":"Hist\u00f3ria do Brasil contada em 50 obras de arte - Family Has Tools","isPartOf":{"@id":"https:\/\/www.familyhastools.com\/#website"},"primaryImageOfPage":{"@id":"https:\/\/www.familyhastools.com\/index.php\/product\/historia-do-brasil-contada-em-50-obras-de-arte\/#primaryimage"},"image":{"@id":"https:\/\/www.familyhastools.com\/index.php\/product\/historia-do-brasil-contada-em-50-obras-de-arte\/#primaryimage"},"thumbnailUrl":"https:\/\/www.familyhastools.com\/wp-content\/uploads\/2021\/09\/capa-Hist\u00f3ria-do-Brasil-4.png","datePublished":"2021-09-02T13:56:08+00:00","dateModified":"2023-08-04T13:57:42+00:00","description":"Mergulhe na hist\u00f3ria do Brasil com obras que retratam os principais fatos hist\u00f3ricos do Brasil atrav\u00e9s desse material lindo e Interativo","breadcrumb":{"@id":"https:\/\/www.familyhastools.com\/index.php\/product\/historia-do-brasil-contada-em-50-obras-de-arte\/#breadcrumb"},"inLanguage":"pt-BR","potentialAction":[{"@type":"ReadAction","target":["https:\/\/www.familyhastools.com\/index.php\/product\/historia-do-brasil-contada-em-50-obras-de-arte\/"]}]},{"@type":"ImageObject","inLanguage":"pt-BR","@id":"https:\/\/www.familyhastools.com\/index.php\/product\/historia-do-brasil-contada-em-50-obras-de-arte\/#primaryimage","url":"https:\/\/www.familyhastools.com\/wp-content\/uploads\/2021\/09\/capa-Hist\u00f3ria-do-Brasil-4.png","contentUrl":"https:\/\/www.familyhastools.com\/wp-content\/uploads\/2021\/09\/capa-Hist\u00f3ria-do-Brasil-4.png","width":1024,"height":1600},{"@type":"BreadcrumbList","@id":"https:\/\/www.familyhastools.com\/index.php\/product\/historia-do-brasil-contada-em-50-obras-de-arte\/#breadcrumb","itemListElement":[{"@type":"ListItem","position":1,"name":"In\u00edcio","item":"https:\/\/www.familyhastools.com\/"},{"@type":"ListItem","position":2,"name":"Loja","item":"https:\/\/www.familyhastools.com\/index.php\/loja-2\/"},{"@type":"ListItem","position":3,"name":"Hist\u00f3ria do Brasil contada em 50 obras de arte"}]},{"@type":"WebSite","@id":"https:\/\/www.familyhastools.com\/#website","url":"https:\/\/www.familyhastools.com\/","name":"Family Has Tools","description":"A jornada de nossa familia homeschooler","publisher":{"@id":"https:\/\/www.familyhastools.com\/#organization"},"potentialAction":[{"@type":"SearchAction","target":{"@type":"EntryPoint","urlTemplate":"https:\/\/www.familyhastools.com\/?s={search_term_string}"},"query-input":{"@type":"PropertyValueSpecification","valueRequired":true,"valueName":"search_term_string"}}],"inLanguage":"pt-BR"},{"@type":"Organization","@id":"https:\/\/www.familyhastools.com\/#organization","name":"Family Has Tools","url":"https:\/\/www.familyhastools.com\/","logo":{"@type":"ImageObject","inLanguage":"pt-BR","@id":"https:\/\/www.familyhastools.com\/#\/schema\/logo\/image\/","url":"https:\/\/www.familyhastools.com\/wp-content\/uploads\/2020\/05\/logo-com-Arthur-_grande.png","contentUrl":"https:\/\/www.familyhastools.com\/wp-content\/uploads\/2020\/05\/logo-com-Arthur-_grande.png","width":2350,"height":1000,"caption":"Family Has Tools"},"image":{"@id":"https:\/\/www.familyhastools.com\/#\/schema\/logo\/image\/"}}]}},"_links":{"self":[{"href":"https:\/\/www.familyhastools.com\/index.php\/wp-json\/wp\/v2\/product\/6182","targetHints":{"allow":["GET"]}}],"collection":[{"href":"https:\/\/www.familyhastools.com\/index.php\/wp-json\/wp\/v2\/product"}],"about":[{"href":"https:\/\/www.familyhastools.com\/index.php\/wp-json\/wp\/v2\/types\/product"}],"wp:featuredmedia":[{"embeddable":true,"href":"https:\/\/www.familyhastools.com\/index.php\/wp-json\/wp\/v2\/media\/6191"}],"wp:attachment":[{"href":"https:\/\/www.familyhastools.com\/index.php\/wp-json\/wp\/v2\/media?parent=6182"}],"wp:term":[{"taxonomy":"product_brand","embeddable":true,"href":"https:\/\/www.familyhastools.com\/index.php\/wp-json\/wp\/v2\/product_brand?post=6182"},{"taxonomy":"product_cat","embeddable":true,"href":"https:\/\/www.familyhastools.com\/index.php\/wp-json\/wp\/v2\/product_cat?post=6182"},{"taxonomy":"product_tag","embeddable":true,"href":"https:\/\/www.familyhastools.com\/index.php\/wp-json\/wp\/v2\/product_tag?post=6182"}],"curies":[{"name":"wp","href":"https:\/\/api.w.org\/{rel}","templated":true}]}}