{"id":5916,"date":"2021-07-11T18:36:29","date_gmt":"2021-07-11T18:36:29","guid":{"rendered":"https:\/\/www.familyhastools.com\/?post_type=product&#038;p=5916"},"modified":"2023-08-04T14:14:06","modified_gmt":"2023-08-04T14:14:06","slug":"apreciacao-de-arte-van-gogh","status":"publish","type":"product","link":"https:\/\/www.familyhastools.com\/index.php\/product\/apreciacao-de-arte-van-gogh\/","title":{"rendered":"Aprecia\u00e7\u00e3o de Arte : Van Gogh"},"content":{"rendered":"<h5><strong>Arquivo Digital : PDF<\/strong><\/h5>\n<p>Comece a ensinar arte agora para seus filhos.<\/p>\n<p><em><strong>30 obras selecionadas<\/strong><\/em> para voc\u00eas na nossa mais nova apostila de Aprecia\u00e7\u00e3o de Arte deste grande artista <strong>Van Gogh.<\/strong><\/p>\n<p>Confira todos os elementos que trazemos para que nesta nova apostila, voc\u00ea possa apreciar as obras, e estud\u00e1-las, atrav\u00e9s de ricas an\u00e1lises e atividades pr\u00e1ticas <strong>(2 v\u00eddeo aulas)<\/strong>\u00a0 para vivenciar a t\u00e9cnica que toda a fam\u00edlia poder\u00e1 fazer.<\/p>\n<p><strong>Esse material \u00e9 algo \u00fanico e exclusivo,<\/strong>\u00a0 fruto da parceria entre FamilyHasTools e Mosaika Escola de Arte (Catia e Carol ) especialmente para voc\u00eas.<\/p>\n<p>Eu e a Carol, resolvemos juntar a nossa experi\u00eancia da aprecia\u00e7\u00e3o art\u00edstica em nossas casas com o conhecimento t\u00e9cnico e pr\u00e1tico da arte educadora C\u00e1tia Usevicius Maia da <strong><em>Mosaika Escola de Arte<\/em><\/strong> para trazer especialmente esse material para voc\u00eas.<\/p>\n<p><strong>O material visa auxiliar os pais a ensinarem uma aprecia\u00e7\u00e3o dirigida de obras de arte e a fazerem atividades pr\u00e1ticas que fixem o per\u00edodo hist\u00f3rico da arte \u00e0 que pertence o artista.<\/strong><\/p>\n<p>Al\u00e9m de dar ferramentas para que os pais compreendam as caracter\u00edsticas das obras do artista e o per\u00edodo em que ele est\u00e1 inserido, o material contem <strong>v\u00eddeos pr\u00e1ticos<\/strong>\u00a0 de atividades para fazer com seus filhos.<\/p>\n<p><strong>Um material completo para quem quer apreciar de forma pr\u00e1tica as obras deste grande artista e estudar o per\u00edodo da arte \u00e0 que ele pertence .<\/strong><\/p>\n<p><strong>Inclui:<\/strong><\/p>\n<p>-Orienta\u00e7\u00f5es gerais para o uso do material<br \/>\n-Sugest\u00f5es para observa\u00e7\u00e3o dirigida das obras<br \/>\n-Caracter\u00edsticas do movimento p\u00f3s impressionista<br \/>\n-Caracter\u00edsticas do movimento impressionista<br \/>\n-Sugest\u00f5es de Atividades Extras:<br \/>\n&#8211; Atividade 1<br \/>\n&#8211; Atividade 2<br \/>\n-Atividade 3<br \/>\n-Atividade 4<br \/>\n-Links para os v\u00eddeos 1, 2, 3 e 4<br \/>\n-Sugest\u00f5es de Atividades Extras Externas<br \/>\n-Um pouco sobre Van Gogh<br \/>\n-Obras para aprecia\u00e7\u00e3o (30 obras)<br \/>\n-Obras em formato cart\u00e3o<\/p>\n<p>Venha enriquecer o aprendizado de seus filhos com esse material \u00fanico e exclusivo que ir\u00e1 proporcionar um olhar diferenciado \u00e0 experi\u00eancia de arte da sua fam\u00edlia.<\/p>\n","protected":false},"excerpt":{"rendered":"<p>Arquivo Digital : PDF Comece a ensinar arte agora para seus filhos. 30 obras selecionadas para voc\u00eas na nossa mais nova apostila de Aprecia\u00e7\u00e3o de Arte deste grande artista Van Gogh. Confira todos os elementos que trazemos para que nesta nova apostila, voc\u00ea possa apreciar as obras, e estud\u00e1-las, atrav\u00e9s de ricas an\u00e1lises e atividades [&hellip;]<\/p>\n","protected":false},"featured_media":5921,"template":"","meta":[],"product_brand":[],"product_cat":[410,412,407,409,283],"product_tag":[292,284,285,290,415,241,118,119,120,177,130,171,414,121,127,413],"class_list":{"0":"post-5916","1":"product","2":"type-product","3":"status-publish","4":"has-post-thumbnail","6":"product_cat-5-8-anos","7":"product_cat-9-14-anos","8":"product_cat-para-familia-toda","9":"product_cat-adultos","10":"product_cat-arte","11":"product_tag-apostila-de-arte","12":"product_tag-apreciacao-de-arte","13":"product_tag-arte","14":"product_tag-arte-para-criancas","15":"product_tag-atividades-van-gogh","16":"product_tag-charlotte-mason","17":"product_tag-educacao-domiciliar","18":"product_tag-ensino-domiciliar","19":"product_tag-family-has-tools","20":"product_tag-familyhastools","21":"product_tag-material-de-apoio","22":"product_tag-material-didatico","23":"product_tag-pos-impressionismo","24":"product_tag-rachel-haswell","25":"product_tag-unidade-de-estudo","26":"product_tag-van-gogh","28":"first","29":"instock","30":"downloadable","31":"virtual","32":"purchasable","33":"product-type-simple"},"yoast_head":"<!-- This site is optimized with the Yoast SEO plugin v25.3 - https:\/\/yoast.com\/wordpress\/plugins\/seo\/ -->\n<title>Aprecia\u00e7\u00e3o de Arte : Van Gogh - Family Has Tools<\/title>\n<meta name=\"description\" content=\"Para ele um quadro deveria ser sempre algo am\u00e1vel, alegre e belo! Vem apreciar a rte de Renoir e tamb\u00e9m praticar t\u00e9cnica desse grande artista.\" \/>\n<meta name=\"robots\" content=\"index, follow, max-snippet:-1, max-image-preview:large, max-video-preview:-1\" \/>\n<link rel=\"canonical\" href=\"https:\/\/www.familyhastools.com\/index.php\/product\/apreciacao-de-arte-van-gogh\/\" \/>\n<meta property=\"og:locale\" content=\"pt_BR\" \/>\n<meta property=\"og:type\" content=\"article\" \/>\n<meta property=\"og:title\" content=\"Aprecia\u00e7\u00e3o de Arte : Van Gogh - Family Has Tools\" \/>\n<meta property=\"og:description\" content=\"Para ele um quadro deveria ser sempre algo am\u00e1vel, alegre e belo! Vem apreciar a rte de Renoir e tamb\u00e9m praticar t\u00e9cnica desse grande artista.\" \/>\n<meta property=\"og:url\" content=\"https:\/\/www.familyhastools.com\/index.php\/product\/apreciacao-de-arte-van-gogh\/\" \/>\n<meta property=\"og:site_name\" content=\"Family Has Tools\" \/>\n<meta property=\"article:modified_time\" content=\"2023-08-04T14:14:06+00:00\" \/>\n<meta property=\"og:image\" content=\"https:\/\/www.familyhastools.com\/wp-content\/uploads\/2021\/07\/Van-gogh.png\" \/>\n\t<meta property=\"og:image:width\" content=\"1620\" \/>\n\t<meta property=\"og:image:height\" content=\"1620\" \/>\n\t<meta property=\"og:image:type\" content=\"image\/png\" \/>\n<meta name=\"twitter:card\" content=\"summary_large_image\" \/>\n<meta name=\"twitter:label1\" content=\"Est. tempo de leitura\" \/>\n\t<meta name=\"twitter:data1\" content=\"2 minutos\" \/>\n<script type=\"application\/ld+json\" class=\"yoast-schema-graph\">{\"@context\":\"https:\/\/schema.org\",\"@graph\":[{\"@type\":\"WebPage\",\"@id\":\"https:\/\/www.familyhastools.com\/index.php\/product\/apreciacao-de-arte-van-gogh\/\",\"url\":\"https:\/\/www.familyhastools.com\/index.php\/product\/apreciacao-de-arte-van-gogh\/\",\"name\":\"Aprecia\u00e7\u00e3o de Arte : Van Gogh - Family Has Tools\",\"isPartOf\":{\"@id\":\"https:\/\/www.familyhastools.com\/#website\"},\"primaryImageOfPage\":{\"@id\":\"https:\/\/www.familyhastools.com\/index.php\/product\/apreciacao-de-arte-van-gogh\/#primaryimage\"},\"image\":{\"@id\":\"https:\/\/www.familyhastools.com\/index.php\/product\/apreciacao-de-arte-van-gogh\/#primaryimage\"},\"thumbnailUrl\":\"https:\/\/www.familyhastools.com\/wp-content\/uploads\/2021\/07\/Van-gogh.png\",\"datePublished\":\"2021-07-11T18:36:29+00:00\",\"dateModified\":\"2023-08-04T14:14:06+00:00\",\"description\":\"Para ele um quadro deveria ser sempre algo am\u00e1vel, alegre e belo! Vem apreciar a rte de Renoir e tamb\u00e9m praticar t\u00e9cnica desse grande artista.\",\"breadcrumb\":{\"@id\":\"https:\/\/www.familyhastools.com\/index.php\/product\/apreciacao-de-arte-van-gogh\/#breadcrumb\"},\"inLanguage\":\"pt-BR\",\"potentialAction\":[{\"@type\":\"ReadAction\",\"target\":[\"https:\/\/www.familyhastools.com\/index.php\/product\/apreciacao-de-arte-van-gogh\/\"]}]},{\"@type\":\"ImageObject\",\"inLanguage\":\"pt-BR\",\"@id\":\"https:\/\/www.familyhastools.com\/index.php\/product\/apreciacao-de-arte-van-gogh\/#primaryimage\",\"url\":\"https:\/\/www.familyhastools.com\/wp-content\/uploads\/2021\/07\/Van-gogh.png\",\"contentUrl\":\"https:\/\/www.familyhastools.com\/wp-content\/uploads\/2021\/07\/Van-gogh.png\",\"width\":1620,\"height\":1620},{\"@type\":\"BreadcrumbList\",\"@id\":\"https:\/\/www.familyhastools.com\/index.php\/product\/apreciacao-de-arte-van-gogh\/#breadcrumb\",\"itemListElement\":[{\"@type\":\"ListItem\",\"position\":1,\"name\":\"In\u00edcio\",\"item\":\"https:\/\/www.familyhastools.com\/\"},{\"@type\":\"ListItem\",\"position\":2,\"name\":\"Loja\",\"item\":\"https:\/\/www.familyhastools.com\/index.php\/loja-2\/\"},{\"@type\":\"ListItem\",\"position\":3,\"name\":\"Aprecia\u00e7\u00e3o de Arte : Van Gogh\"}]},{\"@type\":\"WebSite\",\"@id\":\"https:\/\/www.familyhastools.com\/#website\",\"url\":\"https:\/\/www.familyhastools.com\/\",\"name\":\"Family Has Tools\",\"description\":\"A jornada de nossa familia homeschooler\",\"publisher\":{\"@id\":\"https:\/\/www.familyhastools.com\/#organization\"},\"potentialAction\":[{\"@type\":\"SearchAction\",\"target\":{\"@type\":\"EntryPoint\",\"urlTemplate\":\"https:\/\/www.familyhastools.com\/?s={search_term_string}\"},\"query-input\":{\"@type\":\"PropertyValueSpecification\",\"valueRequired\":true,\"valueName\":\"search_term_string\"}}],\"inLanguage\":\"pt-BR\"},{\"@type\":\"Organization\",\"@id\":\"https:\/\/www.familyhastools.com\/#organization\",\"name\":\"Family Has Tools\",\"url\":\"https:\/\/www.familyhastools.com\/\",\"logo\":{\"@type\":\"ImageObject\",\"inLanguage\":\"pt-BR\",\"@id\":\"https:\/\/www.familyhastools.com\/#\/schema\/logo\/image\/\",\"url\":\"https:\/\/www.familyhastools.com\/wp-content\/uploads\/2020\/05\/logo-com-Arthur-_grande.png\",\"contentUrl\":\"https:\/\/www.familyhastools.com\/wp-content\/uploads\/2020\/05\/logo-com-Arthur-_grande.png\",\"width\":2350,\"height\":1000,\"caption\":\"Family Has Tools\"},\"image\":{\"@id\":\"https:\/\/www.familyhastools.com\/#\/schema\/logo\/image\/\"}}]}<\/script>\n<!-- \/ Yoast SEO plugin. -->","yoast_head_json":{"title":"Aprecia\u00e7\u00e3o de Arte : Van Gogh - Family Has Tools","description":"Para ele um quadro deveria ser sempre algo am\u00e1vel, alegre e belo! Vem apreciar a rte de Renoir e tamb\u00e9m praticar t\u00e9cnica desse grande artista.","robots":{"index":"index","follow":"follow","max-snippet":"max-snippet:-1","max-image-preview":"max-image-preview:large","max-video-preview":"max-video-preview:-1"},"canonical":"https:\/\/www.familyhastools.com\/index.php\/product\/apreciacao-de-arte-van-gogh\/","og_locale":"pt_BR","og_type":"article","og_title":"Aprecia\u00e7\u00e3o de Arte : Van Gogh - Family Has Tools","og_description":"Para ele um quadro deveria ser sempre algo am\u00e1vel, alegre e belo! Vem apreciar a rte de Renoir e tamb\u00e9m praticar t\u00e9cnica desse grande artista.","og_url":"https:\/\/www.familyhastools.com\/index.php\/product\/apreciacao-de-arte-van-gogh\/","og_site_name":"Family Has Tools","article_modified_time":"2023-08-04T14:14:06+00:00","og_image":[{"width":1620,"height":1620,"url":"https:\/\/www.familyhastools.com\/wp-content\/uploads\/2021\/07\/Van-gogh.png","type":"image\/png"}],"twitter_card":"summary_large_image","twitter_misc":{"Est. tempo de leitura":"2 minutos"},"schema":{"@context":"https:\/\/schema.org","@graph":[{"@type":"WebPage","@id":"https:\/\/www.familyhastools.com\/index.php\/product\/apreciacao-de-arte-van-gogh\/","url":"https:\/\/www.familyhastools.com\/index.php\/product\/apreciacao-de-arte-van-gogh\/","name":"Aprecia\u00e7\u00e3o de Arte : Van Gogh - Family Has Tools","isPartOf":{"@id":"https:\/\/www.familyhastools.com\/#website"},"primaryImageOfPage":{"@id":"https:\/\/www.familyhastools.com\/index.php\/product\/apreciacao-de-arte-van-gogh\/#primaryimage"},"image":{"@id":"https:\/\/www.familyhastools.com\/index.php\/product\/apreciacao-de-arte-van-gogh\/#primaryimage"},"thumbnailUrl":"https:\/\/www.familyhastools.com\/wp-content\/uploads\/2021\/07\/Van-gogh.png","datePublished":"2021-07-11T18:36:29+00:00","dateModified":"2023-08-04T14:14:06+00:00","description":"Para ele um quadro deveria ser sempre algo am\u00e1vel, alegre e belo! Vem apreciar a rte de Renoir e tamb\u00e9m praticar t\u00e9cnica desse grande artista.","breadcrumb":{"@id":"https:\/\/www.familyhastools.com\/index.php\/product\/apreciacao-de-arte-van-gogh\/#breadcrumb"},"inLanguage":"pt-BR","potentialAction":[{"@type":"ReadAction","target":["https:\/\/www.familyhastools.com\/index.php\/product\/apreciacao-de-arte-van-gogh\/"]}]},{"@type":"ImageObject","inLanguage":"pt-BR","@id":"https:\/\/www.familyhastools.com\/index.php\/product\/apreciacao-de-arte-van-gogh\/#primaryimage","url":"https:\/\/www.familyhastools.com\/wp-content\/uploads\/2021\/07\/Van-gogh.png","contentUrl":"https:\/\/www.familyhastools.com\/wp-content\/uploads\/2021\/07\/Van-gogh.png","width":1620,"height":1620},{"@type":"BreadcrumbList","@id":"https:\/\/www.familyhastools.com\/index.php\/product\/apreciacao-de-arte-van-gogh\/#breadcrumb","itemListElement":[{"@type":"ListItem","position":1,"name":"In\u00edcio","item":"https:\/\/www.familyhastools.com\/"},{"@type":"ListItem","position":2,"name":"Loja","item":"https:\/\/www.familyhastools.com\/index.php\/loja-2\/"},{"@type":"ListItem","position":3,"name":"Aprecia\u00e7\u00e3o de Arte : Van Gogh"}]},{"@type":"WebSite","@id":"https:\/\/www.familyhastools.com\/#website","url":"https:\/\/www.familyhastools.com\/","name":"Family Has Tools","description":"A jornada de nossa familia homeschooler","publisher":{"@id":"https:\/\/www.familyhastools.com\/#organization"},"potentialAction":[{"@type":"SearchAction","target":{"@type":"EntryPoint","urlTemplate":"https:\/\/www.familyhastools.com\/?s={search_term_string}"},"query-input":{"@type":"PropertyValueSpecification","valueRequired":true,"valueName":"search_term_string"}}],"inLanguage":"pt-BR"},{"@type":"Organization","@id":"https:\/\/www.familyhastools.com\/#organization","name":"Family Has Tools","url":"https:\/\/www.familyhastools.com\/","logo":{"@type":"ImageObject","inLanguage":"pt-BR","@id":"https:\/\/www.familyhastools.com\/#\/schema\/logo\/image\/","url":"https:\/\/www.familyhastools.com\/wp-content\/uploads\/2020\/05\/logo-com-Arthur-_grande.png","contentUrl":"https:\/\/www.familyhastools.com\/wp-content\/uploads\/2020\/05\/logo-com-Arthur-_grande.png","width":2350,"height":1000,"caption":"Family Has Tools"},"image":{"@id":"https:\/\/www.familyhastools.com\/#\/schema\/logo\/image\/"}}]}},"_links":{"self":[{"href":"https:\/\/www.familyhastools.com\/index.php\/wp-json\/wp\/v2\/product\/5916","targetHints":{"allow":["GET"]}}],"collection":[{"href":"https:\/\/www.familyhastools.com\/index.php\/wp-json\/wp\/v2\/product"}],"about":[{"href":"https:\/\/www.familyhastools.com\/index.php\/wp-json\/wp\/v2\/types\/product"}],"wp:featuredmedia":[{"embeddable":true,"href":"https:\/\/www.familyhastools.com\/index.php\/wp-json\/wp\/v2\/media\/5921"}],"wp:attachment":[{"href":"https:\/\/www.familyhastools.com\/index.php\/wp-json\/wp\/v2\/media?parent=5916"}],"wp:term":[{"taxonomy":"product_brand","embeddable":true,"href":"https:\/\/www.familyhastools.com\/index.php\/wp-json\/wp\/v2\/product_brand?post=5916"},{"taxonomy":"product_cat","embeddable":true,"href":"https:\/\/www.familyhastools.com\/index.php\/wp-json\/wp\/v2\/product_cat?post=5916"},{"taxonomy":"product_tag","embeddable":true,"href":"https:\/\/www.familyhastools.com\/index.php\/wp-json\/wp\/v2\/product_tag?post=5916"}],"curies":[{"name":"wp","href":"https:\/\/api.w.org\/{rel}","templated":true}]}}