{"id":5621,"date":"2021-05-09T20:02:22","date_gmt":"2021-05-09T20:02:22","guid":{"rendered":"https:\/\/www.familyhastools.com\/?post_type=product&#038;p=5621"},"modified":"2023-08-04T13:57:44","modified_gmt":"2023-08-04T13:57:44","slug":"indicacao-de-materiais-por-idade","status":"publish","type":"product","link":"https:\/\/www.familyhastools.com\/index.php\/product\/indicacao-de-materiais-por-idade\/","title":{"rendered":"Indica\u00e7\u00e3o de materiais por idade"},"content":{"rendered":"<h2><strong>Saiba<\/strong> qual material \u00e9 mais indicado para a idade de seu filho.<\/h2>\n<h4>Fa\u00e7a o download e saiba qual o material interessante<strong><em> para a idade de seus filhos<\/em><\/strong>.<\/h4>\n<p>N\u00f3s acreditamos que o amor por aprender deve ser cultivado em seus cora\u00e7\u00f5es.<\/p>\n<p>N\u00f3s amamos a curiosidade das crian\u00e7as e queremos estimular essa mente criativa.<\/p>\n<p>N\u00f3s cultivamos o amor por aprender.<\/p>\n<p>O belo, o bom e o verdadeiro s\u00e3o um dos nossos pilares.<\/p>\n<p>Nossos materiais tem uma <strong>abordagem multidisciplinar<\/strong> para ajudar seus filhos \u00e0 conectarem de forma l\u00f3gica as<br \/>\nv\u00e1rias \u00e1reas do conhecimento de maneira l\u00fadica.<\/p>\n<h4>Tudo feito com excel\u00eancia, beleza e de maneira<em><strong> manual e artesanal<\/strong><\/em>.<\/h4>\n<p>Neste <strong>e-book gratuito<\/strong> preparei uma sele\u00e7\u00e3o de sugest\u00f5es de nossos materiais por faixa et\u00e1ria.<\/p>\n","protected":false},"excerpt":{"rendered":"<p>Saiba qual material \u00e9 mais indicado para a idade de seu filho. Fa\u00e7a o download e saiba qual o material interessante para a idade de seus filhos. N\u00f3s acreditamos que o amor por aprender deve ser cultivado em seus cora\u00e7\u00f5es. N\u00f3s amamos a curiosidade das crian\u00e7as e queremos estimular essa mente criativa. N\u00f3s cultivamos o [&hellip;]<\/p>\n","protected":false},"featured_media":5622,"template":"","meta":[],"product_brand":[],"product_cat":[403,408,411,410,412,407,409],"product_tag":[399,400,401,118,119,120,177,130,171,121],"class_list":{"0":"post-5621","1":"product","2":"type-product","3":"status-publish","4":"has-post-thumbnail","6":"product_cat-compre-por-idade","7":"product_cat-calendario-liturgico","8":"product_cat-0-4-anos","9":"product_cat-5-8-anos","10":"product_cat-9-14-anos","11":"product_cat-para-familia-toda","12":"product_cat-adultos","13":"product_tag-curriculo-cristao","14":"product_tag-curriculo-educacao-domiciliar","15":"product_tag-curriculo-homeschool","16":"product_tag-educacao-domiciliar","17":"product_tag-ensino-domiciliar","18":"product_tag-family-has-tools","19":"product_tag-familyhastools","20":"product_tag-material-de-apoio","21":"product_tag-material-didatico","22":"product_tag-rachel-haswell","24":"first","25":"instock","26":"downloadable","27":"virtual","28":"purchasable","29":"product-type-simple"},"yoast_head":"<!-- This site is optimized with the Yoast SEO plugin v25.3 - https:\/\/yoast.com\/wordpress\/plugins\/seo\/ -->\n<title>Indica\u00e7\u00e3o de materiais por idade - Family Has Tools<\/title>\n<meta name=\"robots\" content=\"index, follow, max-snippet:-1, max-image-preview:large, max-video-preview:-1\" \/>\n<link rel=\"canonical\" href=\"https:\/\/www.familyhastools.com\/index.php\/product\/indicacao-de-materiais-por-idade\/\" \/>\n<meta property=\"og:locale\" content=\"pt_BR\" \/>\n<meta property=\"og:type\" content=\"article\" \/>\n<meta property=\"og:title\" content=\"Indica\u00e7\u00e3o de materiais por idade - Family Has Tools\" \/>\n<meta property=\"og:description\" content=\"Saiba qual material \u00e9 mais indicado para a idade de seu filho. Fa\u00e7a o download e saiba qual o material interessante para a idade de seus filhos. N\u00f3s acreditamos que o amor por aprender deve ser cultivado em seus cora\u00e7\u00f5es. N\u00f3s amamos a curiosidade das crian\u00e7as e queremos estimular essa mente criativa. N\u00f3s cultivamos o [&hellip;]\" \/>\n<meta property=\"og:url\" content=\"https:\/\/www.familyhastools.com\/index.php\/product\/indicacao-de-materiais-por-idade\/\" \/>\n<meta property=\"og:site_name\" content=\"Family Has Tools\" \/>\n<meta property=\"article:modified_time\" content=\"2023-08-04T13:57:44+00:00\" \/>\n<meta property=\"og:image\" content=\"https:\/\/www.familyhastools.com\/wp-content\/uploads\/2021\/05\/indica\u00e7\u00e3o-de-material-por-idade.png\" \/>\n\t<meta property=\"og:image:width\" content=\"1587\" \/>\n\t<meta property=\"og:image:height\" content=\"2245\" \/>\n\t<meta property=\"og:image:type\" content=\"image\/png\" \/>\n<meta name=\"twitter:card\" content=\"summary_large_image\" \/>\n<meta name=\"twitter:label1\" content=\"Est. tempo de leitura\" \/>\n\t<meta name=\"twitter:data1\" content=\"1 minuto\" \/>\n<script type=\"application\/ld+json\" class=\"yoast-schema-graph\">{\"@context\":\"https:\/\/schema.org\",\"@graph\":[{\"@type\":\"WebPage\",\"@id\":\"https:\/\/www.familyhastools.com\/index.php\/product\/indicacao-de-materiais-por-idade\/\",\"url\":\"https:\/\/www.familyhastools.com\/index.php\/product\/indicacao-de-materiais-por-idade\/\",\"name\":\"Indica\u00e7\u00e3o de materiais por idade - Family Has Tools\",\"isPartOf\":{\"@id\":\"https:\/\/www.familyhastools.com\/#website\"},\"primaryImageOfPage\":{\"@id\":\"https:\/\/www.familyhastools.com\/index.php\/product\/indicacao-de-materiais-por-idade\/#primaryimage\"},\"image\":{\"@id\":\"https:\/\/www.familyhastools.com\/index.php\/product\/indicacao-de-materiais-por-idade\/#primaryimage\"},\"thumbnailUrl\":\"https:\/\/www.familyhastools.com\/wp-content\/uploads\/2021\/05\/indica\u00e7\u00e3o-de-material-por-idade.png\",\"datePublished\":\"2021-05-09T20:02:22+00:00\",\"dateModified\":\"2023-08-04T13:57:44+00:00\",\"breadcrumb\":{\"@id\":\"https:\/\/www.familyhastools.com\/index.php\/product\/indicacao-de-materiais-por-idade\/#breadcrumb\"},\"inLanguage\":\"pt-BR\",\"potentialAction\":[{\"@type\":\"ReadAction\",\"target\":[\"https:\/\/www.familyhastools.com\/index.php\/product\/indicacao-de-materiais-por-idade\/\"]}]},{\"@type\":\"ImageObject\",\"inLanguage\":\"pt-BR\",\"@id\":\"https:\/\/www.familyhastools.com\/index.php\/product\/indicacao-de-materiais-por-idade\/#primaryimage\",\"url\":\"https:\/\/www.familyhastools.com\/wp-content\/uploads\/2021\/05\/indica\u00e7\u00e3o-de-material-por-idade.png\",\"contentUrl\":\"https:\/\/www.familyhastools.com\/wp-content\/uploads\/2021\/05\/indica\u00e7\u00e3o-de-material-por-idade.png\",\"width\":1587,\"height\":2245},{\"@type\":\"BreadcrumbList\",\"@id\":\"https:\/\/www.familyhastools.com\/index.php\/product\/indicacao-de-materiais-por-idade\/#breadcrumb\",\"itemListElement\":[{\"@type\":\"ListItem\",\"position\":1,\"name\":\"In\u00edcio\",\"item\":\"https:\/\/www.familyhastools.com\/\"},{\"@type\":\"ListItem\",\"position\":2,\"name\":\"Loja\",\"item\":\"https:\/\/www.familyhastools.com\/index.php\/loja-2\/\"},{\"@type\":\"ListItem\",\"position\":3,\"name\":\"Indica\u00e7\u00e3o de materiais por idade\"}]},{\"@type\":\"WebSite\",\"@id\":\"https:\/\/www.familyhastools.com\/#website\",\"url\":\"https:\/\/www.familyhastools.com\/\",\"name\":\"Family Has Tools\",\"description\":\"A jornada de nossa familia homeschooler\",\"publisher\":{\"@id\":\"https:\/\/www.familyhastools.com\/#organization\"},\"potentialAction\":[{\"@type\":\"SearchAction\",\"target\":{\"@type\":\"EntryPoint\",\"urlTemplate\":\"https:\/\/www.familyhastools.com\/?s={search_term_string}\"},\"query-input\":{\"@type\":\"PropertyValueSpecification\",\"valueRequired\":true,\"valueName\":\"search_term_string\"}}],\"inLanguage\":\"pt-BR\"},{\"@type\":\"Organization\",\"@id\":\"https:\/\/www.familyhastools.com\/#organization\",\"name\":\"Family Has Tools\",\"url\":\"https:\/\/www.familyhastools.com\/\",\"logo\":{\"@type\":\"ImageObject\",\"inLanguage\":\"pt-BR\",\"@id\":\"https:\/\/www.familyhastools.com\/#\/schema\/logo\/image\/\",\"url\":\"https:\/\/www.familyhastools.com\/wp-content\/uploads\/2020\/05\/logo-com-Arthur-_grande.png\",\"contentUrl\":\"https:\/\/www.familyhastools.com\/wp-content\/uploads\/2020\/05\/logo-com-Arthur-_grande.png\",\"width\":2350,\"height\":1000,\"caption\":\"Family Has Tools\"},\"image\":{\"@id\":\"https:\/\/www.familyhastools.com\/#\/schema\/logo\/image\/\"}}]}<\/script>\n<!-- \/ Yoast SEO plugin. -->","yoast_head_json":{"title":"Indica\u00e7\u00e3o de materiais por idade - Family Has Tools","robots":{"index":"index","follow":"follow","max-snippet":"max-snippet:-1","max-image-preview":"max-image-preview:large","max-video-preview":"max-video-preview:-1"},"canonical":"https:\/\/www.familyhastools.com\/index.php\/product\/indicacao-de-materiais-por-idade\/","og_locale":"pt_BR","og_type":"article","og_title":"Indica\u00e7\u00e3o de materiais por idade - Family Has Tools","og_description":"Saiba qual material \u00e9 mais indicado para a idade de seu filho. Fa\u00e7a o download e saiba qual o material interessante para a idade de seus filhos. N\u00f3s acreditamos que o amor por aprender deve ser cultivado em seus cora\u00e7\u00f5es. N\u00f3s amamos a curiosidade das crian\u00e7as e queremos estimular essa mente criativa. N\u00f3s cultivamos o [&hellip;]","og_url":"https:\/\/www.familyhastools.com\/index.php\/product\/indicacao-de-materiais-por-idade\/","og_site_name":"Family Has Tools","article_modified_time":"2023-08-04T13:57:44+00:00","og_image":[{"width":1587,"height":2245,"url":"https:\/\/www.familyhastools.com\/wp-content\/uploads\/2021\/05\/indica\u00e7\u00e3o-de-material-por-idade.png","type":"image\/png"}],"twitter_card":"summary_large_image","twitter_misc":{"Est. tempo de leitura":"1 minuto"},"schema":{"@context":"https:\/\/schema.org","@graph":[{"@type":"WebPage","@id":"https:\/\/www.familyhastools.com\/index.php\/product\/indicacao-de-materiais-por-idade\/","url":"https:\/\/www.familyhastools.com\/index.php\/product\/indicacao-de-materiais-por-idade\/","name":"Indica\u00e7\u00e3o de materiais por idade - Family Has Tools","isPartOf":{"@id":"https:\/\/www.familyhastools.com\/#website"},"primaryImageOfPage":{"@id":"https:\/\/www.familyhastools.com\/index.php\/product\/indicacao-de-materiais-por-idade\/#primaryimage"},"image":{"@id":"https:\/\/www.familyhastools.com\/index.php\/product\/indicacao-de-materiais-por-idade\/#primaryimage"},"thumbnailUrl":"https:\/\/www.familyhastools.com\/wp-content\/uploads\/2021\/05\/indica\u00e7\u00e3o-de-material-por-idade.png","datePublished":"2021-05-09T20:02:22+00:00","dateModified":"2023-08-04T13:57:44+00:00","breadcrumb":{"@id":"https:\/\/www.familyhastools.com\/index.php\/product\/indicacao-de-materiais-por-idade\/#breadcrumb"},"inLanguage":"pt-BR","potentialAction":[{"@type":"ReadAction","target":["https:\/\/www.familyhastools.com\/index.php\/product\/indicacao-de-materiais-por-idade\/"]}]},{"@type":"ImageObject","inLanguage":"pt-BR","@id":"https:\/\/www.familyhastools.com\/index.php\/product\/indicacao-de-materiais-por-idade\/#primaryimage","url":"https:\/\/www.familyhastools.com\/wp-content\/uploads\/2021\/05\/indica\u00e7\u00e3o-de-material-por-idade.png","contentUrl":"https:\/\/www.familyhastools.com\/wp-content\/uploads\/2021\/05\/indica\u00e7\u00e3o-de-material-por-idade.png","width":1587,"height":2245},{"@type":"BreadcrumbList","@id":"https:\/\/www.familyhastools.com\/index.php\/product\/indicacao-de-materiais-por-idade\/#breadcrumb","itemListElement":[{"@type":"ListItem","position":1,"name":"In\u00edcio","item":"https:\/\/www.familyhastools.com\/"},{"@type":"ListItem","position":2,"name":"Loja","item":"https:\/\/www.familyhastools.com\/index.php\/loja-2\/"},{"@type":"ListItem","position":3,"name":"Indica\u00e7\u00e3o de materiais por idade"}]},{"@type":"WebSite","@id":"https:\/\/www.familyhastools.com\/#website","url":"https:\/\/www.familyhastools.com\/","name":"Family Has Tools","description":"A jornada de nossa familia homeschooler","publisher":{"@id":"https:\/\/www.familyhastools.com\/#organization"},"potentialAction":[{"@type":"SearchAction","target":{"@type":"EntryPoint","urlTemplate":"https:\/\/www.familyhastools.com\/?s={search_term_string}"},"query-input":{"@type":"PropertyValueSpecification","valueRequired":true,"valueName":"search_term_string"}}],"inLanguage":"pt-BR"},{"@type":"Organization","@id":"https:\/\/www.familyhastools.com\/#organization","name":"Family Has Tools","url":"https:\/\/www.familyhastools.com\/","logo":{"@type":"ImageObject","inLanguage":"pt-BR","@id":"https:\/\/www.familyhastools.com\/#\/schema\/logo\/image\/","url":"https:\/\/www.familyhastools.com\/wp-content\/uploads\/2020\/05\/logo-com-Arthur-_grande.png","contentUrl":"https:\/\/www.familyhastools.com\/wp-content\/uploads\/2020\/05\/logo-com-Arthur-_grande.png","width":2350,"height":1000,"caption":"Family Has Tools"},"image":{"@id":"https:\/\/www.familyhastools.com\/#\/schema\/logo\/image\/"}}]}},"_links":{"self":[{"href":"https:\/\/www.familyhastools.com\/index.php\/wp-json\/wp\/v2\/product\/5621","targetHints":{"allow":["GET"]}}],"collection":[{"href":"https:\/\/www.familyhastools.com\/index.php\/wp-json\/wp\/v2\/product"}],"about":[{"href":"https:\/\/www.familyhastools.com\/index.php\/wp-json\/wp\/v2\/types\/product"}],"wp:featuredmedia":[{"embeddable":true,"href":"https:\/\/www.familyhastools.com\/index.php\/wp-json\/wp\/v2\/media\/5622"}],"wp:attachment":[{"href":"https:\/\/www.familyhastools.com\/index.php\/wp-json\/wp\/v2\/media?parent=5621"}],"wp:term":[{"taxonomy":"product_brand","embeddable":true,"href":"https:\/\/www.familyhastools.com\/index.php\/wp-json\/wp\/v2\/product_brand?post=5621"},{"taxonomy":"product_cat","embeddable":true,"href":"https:\/\/www.familyhastools.com\/index.php\/wp-json\/wp\/v2\/product_cat?post=5621"},{"taxonomy":"product_tag","embeddable":true,"href":"https:\/\/www.familyhastools.com\/index.php\/wp-json\/wp\/v2\/product_tag?post=5621"}],"curies":[{"name":"wp","href":"https:\/\/api.w.org\/{rel}","templated":true}]}}