{"id":5483,"date":"2021-04-15T21:56:53","date_gmt":"2021-04-15T21:56:53","guid":{"rendered":"https:\/\/www.familyhastools.com\/?post_type=product&#038;p=5483"},"modified":"2023-08-04T14:15:02","modified_gmt":"2023-08-04T14:15:02","slug":"memorizacao-biblica-1","status":"publish","type":"product","link":"https:\/\/www.familyhastools.com\/index.php\/product\/memorizacao-biblica-1\/","title":{"rendered":"Memoriza\u00e7\u00e3o B\u00edblica 1"},"content":{"rendered":"<h2><strong>Ajude seu filho memorizar vers\u00edculos b\u00edblicos.<\/strong><\/h2>\n<p><strong>Arquivo em PDF<\/strong><\/p>\n<p><strong>Nesse material eu selecionei 30 vers\u00edculos para cultivar o cora\u00e7\u00e3o das crian\u00e7as.<\/strong><\/p>\n<p><em><strong>Inclui:<\/strong><\/em><\/p>\n<p>Uma v\u00eddeo aula pr\u00e1tica explicando detalhadamente como usar esse material de forma eficaz e tamb\u00e9m sugest\u00f5es<\/p>\n<p>Cards com vers\u00edculos lindamente ilustrados no estilo vintage. Cada ilustra\u00e7\u00e3o foi especialmente pensada para ajudar na memoriza\u00e7\u00e3o do vers\u00edculo.<\/p>\n<p>Vers\u00edculos no formato tiras.<\/p>\n<p>Abas\/ divis\u00f3rias customizadas para o fich\u00e1rio (Di\u00e1rio, Impar, Par, Dias da semana e dias do m\u00eas (31)).<\/p>\n<p>Material completo de caligrafia e memoriza\u00e7\u00e3o para crian\u00e7as pequenas e grande de\u00a0 todos os vers\u00edculos inclusos.<\/p>\n<p>&nbsp;<\/p>\n<p>&nbsp;<\/p>\n<p>&nbsp;<\/p>\n","protected":false},"excerpt":{"rendered":"<p>Ajude seu filho memorizar vers\u00edculos b\u00edblicos. Arquivo em PDF Nesse material eu selecionei 30 vers\u00edculos para cultivar o cora\u00e7\u00e3o das crian\u00e7as. Inclui: Uma v\u00eddeo aula pr\u00e1tica explicando detalhadamente como usar esse material de forma eficaz e tamb\u00e9m sugest\u00f5es Cards com vers\u00edculos lindamente ilustrados no estilo vintage. Cada ilustra\u00e7\u00e3o foi especialmente pensada para ajudar na memoriza\u00e7\u00e3o [&hellip;]<\/p>\n","protected":false},"featured_media":5491,"template":"","meta":[],"product_brand":[],"product_cat":[411,410,407,145,113],"product_tag":[393,394,399,400,401,120,398,322,391,395,396,397,121,392],"class_list":{"0":"post-5483","1":"product","2":"type-product","3":"status-publish","4":"has-post-thumbnail","6":"product_cat-0-4-anos","7":"product_cat-5-8-anos","8":"product_cat-para-familia-toda","9":"product_cat-alfabetizacao","10":"product_cat-diversos","11":"product_tag-aprendendo-a-palavra","12":"product_tag-biblia-para-criancas","13":"product_tag-curriculo-cristao","14":"product_tag-curriculo-educacao-domiciliar","15":"product_tag-curriculo-homeschool","16":"product_tag-family-has-tools","17":"product_tag-family-hastools","18":"product_tag-homeschool-brasil","19":"product_tag-memorizacao","20":"product_tag-memorizacao-biblica","21":"product_tag-memorizacao-da-biblia","22":"product_tag-memorizacao-da-biblia-para-crianas","23":"product_tag-rachel-haswell","24":"product_tag-versiculos-biblicos","26":"first","27":"instock","28":"downloadable","29":"virtual","30":"purchasable","31":"product-type-simple"},"yoast_head":"<!-- This site is optimized with the Yoast SEO plugin v25.3 - https:\/\/yoast.com\/wordpress\/plugins\/seo\/ -->\n<title>Memoriza\u00e7\u00e3o B\u00edblica 1 - Family Has Tools<\/title>\n<meta name=\"description\" content=\"Ajude seu filho memorizar vers\u00edculos b\u00edblicos, aqui tem todas as verramentas para ajudar seu filho memorizar vers\u00edculos e ainda tem uma video aula!\" \/>\n<meta name=\"robots\" content=\"index, follow, max-snippet:-1, max-image-preview:large, max-video-preview:-1\" \/>\n<link rel=\"canonical\" href=\"https:\/\/www.familyhastools.com\/index.php\/product\/memorizacao-biblica-1\/\" \/>\n<meta property=\"og:locale\" content=\"pt_BR\" \/>\n<meta property=\"og:type\" content=\"article\" \/>\n<meta property=\"og:title\" content=\"Memoriza\u00e7\u00e3o B\u00edblica 1 - Family Has Tools\" \/>\n<meta property=\"og:description\" content=\"Ajude seu filho memorizar vers\u00edculos b\u00edblicos, aqui tem todas as verramentas para ajudar seu filho memorizar vers\u00edculos e ainda tem uma video aula!\" \/>\n<meta property=\"og:url\" content=\"https:\/\/www.familyhastools.com\/index.php\/product\/memorizacao-biblica-1\/\" \/>\n<meta property=\"og:site_name\" content=\"Family Has Tools\" \/>\n<meta property=\"article:modified_time\" content=\"2023-08-04T14:15:02+00:00\" \/>\n<meta property=\"og:image\" content=\"https:\/\/www.familyhastools.com\/wp-content\/uploads\/2021\/04\/memoriza\u00e7\u00e3o-b\u00edblica-1-1024x1024.png\" \/>\n\t<meta property=\"og:image:width\" content=\"1024\" \/>\n\t<meta property=\"og:image:height\" content=\"1024\" \/>\n\t<meta property=\"og:image:type\" content=\"image\/png\" \/>\n<meta name=\"twitter:card\" content=\"summary_large_image\" \/>\n<meta name=\"twitter:label1\" content=\"Est. tempo de leitura\" \/>\n\t<meta name=\"twitter:data1\" content=\"1 minuto\" \/>\n<script type=\"application\/ld+json\" class=\"yoast-schema-graph\">{\"@context\":\"https:\/\/schema.org\",\"@graph\":[{\"@type\":\"WebPage\",\"@id\":\"https:\/\/www.familyhastools.com\/index.php\/product\/memorizacao-biblica-1\/\",\"url\":\"https:\/\/www.familyhastools.com\/index.php\/product\/memorizacao-biblica-1\/\",\"name\":\"Memoriza\u00e7\u00e3o B\u00edblica 1 - Family Has Tools\",\"isPartOf\":{\"@id\":\"https:\/\/www.familyhastools.com\/#website\"},\"primaryImageOfPage\":{\"@id\":\"https:\/\/www.familyhastools.com\/index.php\/product\/memorizacao-biblica-1\/#primaryimage\"},\"image\":{\"@id\":\"https:\/\/www.familyhastools.com\/index.php\/product\/memorizacao-biblica-1\/#primaryimage\"},\"thumbnailUrl\":\"https:\/\/www.familyhastools.com\/wp-content\/uploads\/2021\/04\/memoriza\u00e7\u00e3o-b\u00edblica-1.png\",\"datePublished\":\"2021-04-15T21:56:53+00:00\",\"dateModified\":\"2023-08-04T14:15:02+00:00\",\"description\":\"Ajude seu filho memorizar vers\u00edculos b\u00edblicos, aqui tem todas as verramentas para ajudar seu filho memorizar vers\u00edculos e ainda tem uma video aula!\",\"breadcrumb\":{\"@id\":\"https:\/\/www.familyhastools.com\/index.php\/product\/memorizacao-biblica-1\/#breadcrumb\"},\"inLanguage\":\"pt-BR\",\"potentialAction\":[{\"@type\":\"ReadAction\",\"target\":[\"https:\/\/www.familyhastools.com\/index.php\/product\/memorizacao-biblica-1\/\"]}]},{\"@type\":\"ImageObject\",\"inLanguage\":\"pt-BR\",\"@id\":\"https:\/\/www.familyhastools.com\/index.php\/product\/memorizacao-biblica-1\/#primaryimage\",\"url\":\"https:\/\/www.familyhastools.com\/wp-content\/uploads\/2021\/04\/memoriza\u00e7\u00e3o-b\u00edblica-1.png\",\"contentUrl\":\"https:\/\/www.familyhastools.com\/wp-content\/uploads\/2021\/04\/memoriza\u00e7\u00e3o-b\u00edblica-1.png\",\"width\":3240,\"height\":3240},{\"@type\":\"BreadcrumbList\",\"@id\":\"https:\/\/www.familyhastools.com\/index.php\/product\/memorizacao-biblica-1\/#breadcrumb\",\"itemListElement\":[{\"@type\":\"ListItem\",\"position\":1,\"name\":\"In\u00edcio\",\"item\":\"https:\/\/www.familyhastools.com\/\"},{\"@type\":\"ListItem\",\"position\":2,\"name\":\"Loja\",\"item\":\"https:\/\/www.familyhastools.com\/index.php\/loja-2\/\"},{\"@type\":\"ListItem\",\"position\":3,\"name\":\"Memoriza\u00e7\u00e3o B\u00edblica 1\"}]},{\"@type\":\"WebSite\",\"@id\":\"https:\/\/www.familyhastools.com\/#website\",\"url\":\"https:\/\/www.familyhastools.com\/\",\"name\":\"Family Has Tools\",\"description\":\"A jornada de nossa familia homeschooler\",\"publisher\":{\"@id\":\"https:\/\/www.familyhastools.com\/#organization\"},\"potentialAction\":[{\"@type\":\"SearchAction\",\"target\":{\"@type\":\"EntryPoint\",\"urlTemplate\":\"https:\/\/www.familyhastools.com\/?s={search_term_string}\"},\"query-input\":{\"@type\":\"PropertyValueSpecification\",\"valueRequired\":true,\"valueName\":\"search_term_string\"}}],\"inLanguage\":\"pt-BR\"},{\"@type\":\"Organization\",\"@id\":\"https:\/\/www.familyhastools.com\/#organization\",\"name\":\"Family Has Tools\",\"url\":\"https:\/\/www.familyhastools.com\/\",\"logo\":{\"@type\":\"ImageObject\",\"inLanguage\":\"pt-BR\",\"@id\":\"https:\/\/www.familyhastools.com\/#\/schema\/logo\/image\/\",\"url\":\"https:\/\/www.familyhastools.com\/wp-content\/uploads\/2020\/05\/logo-com-Arthur-_grande.png\",\"contentUrl\":\"https:\/\/www.familyhastools.com\/wp-content\/uploads\/2020\/05\/logo-com-Arthur-_grande.png\",\"width\":2350,\"height\":1000,\"caption\":\"Family Has Tools\"},\"image\":{\"@id\":\"https:\/\/www.familyhastools.com\/#\/schema\/logo\/image\/\"}}]}<\/script>\n<!-- \/ Yoast SEO plugin. -->","yoast_head_json":{"title":"Memoriza\u00e7\u00e3o B\u00edblica 1 - Family Has Tools","description":"Ajude seu filho memorizar vers\u00edculos b\u00edblicos, aqui tem todas as verramentas para ajudar seu filho memorizar vers\u00edculos e ainda tem uma video aula!","robots":{"index":"index","follow":"follow","max-snippet":"max-snippet:-1","max-image-preview":"max-image-preview:large","max-video-preview":"max-video-preview:-1"},"canonical":"https:\/\/www.familyhastools.com\/index.php\/product\/memorizacao-biblica-1\/","og_locale":"pt_BR","og_type":"article","og_title":"Memoriza\u00e7\u00e3o B\u00edblica 1 - Family Has Tools","og_description":"Ajude seu filho memorizar vers\u00edculos b\u00edblicos, aqui tem todas as verramentas para ajudar seu filho memorizar vers\u00edculos e ainda tem uma video aula!","og_url":"https:\/\/www.familyhastools.com\/index.php\/product\/memorizacao-biblica-1\/","og_site_name":"Family Has Tools","article_modified_time":"2023-08-04T14:15:02+00:00","og_image":[{"width":1024,"height":1024,"url":"https:\/\/www.familyhastools.com\/wp-content\/uploads\/2021\/04\/memoriza\u00e7\u00e3o-b\u00edblica-1-1024x1024.png","type":"image\/png"}],"twitter_card":"summary_large_image","twitter_misc":{"Est. tempo de leitura":"1 minuto"},"schema":{"@context":"https:\/\/schema.org","@graph":[{"@type":"WebPage","@id":"https:\/\/www.familyhastools.com\/index.php\/product\/memorizacao-biblica-1\/","url":"https:\/\/www.familyhastools.com\/index.php\/product\/memorizacao-biblica-1\/","name":"Memoriza\u00e7\u00e3o B\u00edblica 1 - Family Has Tools","isPartOf":{"@id":"https:\/\/www.familyhastools.com\/#website"},"primaryImageOfPage":{"@id":"https:\/\/www.familyhastools.com\/index.php\/product\/memorizacao-biblica-1\/#primaryimage"},"image":{"@id":"https:\/\/www.familyhastools.com\/index.php\/product\/memorizacao-biblica-1\/#primaryimage"},"thumbnailUrl":"https:\/\/www.familyhastools.com\/wp-content\/uploads\/2021\/04\/memoriza\u00e7\u00e3o-b\u00edblica-1.png","datePublished":"2021-04-15T21:56:53+00:00","dateModified":"2023-08-04T14:15:02+00:00","description":"Ajude seu filho memorizar vers\u00edculos b\u00edblicos, aqui tem todas as verramentas para ajudar seu filho memorizar vers\u00edculos e ainda tem uma video aula!","breadcrumb":{"@id":"https:\/\/www.familyhastools.com\/index.php\/product\/memorizacao-biblica-1\/#breadcrumb"},"inLanguage":"pt-BR","potentialAction":[{"@type":"ReadAction","target":["https:\/\/www.familyhastools.com\/index.php\/product\/memorizacao-biblica-1\/"]}]},{"@type":"ImageObject","inLanguage":"pt-BR","@id":"https:\/\/www.familyhastools.com\/index.php\/product\/memorizacao-biblica-1\/#primaryimage","url":"https:\/\/www.familyhastools.com\/wp-content\/uploads\/2021\/04\/memoriza\u00e7\u00e3o-b\u00edblica-1.png","contentUrl":"https:\/\/www.familyhastools.com\/wp-content\/uploads\/2021\/04\/memoriza\u00e7\u00e3o-b\u00edblica-1.png","width":3240,"height":3240},{"@type":"BreadcrumbList","@id":"https:\/\/www.familyhastools.com\/index.php\/product\/memorizacao-biblica-1\/#breadcrumb","itemListElement":[{"@type":"ListItem","position":1,"name":"In\u00edcio","item":"https:\/\/www.familyhastools.com\/"},{"@type":"ListItem","position":2,"name":"Loja","item":"https:\/\/www.familyhastools.com\/index.php\/loja-2\/"},{"@type":"ListItem","position":3,"name":"Memoriza\u00e7\u00e3o B\u00edblica 1"}]},{"@type":"WebSite","@id":"https:\/\/www.familyhastools.com\/#website","url":"https:\/\/www.familyhastools.com\/","name":"Family Has Tools","description":"A jornada de nossa familia homeschooler","publisher":{"@id":"https:\/\/www.familyhastools.com\/#organization"},"potentialAction":[{"@type":"SearchAction","target":{"@type":"EntryPoint","urlTemplate":"https:\/\/www.familyhastools.com\/?s={search_term_string}"},"query-input":{"@type":"PropertyValueSpecification","valueRequired":true,"valueName":"search_term_string"}}],"inLanguage":"pt-BR"},{"@type":"Organization","@id":"https:\/\/www.familyhastools.com\/#organization","name":"Family Has Tools","url":"https:\/\/www.familyhastools.com\/","logo":{"@type":"ImageObject","inLanguage":"pt-BR","@id":"https:\/\/www.familyhastools.com\/#\/schema\/logo\/image\/","url":"https:\/\/www.familyhastools.com\/wp-content\/uploads\/2020\/05\/logo-com-Arthur-_grande.png","contentUrl":"https:\/\/www.familyhastools.com\/wp-content\/uploads\/2020\/05\/logo-com-Arthur-_grande.png","width":2350,"height":1000,"caption":"Family Has Tools"},"image":{"@id":"https:\/\/www.familyhastools.com\/#\/schema\/logo\/image\/"}}]}},"_links":{"self":[{"href":"https:\/\/www.familyhastools.com\/index.php\/wp-json\/wp\/v2\/product\/5483","targetHints":{"allow":["GET"]}}],"collection":[{"href":"https:\/\/www.familyhastools.com\/index.php\/wp-json\/wp\/v2\/product"}],"about":[{"href":"https:\/\/www.familyhastools.com\/index.php\/wp-json\/wp\/v2\/types\/product"}],"wp:featuredmedia":[{"embeddable":true,"href":"https:\/\/www.familyhastools.com\/index.php\/wp-json\/wp\/v2\/media\/5491"}],"wp:attachment":[{"href":"https:\/\/www.familyhastools.com\/index.php\/wp-json\/wp\/v2\/media?parent=5483"}],"wp:term":[{"taxonomy":"product_brand","embeddable":true,"href":"https:\/\/www.familyhastools.com\/index.php\/wp-json\/wp\/v2\/product_brand?post=5483"},{"taxonomy":"product_cat","embeddable":true,"href":"https:\/\/www.familyhastools.com\/index.php\/wp-json\/wp\/v2\/product_cat?post=5483"},{"taxonomy":"product_tag","embeddable":true,"href":"https:\/\/www.familyhastools.com\/index.php\/wp-json\/wp\/v2\/product_tag?post=5483"}],"curies":[{"name":"wp","href":"https:\/\/api.w.org\/{rel}","templated":true}]}}