{"id":5278,"date":"2021-03-11T01:54:43","date_gmt":"2021-03-11T01:54:43","guid":{"rendered":"https:\/\/www.familyhastools.com\/?post_type=product&#038;p=5278"},"modified":"2023-08-04T14:15:19","modified_gmt":"2023-08-04T14:15:19","slug":"estacoes-do-ano-solsticios-e-equinocios","status":"publish","type":"product","link":"https:\/\/www.familyhastools.com\/index.php\/product\/estacoes-do-ano-solsticios-e-equinocios\/","title":{"rendered":"Esta\u00e7\u00f5es do ano: Solst\u00edcios e equin\u00f3cios"},"content":{"rendered":"<h3>Voc\u00ea j\u00e1 se perguntou como surgem as esta\u00e7\u00f5es do ano? o dia e a\u00a0noite?<\/h3>\n<p>Com este lindo material todo ilustrado a m\u00e3o em aquarela as crian\u00e7as v\u00e3o amar aprender.<\/p>\n<p>Cont\u00e9m 5 ilustra\u00e7\u00f5es: equin\u00f3cio de mar\u00e7o, equin\u00f3cio de setembro, solst\u00edcio de junho, solst\u00edcio de dezembro e a ilustra\u00e7\u00e3o do panorama geral de solst\u00edcios e equin\u00f3cios.<\/p>\n<p>Al\u00e9m de uma breve explica\u00e7\u00e3o de solst\u00edcios e equin\u00f3cios.<\/p>\n<p>Enrique\u00e7a o aprendizado de seus filhos com esse lindo material.<\/p>\n<p><strong>Arquivo em PDF<\/strong>: Download imediato ap\u00f3s a confirma\u00e7\u00e3o de pagamento<\/p>\n<p>Tamanho A4.<\/p>\n<p>&nbsp;<\/p>\n","protected":false},"excerpt":{"rendered":"<p>Voc\u00ea j\u00e1 se perguntou como surgem as esta\u00e7\u00f5es do ano? o dia e a\u00a0noite? Com este lindo material todo ilustrado a m\u00e3o em aquarela as crian\u00e7as v\u00e3o amar aprender. Cont\u00e9m 5 ilustra\u00e7\u00f5es: equin\u00f3cio de mar\u00e7o, equin\u00f3cio de setembro, solst\u00edcio de junho, solst\u00edcio de dezembro e a ilustra\u00e7\u00e3o do panorama geral de solst\u00edcios e equin\u00f3cios. Al\u00e9m [&hellip;]<\/p>\n","protected":false},"featured_media":5282,"template":"","meta":[],"product_brand":[],"product_cat":[134,410,407,238],"product_tag":[136,299,388,118,382,119,383,385,387,201,275,120,177,239,165,322,130,390,389,121,384,386],"class_list":{"0":"post-5278","1":"product","2":"type-product","3":"status-publish","4":"has-post-thumbnail","6":"product_cat-ciencias","7":"product_cat-5-8-anos","8":"product_cat-para-familia-toda","9":"product_cat-geografia","10":"product_tag-ciencias","11":"product_tag-ciencias-na-pratica","12":"product_tag-dia-e-noite","13":"product_tag-educacao-domiciliar","14":"product_tag-educacao-domiciliar-brasil","15":"product_tag-ensino-domiciliar","16":"product_tag-ensino-domiciliar-brasil","17":"product_tag-equinocio","18":"product_tag-estacoes-do-ano","19":"product_tag-estudo-da-natureza","20":"product_tag-estudo-da-natureza-na-pratica","21":"product_tag-family-has-tools","22":"product_tag-familyhastools","23":"product_tag-geografia","24":"product_tag-homeschool","25":"product_tag-homeschool-brasil","26":"product_tag-material-de-apoio","27":"product_tag-material-de-ciencias","28":"product_tag-material-de-ciencias-pra-homeschool","29":"product_tag-rachel-haswell","30":"product_tag-solsticio","31":"product_tag-terra","33":"first","34":"instock","35":"downloadable","36":"virtual","37":"purchasable","38":"product-type-simple"},"yoast_head":"<!-- This site is optimized with the Yoast SEO plugin v25.3 - https:\/\/yoast.com\/wordpress\/plugins\/seo\/ -->\n<title>Esta\u00e7\u00f5es do ano: Solst\u00edcios e equin\u00f3cios - Family Has Tools<\/title>\n<meta name=\"description\" content=\"Voc\u00ea j\u00e1 se perguntou como surgem as esta\u00e7\u00f5es do ano? o dia e a\u00a0noite? Com esse lindo material ilustrado em aquarela as crian\u00e7as v\u00e3o amar aprender\" \/>\n<meta name=\"robots\" content=\"index, follow, max-snippet:-1, max-image-preview:large, max-video-preview:-1\" \/>\n<link rel=\"canonical\" href=\"https:\/\/www.familyhastools.com\/index.php\/product\/estacoes-do-ano-solsticios-e-equinocios\/\" \/>\n<meta property=\"og:locale\" content=\"pt_BR\" \/>\n<meta property=\"og:type\" content=\"article\" \/>\n<meta property=\"og:title\" content=\"Esta\u00e7\u00f5es do ano: Solst\u00edcios e equin\u00f3cios - Family Has Tools\" \/>\n<meta property=\"og:description\" content=\"Voc\u00ea j\u00e1 se perguntou como surgem as esta\u00e7\u00f5es do ano? o dia e a\u00a0noite? Com esse lindo material ilustrado em aquarela as crian\u00e7as v\u00e3o amar aprender\" \/>\n<meta property=\"og:url\" content=\"https:\/\/www.familyhastools.com\/index.php\/product\/estacoes-do-ano-solsticios-e-equinocios\/\" \/>\n<meta property=\"og:site_name\" content=\"Family Has Tools\" \/>\n<meta property=\"article:modified_time\" content=\"2023-08-04T14:15:19+00:00\" \/>\n<meta property=\"og:image\" content=\"https:\/\/www.familyhastools.com\/wp-content\/uploads\/2021\/03\/solst\u00edcios-e-equin\u00f3cios-1.png\" \/>\n\t<meta property=\"og:image:width\" content=\"1080\" \/>\n\t<meta property=\"og:image:height\" content=\"1080\" \/>\n\t<meta property=\"og:image:type\" content=\"image\/png\" \/>\n<meta name=\"twitter:card\" content=\"summary_large_image\" \/>\n<meta name=\"twitter:label1\" content=\"Est. tempo de leitura\" \/>\n\t<meta name=\"twitter:data1\" content=\"1 minuto\" \/>\n<script type=\"application\/ld+json\" class=\"yoast-schema-graph\">{\"@context\":\"https:\/\/schema.org\",\"@graph\":[{\"@type\":\"WebPage\",\"@id\":\"https:\/\/www.familyhastools.com\/index.php\/product\/estacoes-do-ano-solsticios-e-equinocios\/\",\"url\":\"https:\/\/www.familyhastools.com\/index.php\/product\/estacoes-do-ano-solsticios-e-equinocios\/\",\"name\":\"Esta\u00e7\u00f5es do ano: Solst\u00edcios e equin\u00f3cios - Family Has Tools\",\"isPartOf\":{\"@id\":\"https:\/\/www.familyhastools.com\/#website\"},\"primaryImageOfPage\":{\"@id\":\"https:\/\/www.familyhastools.com\/index.php\/product\/estacoes-do-ano-solsticios-e-equinocios\/#primaryimage\"},\"image\":{\"@id\":\"https:\/\/www.familyhastools.com\/index.php\/product\/estacoes-do-ano-solsticios-e-equinocios\/#primaryimage\"},\"thumbnailUrl\":\"https:\/\/www.familyhastools.com\/wp-content\/uploads\/2021\/03\/solst\u00edcios-e-equin\u00f3cios-1.png\",\"datePublished\":\"2021-03-11T01:54:43+00:00\",\"dateModified\":\"2023-08-04T14:15:19+00:00\",\"description\":\"Voc\u00ea j\u00e1 se perguntou como surgem as esta\u00e7\u00f5es do ano? o dia e a\u00a0noite? Com esse lindo material ilustrado em aquarela as crian\u00e7as v\u00e3o amar aprender\",\"breadcrumb\":{\"@id\":\"https:\/\/www.familyhastools.com\/index.php\/product\/estacoes-do-ano-solsticios-e-equinocios\/#breadcrumb\"},\"inLanguage\":\"pt-BR\",\"potentialAction\":[{\"@type\":\"ReadAction\",\"target\":[\"https:\/\/www.familyhastools.com\/index.php\/product\/estacoes-do-ano-solsticios-e-equinocios\/\"]}]},{\"@type\":\"ImageObject\",\"inLanguage\":\"pt-BR\",\"@id\":\"https:\/\/www.familyhastools.com\/index.php\/product\/estacoes-do-ano-solsticios-e-equinocios\/#primaryimage\",\"url\":\"https:\/\/www.familyhastools.com\/wp-content\/uploads\/2021\/03\/solst\u00edcios-e-equin\u00f3cios-1.png\",\"contentUrl\":\"https:\/\/www.familyhastools.com\/wp-content\/uploads\/2021\/03\/solst\u00edcios-e-equin\u00f3cios-1.png\",\"width\":1080,\"height\":1080},{\"@type\":\"BreadcrumbList\",\"@id\":\"https:\/\/www.familyhastools.com\/index.php\/product\/estacoes-do-ano-solsticios-e-equinocios\/#breadcrumb\",\"itemListElement\":[{\"@type\":\"ListItem\",\"position\":1,\"name\":\"In\u00edcio\",\"item\":\"https:\/\/www.familyhastools.com\/\"},{\"@type\":\"ListItem\",\"position\":2,\"name\":\"Loja\",\"item\":\"https:\/\/www.familyhastools.com\/index.php\/loja-2\/\"},{\"@type\":\"ListItem\",\"position\":3,\"name\":\"Esta\u00e7\u00f5es do ano: Solst\u00edcios e equin\u00f3cios\"}]},{\"@type\":\"WebSite\",\"@id\":\"https:\/\/www.familyhastools.com\/#website\",\"url\":\"https:\/\/www.familyhastools.com\/\",\"name\":\"Family Has Tools\",\"description\":\"A jornada de nossa familia homeschooler\",\"publisher\":{\"@id\":\"https:\/\/www.familyhastools.com\/#organization\"},\"potentialAction\":[{\"@type\":\"SearchAction\",\"target\":{\"@type\":\"EntryPoint\",\"urlTemplate\":\"https:\/\/www.familyhastools.com\/?s={search_term_string}\"},\"query-input\":{\"@type\":\"PropertyValueSpecification\",\"valueRequired\":true,\"valueName\":\"search_term_string\"}}],\"inLanguage\":\"pt-BR\"},{\"@type\":\"Organization\",\"@id\":\"https:\/\/www.familyhastools.com\/#organization\",\"name\":\"Family Has Tools\",\"url\":\"https:\/\/www.familyhastools.com\/\",\"logo\":{\"@type\":\"ImageObject\",\"inLanguage\":\"pt-BR\",\"@id\":\"https:\/\/www.familyhastools.com\/#\/schema\/logo\/image\/\",\"url\":\"https:\/\/www.familyhastools.com\/wp-content\/uploads\/2020\/05\/logo-com-Arthur-_grande.png\",\"contentUrl\":\"https:\/\/www.familyhastools.com\/wp-content\/uploads\/2020\/05\/logo-com-Arthur-_grande.png\",\"width\":2350,\"height\":1000,\"caption\":\"Family Has Tools\"},\"image\":{\"@id\":\"https:\/\/www.familyhastools.com\/#\/schema\/logo\/image\/\"}}]}<\/script>\n<!-- \/ Yoast SEO plugin. -->","yoast_head_json":{"title":"Esta\u00e7\u00f5es do ano: Solst\u00edcios e equin\u00f3cios - Family Has Tools","description":"Voc\u00ea j\u00e1 se perguntou como surgem as esta\u00e7\u00f5es do ano? o dia e a\u00a0noite? Com esse lindo material ilustrado em aquarela as crian\u00e7as v\u00e3o amar aprender","robots":{"index":"index","follow":"follow","max-snippet":"max-snippet:-1","max-image-preview":"max-image-preview:large","max-video-preview":"max-video-preview:-1"},"canonical":"https:\/\/www.familyhastools.com\/index.php\/product\/estacoes-do-ano-solsticios-e-equinocios\/","og_locale":"pt_BR","og_type":"article","og_title":"Esta\u00e7\u00f5es do ano: Solst\u00edcios e equin\u00f3cios - Family Has Tools","og_description":"Voc\u00ea j\u00e1 se perguntou como surgem as esta\u00e7\u00f5es do ano? o dia e a\u00a0noite? Com esse lindo material ilustrado em aquarela as crian\u00e7as v\u00e3o amar aprender","og_url":"https:\/\/www.familyhastools.com\/index.php\/product\/estacoes-do-ano-solsticios-e-equinocios\/","og_site_name":"Family Has Tools","article_modified_time":"2023-08-04T14:15:19+00:00","og_image":[{"width":1080,"height":1080,"url":"https:\/\/www.familyhastools.com\/wp-content\/uploads\/2021\/03\/solst\u00edcios-e-equin\u00f3cios-1.png","type":"image\/png"}],"twitter_card":"summary_large_image","twitter_misc":{"Est. tempo de leitura":"1 minuto"},"schema":{"@context":"https:\/\/schema.org","@graph":[{"@type":"WebPage","@id":"https:\/\/www.familyhastools.com\/index.php\/product\/estacoes-do-ano-solsticios-e-equinocios\/","url":"https:\/\/www.familyhastools.com\/index.php\/product\/estacoes-do-ano-solsticios-e-equinocios\/","name":"Esta\u00e7\u00f5es do ano: Solst\u00edcios e equin\u00f3cios - Family Has Tools","isPartOf":{"@id":"https:\/\/www.familyhastools.com\/#website"},"primaryImageOfPage":{"@id":"https:\/\/www.familyhastools.com\/index.php\/product\/estacoes-do-ano-solsticios-e-equinocios\/#primaryimage"},"image":{"@id":"https:\/\/www.familyhastools.com\/index.php\/product\/estacoes-do-ano-solsticios-e-equinocios\/#primaryimage"},"thumbnailUrl":"https:\/\/www.familyhastools.com\/wp-content\/uploads\/2021\/03\/solst\u00edcios-e-equin\u00f3cios-1.png","datePublished":"2021-03-11T01:54:43+00:00","dateModified":"2023-08-04T14:15:19+00:00","description":"Voc\u00ea j\u00e1 se perguntou como surgem as esta\u00e7\u00f5es do ano? o dia e a\u00a0noite? Com esse lindo material ilustrado em aquarela as crian\u00e7as v\u00e3o amar aprender","breadcrumb":{"@id":"https:\/\/www.familyhastools.com\/index.php\/product\/estacoes-do-ano-solsticios-e-equinocios\/#breadcrumb"},"inLanguage":"pt-BR","potentialAction":[{"@type":"ReadAction","target":["https:\/\/www.familyhastools.com\/index.php\/product\/estacoes-do-ano-solsticios-e-equinocios\/"]}]},{"@type":"ImageObject","inLanguage":"pt-BR","@id":"https:\/\/www.familyhastools.com\/index.php\/product\/estacoes-do-ano-solsticios-e-equinocios\/#primaryimage","url":"https:\/\/www.familyhastools.com\/wp-content\/uploads\/2021\/03\/solst\u00edcios-e-equin\u00f3cios-1.png","contentUrl":"https:\/\/www.familyhastools.com\/wp-content\/uploads\/2021\/03\/solst\u00edcios-e-equin\u00f3cios-1.png","width":1080,"height":1080},{"@type":"BreadcrumbList","@id":"https:\/\/www.familyhastools.com\/index.php\/product\/estacoes-do-ano-solsticios-e-equinocios\/#breadcrumb","itemListElement":[{"@type":"ListItem","position":1,"name":"In\u00edcio","item":"https:\/\/www.familyhastools.com\/"},{"@type":"ListItem","position":2,"name":"Loja","item":"https:\/\/www.familyhastools.com\/index.php\/loja-2\/"},{"@type":"ListItem","position":3,"name":"Esta\u00e7\u00f5es do ano: Solst\u00edcios e equin\u00f3cios"}]},{"@type":"WebSite","@id":"https:\/\/www.familyhastools.com\/#website","url":"https:\/\/www.familyhastools.com\/","name":"Family Has Tools","description":"A jornada de nossa familia homeschooler","publisher":{"@id":"https:\/\/www.familyhastools.com\/#organization"},"potentialAction":[{"@type":"SearchAction","target":{"@type":"EntryPoint","urlTemplate":"https:\/\/www.familyhastools.com\/?s={search_term_string}"},"query-input":{"@type":"PropertyValueSpecification","valueRequired":true,"valueName":"search_term_string"}}],"inLanguage":"pt-BR"},{"@type":"Organization","@id":"https:\/\/www.familyhastools.com\/#organization","name":"Family Has Tools","url":"https:\/\/www.familyhastools.com\/","logo":{"@type":"ImageObject","inLanguage":"pt-BR","@id":"https:\/\/www.familyhastools.com\/#\/schema\/logo\/image\/","url":"https:\/\/www.familyhastools.com\/wp-content\/uploads\/2020\/05\/logo-com-Arthur-_grande.png","contentUrl":"https:\/\/www.familyhastools.com\/wp-content\/uploads\/2020\/05\/logo-com-Arthur-_grande.png","width":2350,"height":1000,"caption":"Family Has Tools"},"image":{"@id":"https:\/\/www.familyhastools.com\/#\/schema\/logo\/image\/"}}]}},"_links":{"self":[{"href":"https:\/\/www.familyhastools.com\/index.php\/wp-json\/wp\/v2\/product\/5278","targetHints":{"allow":["GET"]}}],"collection":[{"href":"https:\/\/www.familyhastools.com\/index.php\/wp-json\/wp\/v2\/product"}],"about":[{"href":"https:\/\/www.familyhastools.com\/index.php\/wp-json\/wp\/v2\/types\/product"}],"wp:featuredmedia":[{"embeddable":true,"href":"https:\/\/www.familyhastools.com\/index.php\/wp-json\/wp\/v2\/media\/5282"}],"wp:attachment":[{"href":"https:\/\/www.familyhastools.com\/index.php\/wp-json\/wp\/v2\/media?parent=5278"}],"wp:term":[{"taxonomy":"product_brand","embeddable":true,"href":"https:\/\/www.familyhastools.com\/index.php\/wp-json\/wp\/v2\/product_brand?post=5278"},{"taxonomy":"product_cat","embeddable":true,"href":"https:\/\/www.familyhastools.com\/index.php\/wp-json\/wp\/v2\/product_cat?post=5278"},{"taxonomy":"product_tag","embeddable":true,"href":"https:\/\/www.familyhastools.com\/index.php\/wp-json\/wp\/v2\/product_tag?post=5278"}],"curies":[{"name":"wp","href":"https:\/\/api.w.org\/{rel}","templated":true}]}}