{"id":5190,"date":"2021-03-05T04:13:42","date_gmt":"2021-03-05T04:13:42","guid":{"rendered":"https:\/\/www.familyhastools.com\/?post_type=product&#038;p=5190"},"modified":"2023-08-04T14:16:25","modified_gmt":"2023-08-04T14:16:25","slug":"apreciacao-de-arte-pascoa","status":"publish","type":"product","link":"https:\/\/www.familyhastools.com\/index.php\/product\/apreciacao-de-arte-pascoa\/","title":{"rendered":"Aprecia\u00e7\u00e3o de arte: P\u00e1scoa"},"content":{"rendered":"<p>Venha conhecer mais um trabalho lindo desenvolvido por quem entende e vivencia a arte.<\/p>\n<p><strong>Arquivo em PDF<\/strong> &#8211; Download imediato ap\u00f3s a confirma\u00e7\u00e3o de pagamento.<\/p>\n<p>Apresentamos a Apostila de Aprecia\u00e7\u00e3o de Arte: P\u00e1scoa.<\/p>\n<ul>\n<li><strong>65 obras<\/strong><\/li>\n<li><strong>49 artistas<\/strong><\/li>\n<li>classificadas em <strong>11 per\u00edodos da arte<\/strong><\/li>\n<\/ul>\n<p><strong>em diferentes t\u00e9cnicas<\/strong> ( pintura, afresco, mosaico, escultura, gravura, desenho) que retratam a<em> P\u00e1scoa do povo hebreu, os milagres de Jesus, a sua ceia, o calv\u00e1rio e a Sua Ressurrei\u00e7\u00e3o<\/em>.<\/p>\n<p>Al\u00e9m de apreciar essa bela colet\u00e2nea de obras, te convidamos a fazer<strong> atividades pr\u00e1ticas<\/strong> em fam\u00edlia com v\u00eddeo e tutorial e a acompanhar os dias que antecedem a P\u00e1scoa com<strong> vers\u00edculos b\u00edblicos e obras em desenho<\/strong>.<\/p>\n<p>Acompanha ainda um <strong>livreto com receitas tradicionais<\/strong> da p\u00e1scoa b\u00edblica.<\/p>\n<p>Proporcionando uma experi\u00eancia completa de aprecia\u00e7\u00e3o.<\/p>\n<p>Todas as obras est\u00e3o em <strong>alta resolu\u00e7\u00e3o<\/strong> (A4) e inclui tamb\u00e9m a obra em tamanho cart\u00e3o (pequena &#8211; A6).<\/p>\n<p>&nbsp;<\/p>\n<p>&nbsp;<\/p>\n","protected":false},"excerpt":{"rendered":"<p>Venha conhecer mais um trabalho lindo desenvolvido por quem entende e vivencia a arte. Arquivo em PDF &#8211; Download imediato ap\u00f3s a confirma\u00e7\u00e3o de pagamento. Apresentamos a Apostila de Aprecia\u00e7\u00e3o de Arte: P\u00e1scoa. 65 obras 49 artistas classificadas em 11 per\u00edodos da arte em diferentes t\u00e9cnicas ( pintura, afresco, mosaico, escultura, gravura, desenho) que retratam [&hellip;]<\/p>\n","protected":false},"featured_media":7483,"template":"","meta":[],"product_brand":[],"product_cat":[408,411,410,412,407,409,283],"product_tag":[292,284,378,285,290,381,241,303,379,118,119,120,322,130,377,380,121,347,129],"class_list":{"0":"post-5190","1":"product","2":"type-product","3":"status-publish","4":"has-post-thumbnail","6":"product_cat-calendario-liturgico","7":"product_cat-0-4-anos","8":"product_cat-5-8-anos","9":"product_cat-9-14-anos","10":"product_cat-para-familia-toda","11":"product_cat-adultos","12":"product_cat-arte","13":"product_tag-apostila-de-arte","14":"product_tag-apreciacao-de-arte","15":"product_tag-apreciacao-de-arte-pascoa","16":"product_tag-arte","17":"product_tag-arte-para-criancas","18":"product_tag-arte-para-todos","19":"product_tag-charlotte-mason","20":"product_tag-charlotte-mason-brasil","21":"product_tag-easter","22":"product_tag-educacao-domiciliar","23":"product_tag-ensino-domiciliar","24":"product_tag-family-has-tools","25":"product_tag-homeschool-brasil","26":"product_tag-material-de-apoio","27":"product_tag-pascoa","28":"product_tag-passover","29":"product_tag-rachel-haswell","30":"product_tag-receitas-rachel-haswell","31":"product_tag-workbook","33":"first","34":"instock","35":"downloadable","36":"virtual","37":"purchasable","38":"product-type-simple"},"yoast_head":"<!-- This site is optimized with the Yoast SEO plugin v25.3 - https:\/\/yoast.com\/wordpress\/plugins\/seo\/ -->\n<title>Aprecia\u00e7\u00e3o de arte: P\u00e1scoa - Family Has Tools<\/title>\n<meta name=\"description\" content=\"Vem apreciar essa bela colet\u00e2nea de obras pela hist\u00f3ria da arte e fa\u00e7a atividades pr\u00e1ticas em fam\u00edlia com v\u00eddeo e tutorial. Se prepare para a P\u00e1scoa.\" \/>\n<meta name=\"robots\" content=\"index, follow, max-snippet:-1, max-image-preview:large, max-video-preview:-1\" \/>\n<link rel=\"canonical\" href=\"https:\/\/www.familyhastools.com\/index.php\/product\/apreciacao-de-arte-pascoa\/\" \/>\n<meta property=\"og:locale\" content=\"pt_BR\" \/>\n<meta property=\"og:type\" content=\"article\" \/>\n<meta property=\"og:title\" content=\"Aprecia\u00e7\u00e3o de arte: P\u00e1scoa - Family Has Tools\" \/>\n<meta property=\"og:description\" content=\"Vem apreciar essa bela colet\u00e2nea de obras pela hist\u00f3ria da arte e fa\u00e7a atividades pr\u00e1ticas em fam\u00edlia com v\u00eddeo e tutorial. Se prepare para a P\u00e1scoa.\" \/>\n<meta property=\"og:url\" content=\"https:\/\/www.familyhastools.com\/index.php\/product\/apreciacao-de-arte-pascoa\/\" \/>\n<meta property=\"og:site_name\" content=\"Family Has Tools\" \/>\n<meta property=\"article:modified_time\" content=\"2023-08-04T14:16:25+00:00\" \/>\n<meta property=\"og:image\" content=\"https:\/\/www.familyhastools.com\/wp-content\/uploads\/2021\/03\/WhatsApp-Image-2022-03-13-at-22.27.51.jpeg\" \/>\n\t<meta property=\"og:image:width\" content=\"1080\" \/>\n\t<meta property=\"og:image:height\" content=\"1080\" \/>\n\t<meta property=\"og:image:type\" content=\"image\/jpeg\" \/>\n<meta name=\"twitter:card\" content=\"summary_large_image\" \/>\n<meta name=\"twitter:label1\" content=\"Est. tempo de leitura\" \/>\n\t<meta name=\"twitter:data1\" content=\"1 minuto\" \/>\n<script type=\"application\/ld+json\" class=\"yoast-schema-graph\">{\"@context\":\"https:\/\/schema.org\",\"@graph\":[{\"@type\":\"WebPage\",\"@id\":\"https:\/\/www.familyhastools.com\/index.php\/product\/apreciacao-de-arte-pascoa\/\",\"url\":\"https:\/\/www.familyhastools.com\/index.php\/product\/apreciacao-de-arte-pascoa\/\",\"name\":\"Aprecia\u00e7\u00e3o de arte: P\u00e1scoa - Family Has Tools\",\"isPartOf\":{\"@id\":\"https:\/\/www.familyhastools.com\/#website\"},\"primaryImageOfPage\":{\"@id\":\"https:\/\/www.familyhastools.com\/index.php\/product\/apreciacao-de-arte-pascoa\/#primaryimage\"},\"image\":{\"@id\":\"https:\/\/www.familyhastools.com\/index.php\/product\/apreciacao-de-arte-pascoa\/#primaryimage\"},\"thumbnailUrl\":\"https:\/\/www.familyhastools.com\/wp-content\/uploads\/2021\/03\/WhatsApp-Image-2022-03-13-at-22.27.51.jpeg\",\"datePublished\":\"2021-03-05T04:13:42+00:00\",\"dateModified\":\"2023-08-04T14:16:25+00:00\",\"description\":\"Vem apreciar essa bela colet\u00e2nea de obras pela hist\u00f3ria da arte e fa\u00e7a atividades pr\u00e1ticas em fam\u00edlia com v\u00eddeo e tutorial. Se prepare para a P\u00e1scoa.\",\"breadcrumb\":{\"@id\":\"https:\/\/www.familyhastools.com\/index.php\/product\/apreciacao-de-arte-pascoa\/#breadcrumb\"},\"inLanguage\":\"pt-BR\",\"potentialAction\":[{\"@type\":\"ReadAction\",\"target\":[\"https:\/\/www.familyhastools.com\/index.php\/product\/apreciacao-de-arte-pascoa\/\"]}]},{\"@type\":\"ImageObject\",\"inLanguage\":\"pt-BR\",\"@id\":\"https:\/\/www.familyhastools.com\/index.php\/product\/apreciacao-de-arte-pascoa\/#primaryimage\",\"url\":\"https:\/\/www.familyhastools.com\/wp-content\/uploads\/2021\/03\/WhatsApp-Image-2022-03-13-at-22.27.51.jpeg\",\"contentUrl\":\"https:\/\/www.familyhastools.com\/wp-content\/uploads\/2021\/03\/WhatsApp-Image-2022-03-13-at-22.27.51.jpeg\",\"width\":1080,\"height\":1080},{\"@type\":\"BreadcrumbList\",\"@id\":\"https:\/\/www.familyhastools.com\/index.php\/product\/apreciacao-de-arte-pascoa\/#breadcrumb\",\"itemListElement\":[{\"@type\":\"ListItem\",\"position\":1,\"name\":\"In\u00edcio\",\"item\":\"https:\/\/www.familyhastools.com\/\"},{\"@type\":\"ListItem\",\"position\":2,\"name\":\"Loja\",\"item\":\"https:\/\/www.familyhastools.com\/index.php\/loja-2\/\"},{\"@type\":\"ListItem\",\"position\":3,\"name\":\"Aprecia\u00e7\u00e3o de arte: P\u00e1scoa\"}]},{\"@type\":\"WebSite\",\"@id\":\"https:\/\/www.familyhastools.com\/#website\",\"url\":\"https:\/\/www.familyhastools.com\/\",\"name\":\"Family Has Tools\",\"description\":\"A jornada de nossa familia homeschooler\",\"publisher\":{\"@id\":\"https:\/\/www.familyhastools.com\/#organization\"},\"potentialAction\":[{\"@type\":\"SearchAction\",\"target\":{\"@type\":\"EntryPoint\",\"urlTemplate\":\"https:\/\/www.familyhastools.com\/?s={search_term_string}\"},\"query-input\":{\"@type\":\"PropertyValueSpecification\",\"valueRequired\":true,\"valueName\":\"search_term_string\"}}],\"inLanguage\":\"pt-BR\"},{\"@type\":\"Organization\",\"@id\":\"https:\/\/www.familyhastools.com\/#organization\",\"name\":\"Family Has Tools\",\"url\":\"https:\/\/www.familyhastools.com\/\",\"logo\":{\"@type\":\"ImageObject\",\"inLanguage\":\"pt-BR\",\"@id\":\"https:\/\/www.familyhastools.com\/#\/schema\/logo\/image\/\",\"url\":\"https:\/\/www.familyhastools.com\/wp-content\/uploads\/2020\/05\/logo-com-Arthur-_grande.png\",\"contentUrl\":\"https:\/\/www.familyhastools.com\/wp-content\/uploads\/2020\/05\/logo-com-Arthur-_grande.png\",\"width\":2350,\"height\":1000,\"caption\":\"Family Has Tools\"},\"image\":{\"@id\":\"https:\/\/www.familyhastools.com\/#\/schema\/logo\/image\/\"}}]}<\/script>\n<!-- \/ Yoast SEO plugin. -->","yoast_head_json":{"title":"Aprecia\u00e7\u00e3o de arte: P\u00e1scoa - Family Has Tools","description":"Vem apreciar essa bela colet\u00e2nea de obras pela hist\u00f3ria da arte e fa\u00e7a atividades pr\u00e1ticas em fam\u00edlia com v\u00eddeo e tutorial. Se prepare para a P\u00e1scoa.","robots":{"index":"index","follow":"follow","max-snippet":"max-snippet:-1","max-image-preview":"max-image-preview:large","max-video-preview":"max-video-preview:-1"},"canonical":"https:\/\/www.familyhastools.com\/index.php\/product\/apreciacao-de-arte-pascoa\/","og_locale":"pt_BR","og_type":"article","og_title":"Aprecia\u00e7\u00e3o de arte: P\u00e1scoa - Family Has Tools","og_description":"Vem apreciar essa bela colet\u00e2nea de obras pela hist\u00f3ria da arte e fa\u00e7a atividades pr\u00e1ticas em fam\u00edlia com v\u00eddeo e tutorial. Se prepare para a P\u00e1scoa.","og_url":"https:\/\/www.familyhastools.com\/index.php\/product\/apreciacao-de-arte-pascoa\/","og_site_name":"Family Has Tools","article_modified_time":"2023-08-04T14:16:25+00:00","og_image":[{"width":1080,"height":1080,"url":"https:\/\/www.familyhastools.com\/wp-content\/uploads\/2021\/03\/WhatsApp-Image-2022-03-13-at-22.27.51.jpeg","type":"image\/jpeg"}],"twitter_card":"summary_large_image","twitter_misc":{"Est. tempo de leitura":"1 minuto"},"schema":{"@context":"https:\/\/schema.org","@graph":[{"@type":"WebPage","@id":"https:\/\/www.familyhastools.com\/index.php\/product\/apreciacao-de-arte-pascoa\/","url":"https:\/\/www.familyhastools.com\/index.php\/product\/apreciacao-de-arte-pascoa\/","name":"Aprecia\u00e7\u00e3o de arte: P\u00e1scoa - Family Has Tools","isPartOf":{"@id":"https:\/\/www.familyhastools.com\/#website"},"primaryImageOfPage":{"@id":"https:\/\/www.familyhastools.com\/index.php\/product\/apreciacao-de-arte-pascoa\/#primaryimage"},"image":{"@id":"https:\/\/www.familyhastools.com\/index.php\/product\/apreciacao-de-arte-pascoa\/#primaryimage"},"thumbnailUrl":"https:\/\/www.familyhastools.com\/wp-content\/uploads\/2021\/03\/WhatsApp-Image-2022-03-13-at-22.27.51.jpeg","datePublished":"2021-03-05T04:13:42+00:00","dateModified":"2023-08-04T14:16:25+00:00","description":"Vem apreciar essa bela colet\u00e2nea de obras pela hist\u00f3ria da arte e fa\u00e7a atividades pr\u00e1ticas em fam\u00edlia com v\u00eddeo e tutorial. Se prepare para a P\u00e1scoa.","breadcrumb":{"@id":"https:\/\/www.familyhastools.com\/index.php\/product\/apreciacao-de-arte-pascoa\/#breadcrumb"},"inLanguage":"pt-BR","potentialAction":[{"@type":"ReadAction","target":["https:\/\/www.familyhastools.com\/index.php\/product\/apreciacao-de-arte-pascoa\/"]}]},{"@type":"ImageObject","inLanguage":"pt-BR","@id":"https:\/\/www.familyhastools.com\/index.php\/product\/apreciacao-de-arte-pascoa\/#primaryimage","url":"https:\/\/www.familyhastools.com\/wp-content\/uploads\/2021\/03\/WhatsApp-Image-2022-03-13-at-22.27.51.jpeg","contentUrl":"https:\/\/www.familyhastools.com\/wp-content\/uploads\/2021\/03\/WhatsApp-Image-2022-03-13-at-22.27.51.jpeg","width":1080,"height":1080},{"@type":"BreadcrumbList","@id":"https:\/\/www.familyhastools.com\/index.php\/product\/apreciacao-de-arte-pascoa\/#breadcrumb","itemListElement":[{"@type":"ListItem","position":1,"name":"In\u00edcio","item":"https:\/\/www.familyhastools.com\/"},{"@type":"ListItem","position":2,"name":"Loja","item":"https:\/\/www.familyhastools.com\/index.php\/loja-2\/"},{"@type":"ListItem","position":3,"name":"Aprecia\u00e7\u00e3o de arte: P\u00e1scoa"}]},{"@type":"WebSite","@id":"https:\/\/www.familyhastools.com\/#website","url":"https:\/\/www.familyhastools.com\/","name":"Family Has Tools","description":"A jornada de nossa familia homeschooler","publisher":{"@id":"https:\/\/www.familyhastools.com\/#organization"},"potentialAction":[{"@type":"SearchAction","target":{"@type":"EntryPoint","urlTemplate":"https:\/\/www.familyhastools.com\/?s={search_term_string}"},"query-input":{"@type":"PropertyValueSpecification","valueRequired":true,"valueName":"search_term_string"}}],"inLanguage":"pt-BR"},{"@type":"Organization","@id":"https:\/\/www.familyhastools.com\/#organization","name":"Family Has Tools","url":"https:\/\/www.familyhastools.com\/","logo":{"@type":"ImageObject","inLanguage":"pt-BR","@id":"https:\/\/www.familyhastools.com\/#\/schema\/logo\/image\/","url":"https:\/\/www.familyhastools.com\/wp-content\/uploads\/2020\/05\/logo-com-Arthur-_grande.png","contentUrl":"https:\/\/www.familyhastools.com\/wp-content\/uploads\/2020\/05\/logo-com-Arthur-_grande.png","width":2350,"height":1000,"caption":"Family Has Tools"},"image":{"@id":"https:\/\/www.familyhastools.com\/#\/schema\/logo\/image\/"}}]}},"_links":{"self":[{"href":"https:\/\/www.familyhastools.com\/index.php\/wp-json\/wp\/v2\/product\/5190","targetHints":{"allow":["GET"]}}],"collection":[{"href":"https:\/\/www.familyhastools.com\/index.php\/wp-json\/wp\/v2\/product"}],"about":[{"href":"https:\/\/www.familyhastools.com\/index.php\/wp-json\/wp\/v2\/types\/product"}],"wp:featuredmedia":[{"embeddable":true,"href":"https:\/\/www.familyhastools.com\/index.php\/wp-json\/wp\/v2\/media\/7483"}],"wp:attachment":[{"href":"https:\/\/www.familyhastools.com\/index.php\/wp-json\/wp\/v2\/media?parent=5190"}],"wp:term":[{"taxonomy":"product_brand","embeddable":true,"href":"https:\/\/www.familyhastools.com\/index.php\/wp-json\/wp\/v2\/product_brand?post=5190"},{"taxonomy":"product_cat","embeddable":true,"href":"https:\/\/www.familyhastools.com\/index.php\/wp-json\/wp\/v2\/product_cat?post=5190"},{"taxonomy":"product_tag","embeddable":true,"href":"https:\/\/www.familyhastools.com\/index.php\/wp-json\/wp\/v2\/product_tag?post=5190"}],"curies":[{"name":"wp","href":"https:\/\/api.w.org\/{rel}","templated":true}]}}