{"id":4363,"date":"2021-01-01T21:54:09","date_gmt":"2021-01-01T21:54:09","guid":{"rendered":"https:\/\/www.familyhastools.com\/?post_type=product&#038;p=4363"},"modified":"2023-08-04T13:57:52","modified_gmt":"2023-08-04T13:57:52","slug":"viva-la-fora-horas-ao-ar-livre","status":"publish","type":"product","link":"https:\/\/www.familyhastools.com\/index.php\/product\/viva-la-fora-horas-ao-ar-livre\/","title":{"rendered":"Viva l\u00e1 fora &#8211; Horas ao ar livre"},"content":{"rendered":"<p class=\"_04xlpA direction-ltr align-center para-style-body\"><span class=\"JsGRdQ\">Um novo ano se inicia e com ele 365 dias de novas possibilidades.<\/span><\/p>\n<p class=\"_04xlpA direction-ltr align-center para-style-body\"><span class=\"JsGRdQ\">Eu quero incentivar voc\u00ea e sua fam\u00edlia a observar e vivenciar a vida ao ar livre, para isso criei esse material.<\/span><\/p>\n<p class=\"_04xlpA direction-ltr align-center para-style-body\"><span class=\"JsGRdQ\">A cada hora que voc\u00eas passarem ao livre um espa\u00e7o dessa roda deve ser colorido ao final do ano voc\u00eas ver\u00e3o tudo o que conclu\u00edram e certamente vivenciar\u00e3o os benef\u00edcios.<\/span><\/p>\n<p class=\"_04xlpA direction-ltr align-center para-style-body\"><span class=\"JsGRdQ\">Aproveito para convidar a aprofundar essa viv\u00eancia com prop\u00f3sito atrav\u00e9s do curso <strong><a href=\"https:\/\/aprenderemfamilia.maestrus.com\/ver\/curso\/estudo-da-natureza-na-pratica-inspirado-em-charlotte-mason\/\" target=\"_blank\" rel=\"noopener noreferrer\">Estudo da Natureza na Pr\u00e1tica.<\/a><\/strong><\/span><\/p>\n<div style=\"width: 640px;\" class=\"wp-video\"><!--[if lt IE 9]><script>document.createElement('video');<\/script><![endif]-->\n<video class=\"wp-video-shortcode\" id=\"video-4363-1\" width=\"640\" height=\"1136\" preload=\"metadata\" controls=\"controls\"><source type=\"video\/mp4\" src=\"https:\/\/www.familyhastools.com\/wp-content\/uploads\/2021\/01\/10000000_229690028604739_4274349333856597451_n.mp4?_=1\" \/><a href=\"https:\/\/www.familyhastools.com\/wp-content\/uploads\/2021\/01\/10000000_229690028604739_4274349333856597451_n.mp4\">https:\/\/www.familyhastools.com\/wp-content\/uploads\/2021\/01\/10000000_229690028604739_4274349333856597451_n.mp4<\/a><\/video><\/div>\n","protected":false},"excerpt":{"rendered":"<p>Um novo ano se inicia e com ele 365 dias de novas possibilidades. Eu quero incentivar voc\u00ea e sua fam\u00edlia a observar e vivenciar a vida ao ar livre, para isso criei esse material. A cada hora que voc\u00eas passarem ao livre um espa\u00e7o dessa roda deve ser colorido ao final do ano voc\u00eas ver\u00e3o [&hellip;]<\/p>\n","protected":false},"featured_media":4365,"template":"","meta":[],"product_brand":[],"product_cat":[134,411,410,412,407,409],"product_tag":[241,303,271,299,201,275,177,121,362],"class_list":{"0":"post-4363","1":"product","2":"type-product","3":"status-publish","4":"has-post-thumbnail","6":"product_cat-ciencias","7":"product_cat-0-4-anos","8":"product_cat-5-8-anos","9":"product_cat-9-14-anos","10":"product_cat-para-familia-toda","11":"product_cat-adultos","12":"product_tag-charlotte-mason","13":"product_tag-charlotte-mason-brasil","14":"product_tag-charlotte-mason-na-pratica","15":"product_tag-ciencias-na-pratica","16":"product_tag-estudo-da-natureza","17":"product_tag-estudo-da-natureza-na-pratica","18":"product_tag-familyhastools","19":"product_tag-rachel-haswell","20":"product_tag-vida-ao-ar-livre","22":"first","23":"instock","24":"downloadable","25":"virtual","26":"purchasable","27":"product-type-simple"},"yoast_head":"<!-- This site is optimized with the Yoast SEO plugin v25.3 - https:\/\/yoast.com\/wordpress\/plugins\/seo\/ -->\n<title>Viva l\u00e1 fora - Horas ao ar livre - Family Has Tools<\/title>\n<meta name=\"robots\" content=\"index, follow, max-snippet:-1, max-image-preview:large, max-video-preview:-1\" \/>\n<link rel=\"canonical\" href=\"https:\/\/www.familyhastools.com\/index.php\/product\/viva-la-fora-horas-ao-ar-livre\/\" \/>\n<meta property=\"og:locale\" content=\"pt_BR\" \/>\n<meta property=\"og:type\" content=\"article\" \/>\n<meta property=\"og:title\" content=\"Viva l\u00e1 fora - Horas ao ar livre - Family Has Tools\" \/>\n<meta property=\"og:description\" content=\"Um novo ano se inicia e com ele 365 dias de novas possibilidades. Eu quero incentivar voc\u00ea e sua fam\u00edlia a observar e vivenciar a vida ao ar livre, para isso criei esse material. A cada hora que voc\u00eas passarem ao livre um espa\u00e7o dessa roda deve ser colorido ao final do ano voc\u00eas ver\u00e3o [&hellip;]\" \/>\n<meta property=\"og:url\" content=\"https:\/\/www.familyhastools.com\/index.php\/product\/viva-la-fora-horas-ao-ar-livre\/\" \/>\n<meta property=\"og:site_name\" content=\"Family Has Tools\" \/>\n<meta property=\"article:modified_time\" content=\"2023-08-04T13:57:52+00:00\" \/>\n<meta property=\"og:image\" content=\"https:\/\/www.familyhastools.com\/wp-content\/uploads\/2021\/01\/13-791x1024.png\" \/>\n\t<meta property=\"og:image:width\" content=\"791\" \/>\n\t<meta property=\"og:image:height\" content=\"1024\" \/>\n\t<meta property=\"og:image:type\" content=\"image\/png\" \/>\n<meta name=\"twitter:card\" content=\"summary_large_image\" \/>\n<meta name=\"twitter:label1\" content=\"Est. tempo de leitura\" \/>\n\t<meta name=\"twitter:data1\" content=\"1 minuto\" \/>\n<script type=\"application\/ld+json\" class=\"yoast-schema-graph\">{\"@context\":\"https:\/\/schema.org\",\"@graph\":[{\"@type\":\"WebPage\",\"@id\":\"https:\/\/www.familyhastools.com\/index.php\/product\/viva-la-fora-horas-ao-ar-livre\/\",\"url\":\"https:\/\/www.familyhastools.com\/index.php\/product\/viva-la-fora-horas-ao-ar-livre\/\",\"name\":\"Viva l\u00e1 fora - Horas ao ar livre - Family Has Tools\",\"isPartOf\":{\"@id\":\"https:\/\/www.familyhastools.com\/#website\"},\"primaryImageOfPage\":{\"@id\":\"https:\/\/www.familyhastools.com\/index.php\/product\/viva-la-fora-horas-ao-ar-livre\/#primaryimage\"},\"image\":{\"@id\":\"https:\/\/www.familyhastools.com\/index.php\/product\/viva-la-fora-horas-ao-ar-livre\/#primaryimage\"},\"thumbnailUrl\":\"https:\/\/www.familyhastools.com\/wp-content\/uploads\/2021\/01\/13.png\",\"datePublished\":\"2021-01-01T21:54:09+00:00\",\"dateModified\":\"2023-08-04T13:57:52+00:00\",\"breadcrumb\":{\"@id\":\"https:\/\/www.familyhastools.com\/index.php\/product\/viva-la-fora-horas-ao-ar-livre\/#breadcrumb\"},\"inLanguage\":\"pt-BR\",\"potentialAction\":[{\"@type\":\"ReadAction\",\"target\":[\"https:\/\/www.familyhastools.com\/index.php\/product\/viva-la-fora-horas-ao-ar-livre\/\"]}]},{\"@type\":\"ImageObject\",\"inLanguage\":\"pt-BR\",\"@id\":\"https:\/\/www.familyhastools.com\/index.php\/product\/viva-la-fora-horas-ao-ar-livre\/#primaryimage\",\"url\":\"https:\/\/www.familyhastools.com\/wp-content\/uploads\/2021\/01\/13.png\",\"contentUrl\":\"https:\/\/www.familyhastools.com\/wp-content\/uploads\/2021\/01\/13.png\",\"width\":1545,\"height\":2000},{\"@type\":\"BreadcrumbList\",\"@id\":\"https:\/\/www.familyhastools.com\/index.php\/product\/viva-la-fora-horas-ao-ar-livre\/#breadcrumb\",\"itemListElement\":[{\"@type\":\"ListItem\",\"position\":1,\"name\":\"In\u00edcio\",\"item\":\"https:\/\/www.familyhastools.com\/\"},{\"@type\":\"ListItem\",\"position\":2,\"name\":\"Loja\",\"item\":\"https:\/\/www.familyhastools.com\/index.php\/loja-2\/\"},{\"@type\":\"ListItem\",\"position\":3,\"name\":\"Viva l\u00e1 fora &#8211; Horas ao ar livre\"}]},{\"@type\":\"WebSite\",\"@id\":\"https:\/\/www.familyhastools.com\/#website\",\"url\":\"https:\/\/www.familyhastools.com\/\",\"name\":\"Family Has Tools\",\"description\":\"A jornada de nossa familia homeschooler\",\"publisher\":{\"@id\":\"https:\/\/www.familyhastools.com\/#organization\"},\"potentialAction\":[{\"@type\":\"SearchAction\",\"target\":{\"@type\":\"EntryPoint\",\"urlTemplate\":\"https:\/\/www.familyhastools.com\/?s={search_term_string}\"},\"query-input\":{\"@type\":\"PropertyValueSpecification\",\"valueRequired\":true,\"valueName\":\"search_term_string\"}}],\"inLanguage\":\"pt-BR\"},{\"@type\":\"Organization\",\"@id\":\"https:\/\/www.familyhastools.com\/#organization\",\"name\":\"Family Has Tools\",\"url\":\"https:\/\/www.familyhastools.com\/\",\"logo\":{\"@type\":\"ImageObject\",\"inLanguage\":\"pt-BR\",\"@id\":\"https:\/\/www.familyhastools.com\/#\/schema\/logo\/image\/\",\"url\":\"https:\/\/www.familyhastools.com\/wp-content\/uploads\/2020\/05\/logo-com-Arthur-_grande.png\",\"contentUrl\":\"https:\/\/www.familyhastools.com\/wp-content\/uploads\/2020\/05\/logo-com-Arthur-_grande.png\",\"width\":2350,\"height\":1000,\"caption\":\"Family Has Tools\"},\"image\":{\"@id\":\"https:\/\/www.familyhastools.com\/#\/schema\/logo\/image\/\"}}]}<\/script>\n<!-- \/ Yoast SEO plugin. -->","yoast_head_json":{"title":"Viva l\u00e1 fora - Horas ao ar livre - Family Has Tools","robots":{"index":"index","follow":"follow","max-snippet":"max-snippet:-1","max-image-preview":"max-image-preview:large","max-video-preview":"max-video-preview:-1"},"canonical":"https:\/\/www.familyhastools.com\/index.php\/product\/viva-la-fora-horas-ao-ar-livre\/","og_locale":"pt_BR","og_type":"article","og_title":"Viva l\u00e1 fora - Horas ao ar livre - Family Has Tools","og_description":"Um novo ano se inicia e com ele 365 dias de novas possibilidades. Eu quero incentivar voc\u00ea e sua fam\u00edlia a observar e vivenciar a vida ao ar livre, para isso criei esse material. A cada hora que voc\u00eas passarem ao livre um espa\u00e7o dessa roda deve ser colorido ao final do ano voc\u00eas ver\u00e3o [&hellip;]","og_url":"https:\/\/www.familyhastools.com\/index.php\/product\/viva-la-fora-horas-ao-ar-livre\/","og_site_name":"Family Has Tools","article_modified_time":"2023-08-04T13:57:52+00:00","og_image":[{"width":791,"height":1024,"url":"https:\/\/www.familyhastools.com\/wp-content\/uploads\/2021\/01\/13-791x1024.png","type":"image\/png"}],"twitter_card":"summary_large_image","twitter_misc":{"Est. tempo de leitura":"1 minuto"},"schema":{"@context":"https:\/\/schema.org","@graph":[{"@type":"WebPage","@id":"https:\/\/www.familyhastools.com\/index.php\/product\/viva-la-fora-horas-ao-ar-livre\/","url":"https:\/\/www.familyhastools.com\/index.php\/product\/viva-la-fora-horas-ao-ar-livre\/","name":"Viva l\u00e1 fora - Horas ao ar livre - Family Has Tools","isPartOf":{"@id":"https:\/\/www.familyhastools.com\/#website"},"primaryImageOfPage":{"@id":"https:\/\/www.familyhastools.com\/index.php\/product\/viva-la-fora-horas-ao-ar-livre\/#primaryimage"},"image":{"@id":"https:\/\/www.familyhastools.com\/index.php\/product\/viva-la-fora-horas-ao-ar-livre\/#primaryimage"},"thumbnailUrl":"https:\/\/www.familyhastools.com\/wp-content\/uploads\/2021\/01\/13.png","datePublished":"2021-01-01T21:54:09+00:00","dateModified":"2023-08-04T13:57:52+00:00","breadcrumb":{"@id":"https:\/\/www.familyhastools.com\/index.php\/product\/viva-la-fora-horas-ao-ar-livre\/#breadcrumb"},"inLanguage":"pt-BR","potentialAction":[{"@type":"ReadAction","target":["https:\/\/www.familyhastools.com\/index.php\/product\/viva-la-fora-horas-ao-ar-livre\/"]}]},{"@type":"ImageObject","inLanguage":"pt-BR","@id":"https:\/\/www.familyhastools.com\/index.php\/product\/viva-la-fora-horas-ao-ar-livre\/#primaryimage","url":"https:\/\/www.familyhastools.com\/wp-content\/uploads\/2021\/01\/13.png","contentUrl":"https:\/\/www.familyhastools.com\/wp-content\/uploads\/2021\/01\/13.png","width":1545,"height":2000},{"@type":"BreadcrumbList","@id":"https:\/\/www.familyhastools.com\/index.php\/product\/viva-la-fora-horas-ao-ar-livre\/#breadcrumb","itemListElement":[{"@type":"ListItem","position":1,"name":"In\u00edcio","item":"https:\/\/www.familyhastools.com\/"},{"@type":"ListItem","position":2,"name":"Loja","item":"https:\/\/www.familyhastools.com\/index.php\/loja-2\/"},{"@type":"ListItem","position":3,"name":"Viva l\u00e1 fora &#8211; Horas ao ar livre"}]},{"@type":"WebSite","@id":"https:\/\/www.familyhastools.com\/#website","url":"https:\/\/www.familyhastools.com\/","name":"Family Has Tools","description":"A jornada de nossa familia homeschooler","publisher":{"@id":"https:\/\/www.familyhastools.com\/#organization"},"potentialAction":[{"@type":"SearchAction","target":{"@type":"EntryPoint","urlTemplate":"https:\/\/www.familyhastools.com\/?s={search_term_string}"},"query-input":{"@type":"PropertyValueSpecification","valueRequired":true,"valueName":"search_term_string"}}],"inLanguage":"pt-BR"},{"@type":"Organization","@id":"https:\/\/www.familyhastools.com\/#organization","name":"Family Has Tools","url":"https:\/\/www.familyhastools.com\/","logo":{"@type":"ImageObject","inLanguage":"pt-BR","@id":"https:\/\/www.familyhastools.com\/#\/schema\/logo\/image\/","url":"https:\/\/www.familyhastools.com\/wp-content\/uploads\/2020\/05\/logo-com-Arthur-_grande.png","contentUrl":"https:\/\/www.familyhastools.com\/wp-content\/uploads\/2020\/05\/logo-com-Arthur-_grande.png","width":2350,"height":1000,"caption":"Family Has Tools"},"image":{"@id":"https:\/\/www.familyhastools.com\/#\/schema\/logo\/image\/"}}]}},"_links":{"self":[{"href":"https:\/\/www.familyhastools.com\/index.php\/wp-json\/wp\/v2\/product\/4363","targetHints":{"allow":["GET"]}}],"collection":[{"href":"https:\/\/www.familyhastools.com\/index.php\/wp-json\/wp\/v2\/product"}],"about":[{"href":"https:\/\/www.familyhastools.com\/index.php\/wp-json\/wp\/v2\/types\/product"}],"wp:featuredmedia":[{"embeddable":true,"href":"https:\/\/www.familyhastools.com\/index.php\/wp-json\/wp\/v2\/media\/4365"}],"wp:attachment":[{"href":"https:\/\/www.familyhastools.com\/index.php\/wp-json\/wp\/v2\/media?parent=4363"}],"wp:term":[{"taxonomy":"product_brand","embeddable":true,"href":"https:\/\/www.familyhastools.com\/index.php\/wp-json\/wp\/v2\/product_brand?post=4363"},{"taxonomy":"product_cat","embeddable":true,"href":"https:\/\/www.familyhastools.com\/index.php\/wp-json\/wp\/v2\/product_cat?post=4363"},{"taxonomy":"product_tag","embeddable":true,"href":"https:\/\/www.familyhastools.com\/index.php\/wp-json\/wp\/v2\/product_tag?post=4363"}],"curies":[{"name":"wp","href":"https:\/\/api.w.org\/{rel}","templated":true}]}}