{"id":3854,"date":"2020-11-22T02:59:36","date_gmt":"2020-11-22T02:59:36","guid":{"rendered":"https:\/\/www.familyhastools.com\/?post_type=product&#038;p=3854"},"modified":"2023-09-27T20:36:38","modified_gmt":"2023-09-27T20:36:38","slug":"complete-vintage-alphabet-flashcards-english","status":"publish","type":"product","link":"https:\/\/www.familyhastools.com\/index.php\/product\/complete-vintage-alphabet-flashcards-english\/","title":{"rendered":"Complete vintage alphabet flashcards &#8211; English"},"content":{"rendered":"<p>In this set are complete alphabet flashcards in both single and double sided format, with beautiful vintage illustrations.<\/p>\n<p>Alfabeto completo em ingl\u00eas inclui face \u00fanica e dupla face, com lindas ilustra\u00e7\u00f5es vintage.<\/p>\n<p>&nbsp;<\/p>\n<div style=\"width: 640px;\" class=\"wp-video\"><!--[if lt IE 9]><script>document.createElement('video');<\/script><![endif]-->\n<video class=\"wp-video-shortcode\" id=\"video-3854-1\" width=\"640\" height=\"1194\" preload=\"metadata\" controls=\"controls\"><source type=\"video\/mp4\" src=\"https:\/\/www.familyhastools.com\/wp-content\/uploads\/2020\/11\/126597548_701966340458391_1924936185917308825_n.mp4?_=1\" \/><a href=\"https:\/\/www.familyhastools.com\/wp-content\/uploads\/2020\/11\/126597548_701966340458391_1924936185917308825_n.mp4\">https:\/\/www.familyhastools.com\/wp-content\/uploads\/2020\/11\/126597548_701966340458391_1924936185917308825_n.mp4<\/a><\/video><\/div>\n","protected":false},"excerpt":{"rendered":"<p>In this set are complete alphabet flashcards in both single and double sided format, with beautiful vintage illustrations. Alfabeto completo em ingl\u00eas inclui face \u00fanica e dupla face, com lindas ilustra\u00e7\u00f5es vintage. &nbsp;<\/p>\n","protected":false},"featured_media":3855,"template":"","meta":[],"product_brand":[],"product_cat":[411,410,407,348,145],"product_tag":[149,351,349,350,118,119,177,322,170,121],"class_list":{"0":"post-3854","1":"product","2":"type-product","3":"status-publish","4":"has-post-thumbnail","6":"product_cat-0-4-anos","7":"product_cat-5-8-anos","8":"product_cat-para-familia-toda","9":"product_cat-ingles","10":"product_cat-alfabetizacao","11":"product_tag-alfabetizacao","12":"product_tag-alfabetizacao-em-ingles","13":"product_tag-alfabeto-ingles","14":"product_tag-educacao-domicilar","15":"product_tag-educacao-domiciliar","16":"product_tag-ensino-domiciliar","17":"product_tag-familyhastools","18":"product_tag-homeschool-brasil","19":"product_tag-homeschooling","20":"product_tag-rachel-haswell","22":"first","23":"instock","24":"downloadable","25":"virtual","26":"purchasable","27":"product-type-simple"},"yoast_head":"<!-- This site is optimized with the Yoast SEO plugin v25.3 - https:\/\/yoast.com\/wordpress\/plugins\/seo\/ -->\n<title>Complete vintage alphabet flashcards - English - Family Has Tools<\/title>\n<meta name=\"robots\" content=\"index, follow, max-snippet:-1, max-image-preview:large, max-video-preview:-1\" \/>\n<link rel=\"canonical\" href=\"https:\/\/www.familyhastools.com\/index.php\/product\/complete-vintage-alphabet-flashcards-english\/\" \/>\n<meta property=\"og:locale\" content=\"pt_BR\" \/>\n<meta property=\"og:type\" content=\"article\" \/>\n<meta property=\"og:title\" content=\"Complete vintage alphabet flashcards - English - Family Has Tools\" \/>\n<meta property=\"og:description\" content=\"In this set are complete alphabet flashcards in both single and double sided format, with beautiful vintage illustrations. Alfabeto completo em ingl\u00eas inclui face \u00fanica e dupla face, com lindas ilustra\u00e7\u00f5es vintage. &nbsp;\" \/>\n<meta property=\"og:url\" content=\"https:\/\/www.familyhastools.com\/index.php\/product\/complete-vintage-alphabet-flashcards-english\/\" \/>\n<meta property=\"og:site_name\" content=\"Family Has Tools\" \/>\n<meta property=\"article:modified_time\" content=\"2023-09-27T20:36:38+00:00\" \/>\n<meta property=\"og:image\" content=\"https:\/\/www.familyhastools.com\/wp-content\/uploads\/2020\/11\/2-1024x1024.png\" \/>\n\t<meta property=\"og:image:width\" content=\"1024\" \/>\n\t<meta property=\"og:image:height\" content=\"1024\" \/>\n\t<meta property=\"og:image:type\" content=\"image\/png\" \/>\n<meta name=\"twitter:card\" content=\"summary_large_image\" \/>\n<script type=\"application\/ld+json\" class=\"yoast-schema-graph\">{\"@context\":\"https:\/\/schema.org\",\"@graph\":[{\"@type\":\"WebPage\",\"@id\":\"https:\/\/www.familyhastools.com\/index.php\/product\/complete-vintage-alphabet-flashcards-english\/\",\"url\":\"https:\/\/www.familyhastools.com\/index.php\/product\/complete-vintage-alphabet-flashcards-english\/\",\"name\":\"Complete vintage alphabet flashcards - English - Family Has Tools\",\"isPartOf\":{\"@id\":\"https:\/\/www.familyhastools.com\/#website\"},\"primaryImageOfPage\":{\"@id\":\"https:\/\/www.familyhastools.com\/index.php\/product\/complete-vintage-alphabet-flashcards-english\/#primaryimage\"},\"image\":{\"@id\":\"https:\/\/www.familyhastools.com\/index.php\/product\/complete-vintage-alphabet-flashcards-english\/#primaryimage\"},\"thumbnailUrl\":\"https:\/\/www.familyhastools.com\/wp-content\/uploads\/2020\/11\/2.png\",\"datePublished\":\"2020-11-22T02:59:36+00:00\",\"dateModified\":\"2023-09-27T20:36:38+00:00\",\"breadcrumb\":{\"@id\":\"https:\/\/www.familyhastools.com\/index.php\/product\/complete-vintage-alphabet-flashcards-english\/#breadcrumb\"},\"inLanguage\":\"pt-BR\",\"potentialAction\":[{\"@type\":\"ReadAction\",\"target\":[\"https:\/\/www.familyhastools.com\/index.php\/product\/complete-vintage-alphabet-flashcards-english\/\"]}]},{\"@type\":\"ImageObject\",\"inLanguage\":\"pt-BR\",\"@id\":\"https:\/\/www.familyhastools.com\/index.php\/product\/complete-vintage-alphabet-flashcards-english\/#primaryimage\",\"url\":\"https:\/\/www.familyhastools.com\/wp-content\/uploads\/2020\/11\/2.png\",\"contentUrl\":\"https:\/\/www.familyhastools.com\/wp-content\/uploads\/2020\/11\/2.png\",\"width\":2160,\"height\":2160},{\"@type\":\"BreadcrumbList\",\"@id\":\"https:\/\/www.familyhastools.com\/index.php\/product\/complete-vintage-alphabet-flashcards-english\/#breadcrumb\",\"itemListElement\":[{\"@type\":\"ListItem\",\"position\":1,\"name\":\"In\u00edcio\",\"item\":\"https:\/\/www.familyhastools.com\/\"},{\"@type\":\"ListItem\",\"position\":2,\"name\":\"Loja\",\"item\":\"https:\/\/www.familyhastools.com\/index.php\/loja-2\/\"},{\"@type\":\"ListItem\",\"position\":3,\"name\":\"Complete vintage alphabet flashcards &#8211; English\"}]},{\"@type\":\"WebSite\",\"@id\":\"https:\/\/www.familyhastools.com\/#website\",\"url\":\"https:\/\/www.familyhastools.com\/\",\"name\":\"Family Has Tools\",\"description\":\"A jornada de nossa familia homeschooler\",\"publisher\":{\"@id\":\"https:\/\/www.familyhastools.com\/#organization\"},\"potentialAction\":[{\"@type\":\"SearchAction\",\"target\":{\"@type\":\"EntryPoint\",\"urlTemplate\":\"https:\/\/www.familyhastools.com\/?s={search_term_string}\"},\"query-input\":{\"@type\":\"PropertyValueSpecification\",\"valueRequired\":true,\"valueName\":\"search_term_string\"}}],\"inLanguage\":\"pt-BR\"},{\"@type\":\"Organization\",\"@id\":\"https:\/\/www.familyhastools.com\/#organization\",\"name\":\"Family Has Tools\",\"url\":\"https:\/\/www.familyhastools.com\/\",\"logo\":{\"@type\":\"ImageObject\",\"inLanguage\":\"pt-BR\",\"@id\":\"https:\/\/www.familyhastools.com\/#\/schema\/logo\/image\/\",\"url\":\"https:\/\/www.familyhastools.com\/wp-content\/uploads\/2020\/05\/logo-com-Arthur-_grande.png\",\"contentUrl\":\"https:\/\/www.familyhastools.com\/wp-content\/uploads\/2020\/05\/logo-com-Arthur-_grande.png\",\"width\":2350,\"height\":1000,\"caption\":\"Family Has Tools\"},\"image\":{\"@id\":\"https:\/\/www.familyhastools.com\/#\/schema\/logo\/image\/\"}}]}<\/script>\n<!-- \/ Yoast SEO plugin. -->","yoast_head_json":{"title":"Complete vintage alphabet flashcards - English - Family Has Tools","robots":{"index":"index","follow":"follow","max-snippet":"max-snippet:-1","max-image-preview":"max-image-preview:large","max-video-preview":"max-video-preview:-1"},"canonical":"https:\/\/www.familyhastools.com\/index.php\/product\/complete-vintage-alphabet-flashcards-english\/","og_locale":"pt_BR","og_type":"article","og_title":"Complete vintage alphabet flashcards - English - Family Has Tools","og_description":"In this set are complete alphabet flashcards in both single and double sided format, with beautiful vintage illustrations. Alfabeto completo em ingl\u00eas inclui face \u00fanica e dupla face, com lindas ilustra\u00e7\u00f5es vintage. &nbsp;","og_url":"https:\/\/www.familyhastools.com\/index.php\/product\/complete-vintage-alphabet-flashcards-english\/","og_site_name":"Family Has Tools","article_modified_time":"2023-09-27T20:36:38+00:00","og_image":[{"width":1024,"height":1024,"url":"https:\/\/www.familyhastools.com\/wp-content\/uploads\/2020\/11\/2-1024x1024.png","type":"image\/png"}],"twitter_card":"summary_large_image","schema":{"@context":"https:\/\/schema.org","@graph":[{"@type":"WebPage","@id":"https:\/\/www.familyhastools.com\/index.php\/product\/complete-vintage-alphabet-flashcards-english\/","url":"https:\/\/www.familyhastools.com\/index.php\/product\/complete-vintage-alphabet-flashcards-english\/","name":"Complete vintage alphabet flashcards - English - Family Has Tools","isPartOf":{"@id":"https:\/\/www.familyhastools.com\/#website"},"primaryImageOfPage":{"@id":"https:\/\/www.familyhastools.com\/index.php\/product\/complete-vintage-alphabet-flashcards-english\/#primaryimage"},"image":{"@id":"https:\/\/www.familyhastools.com\/index.php\/product\/complete-vintage-alphabet-flashcards-english\/#primaryimage"},"thumbnailUrl":"https:\/\/www.familyhastools.com\/wp-content\/uploads\/2020\/11\/2.png","datePublished":"2020-11-22T02:59:36+00:00","dateModified":"2023-09-27T20:36:38+00:00","breadcrumb":{"@id":"https:\/\/www.familyhastools.com\/index.php\/product\/complete-vintage-alphabet-flashcards-english\/#breadcrumb"},"inLanguage":"pt-BR","potentialAction":[{"@type":"ReadAction","target":["https:\/\/www.familyhastools.com\/index.php\/product\/complete-vintage-alphabet-flashcards-english\/"]}]},{"@type":"ImageObject","inLanguage":"pt-BR","@id":"https:\/\/www.familyhastools.com\/index.php\/product\/complete-vintage-alphabet-flashcards-english\/#primaryimage","url":"https:\/\/www.familyhastools.com\/wp-content\/uploads\/2020\/11\/2.png","contentUrl":"https:\/\/www.familyhastools.com\/wp-content\/uploads\/2020\/11\/2.png","width":2160,"height":2160},{"@type":"BreadcrumbList","@id":"https:\/\/www.familyhastools.com\/index.php\/product\/complete-vintage-alphabet-flashcards-english\/#breadcrumb","itemListElement":[{"@type":"ListItem","position":1,"name":"In\u00edcio","item":"https:\/\/www.familyhastools.com\/"},{"@type":"ListItem","position":2,"name":"Loja","item":"https:\/\/www.familyhastools.com\/index.php\/loja-2\/"},{"@type":"ListItem","position":3,"name":"Complete vintage alphabet flashcards &#8211; English"}]},{"@type":"WebSite","@id":"https:\/\/www.familyhastools.com\/#website","url":"https:\/\/www.familyhastools.com\/","name":"Family Has Tools","description":"A jornada de nossa familia homeschooler","publisher":{"@id":"https:\/\/www.familyhastools.com\/#organization"},"potentialAction":[{"@type":"SearchAction","target":{"@type":"EntryPoint","urlTemplate":"https:\/\/www.familyhastools.com\/?s={search_term_string}"},"query-input":{"@type":"PropertyValueSpecification","valueRequired":true,"valueName":"search_term_string"}}],"inLanguage":"pt-BR"},{"@type":"Organization","@id":"https:\/\/www.familyhastools.com\/#organization","name":"Family Has Tools","url":"https:\/\/www.familyhastools.com\/","logo":{"@type":"ImageObject","inLanguage":"pt-BR","@id":"https:\/\/www.familyhastools.com\/#\/schema\/logo\/image\/","url":"https:\/\/www.familyhastools.com\/wp-content\/uploads\/2020\/05\/logo-com-Arthur-_grande.png","contentUrl":"https:\/\/www.familyhastools.com\/wp-content\/uploads\/2020\/05\/logo-com-Arthur-_grande.png","width":2350,"height":1000,"caption":"Family Has Tools"},"image":{"@id":"https:\/\/www.familyhastools.com\/#\/schema\/logo\/image\/"}}]}},"_links":{"self":[{"href":"https:\/\/www.familyhastools.com\/index.php\/wp-json\/wp\/v2\/product\/3854","targetHints":{"allow":["GET"]}}],"collection":[{"href":"https:\/\/www.familyhastools.com\/index.php\/wp-json\/wp\/v2\/product"}],"about":[{"href":"https:\/\/www.familyhastools.com\/index.php\/wp-json\/wp\/v2\/types\/product"}],"wp:featuredmedia":[{"embeddable":true,"href":"https:\/\/www.familyhastools.com\/index.php\/wp-json\/wp\/v2\/media\/3855"}],"wp:attachment":[{"href":"https:\/\/www.familyhastools.com\/index.php\/wp-json\/wp\/v2\/media?parent=3854"}],"wp:term":[{"taxonomy":"product_brand","embeddable":true,"href":"https:\/\/www.familyhastools.com\/index.php\/wp-json\/wp\/v2\/product_brand?post=3854"},{"taxonomy":"product_cat","embeddable":true,"href":"https:\/\/www.familyhastools.com\/index.php\/wp-json\/wp\/v2\/product_cat?post=3854"},{"taxonomy":"product_tag","embeddable":true,"href":"https:\/\/www.familyhastools.com\/index.php\/wp-json\/wp\/v2\/product_tag?post=3854"}],"curies":[{"name":"wp","href":"https:\/\/api.w.org\/{rel}","templated":true}]}}