{"id":3564,"date":"2020-11-07T00:52:01","date_gmt":"2020-11-07T00:52:01","guid":{"rendered":"https:\/\/www.familyhastools.com\/?post_type=product&#038;p=3564"},"modified":"2023-09-27T20:37:28","modified_gmt":"2023-09-27T20:37:28","slug":"apreciacao-de-arte-claude-monet","status":"publish","type":"product","link":"https:\/\/www.familyhastools.com\/index.php\/product\/apreciacao-de-arte-claude-monet\/","title":{"rendered":"Aprecia\u00e7\u00e3o de Arte : Claude Monet"},"content":{"rendered":"<h5><strong>Arquivo Digital : PDF<\/strong><\/h5>\n<p><strong>Esse material \u00e9 algo \u00fanico e exclusivo,<\/strong>\u00a0 fruto da parceria entre FamilyHasTools e Mosaika Escola de Arte.<\/p>\n<p>Eu e a Carol, resolvemos juntar a nossa experi\u00eancia da aprecia\u00e7\u00e3o art\u00edstica em nossas casas com o conhecimento t\u00e9cnico e pr\u00e1tico da arte educadora C\u00e1tia Usevicius Maia da <em>Mosaika Escola de Arte<\/em> para trazer especialmente esse material para voc\u00eas.<\/p>\n<p><strong>O material visa auxiliar os pais a ensinarem uma aprecia\u00e7\u00e3o dirigida de obras de arte e a fazerem atividades pr\u00e1ticas que fixem o per\u00edodo hist\u00f3rico da arte \u00e0 que pertence o artista.<\/strong><\/p>\n<p>Al\u00e9m de dar ferramentas para que os pais compreendam as caracter\u00edsticas das obras do artista e o per\u00edodo em que ele est\u00e1 inserido, o material contem <strong>v\u00eddeos pr\u00e1ticos<\/strong>\u00a0 de atividades para fazer com seus filhos.<\/p>\n<p><strong>Um material completo para quem quer apreciar de forma pr\u00e1tica as obras deste grande artista e estudar o per\u00edodo da arte \u00e0 que ele pertence .<\/strong><\/p>\n<div style=\"width: 640px;\" class=\"wp-video\"><!--[if lt IE 9]><script>document.createElement('video');<\/script><![endif]-->\n<video class=\"wp-video-shortcode\" id=\"video-3564-1\" width=\"640\" height=\"1194\" preload=\"metadata\" controls=\"controls\"><source type=\"video\/mp4\" src=\"https:\/\/www.familyhastools.com\/wp-content\/uploads\/2020\/11\/124333600_429165881413091_8806071047213978123_n.mp4?_=1\" \/><a href=\"https:\/\/www.familyhastools.com\/wp-content\/uploads\/2020\/11\/124333600_429165881413091_8806071047213978123_n.mp4\">https:\/\/www.familyhastools.com\/wp-content\/uploads\/2020\/11\/124333600_429165881413091_8806071047213978123_n.mp4<\/a><\/video><\/div>\n<p><strong>Inclui:<\/strong><\/p>\n<table width=\"500\">\n<tbody>\n<tr>\n<td width=\"500\">Orienta\u00e7\u00f5es gerais para o uso do material<\/td>\n<\/tr>\n<tr>\n<td width=\"500\">Sugest\u00f5es para observa\u00e7\u00e3o dirigida das obras<\/td>\n<\/tr>\n<tr>\n<td width=\"500\">Dicas de literatura infanto juvenil sobre Monet<\/td>\n<\/tr>\n<tr>\n<td width=\"500\">Sugest\u00f5es de Atividades Extras:<\/td>\n<\/tr>\n<tr>\n<td width=\"500\">-Atividade 1<\/td>\n<\/tr>\n<tr>\n<td width=\"500\">&#8211; Atividade 2<\/td>\n<\/tr>\n<tr>\n<td width=\"500\">Links para os v\u00eddeos 1 e 2<\/td>\n<\/tr>\n<tr>\n<td width=\"500\">Sugest\u00f5es de Atividades Extras Externas<\/td>\n<\/tr>\n<tr>\n<td width=\"500\">Um pouco sobre Claude Monet<\/td>\n<\/tr>\n<tr>\n<td width=\"500\">Obras para aprecia\u00e7\u00e3o<\/td>\n<\/tr>\n<tr>\n<td width=\"500\">Obras em formato cart\u00e3o<\/td>\n<\/tr>\n<\/tbody>\n<\/table>\n<p>Venha enriquecer o aprendizado de seus filhos com esse material \u00fanico e exclusivo que ir\u00e1 proporcionar um olhar diferenciado \u00e0 experi\u00eancia de arte da sua fam\u00edlia.<\/p>\n<p>&nbsp;<\/p>\n","protected":false},"excerpt":{"rendered":"<p>Arquivo Digital : PDF Esse material \u00e9 algo \u00fanico e exclusivo,\u00a0 fruto da parceria entre FamilyHasTools e Mosaika Escola de Arte. Eu e a Carol, resolvemos juntar a nossa experi\u00eancia da aprecia\u00e7\u00e3o art\u00edstica em nossas casas com o conhecimento t\u00e9cnico e pr\u00e1tico da arte educadora C\u00e1tia Usevicius Maia da Mosaika Escola de Arte para trazer [&hellip;]<\/p>\n","protected":false},"featured_media":3569,"template":"","meta":[],"product_brand":[],"product_cat":[411,410,412,407,409,283],"product_tag":[292,284,285,290,289,337,241,335,118,119,120,177,287,288,130,171,336,121,127],"class_list":{"0":"post-3564","1":"product","2":"type-product","3":"status-publish","4":"has-post-thumbnail","6":"product_cat-0-4-anos","7":"product_cat-5-8-anos","8":"product_cat-9-14-anos","9":"product_cat-para-familia-toda","10":"product_cat-adultos","11":"product_cat-arte","12":"product_tag-apostila-de-arte","13":"product_tag-apreciacao-de-arte","14":"product_tag-arte","15":"product_tag-arte-para-criancas","16":"product_tag-artistas-impressionistas","17":"product_tag-atividades-claude-monet","18":"product_tag-charlotte-mason","19":"product_tag-claude-monet","20":"product_tag-educacao-domiciliar","21":"product_tag-ensino-domiciliar","22":"product_tag-family-has-tools","23":"product_tag-familyhastools","24":"product_tag-impressionismo","25":"product_tag-impressionista","26":"product_tag-material-de-apoio","27":"product_tag-material-didatico","28":"product_tag-pintor-claude-monet","29":"product_tag-rachel-haswell","30":"product_tag-unidade-de-estudo","32":"first","33":"instock","34":"downloadable","35":"virtual","36":"purchasable","37":"product-type-simple"},"yoast_head":"<!-- This site is optimized with the Yoast SEO plugin v25.3 - https:\/\/yoast.com\/wordpress\/plugins\/seo\/ -->\n<title>Aprecia\u00e7\u00e3o de Arte : Claude Monet - Family Has Tools<\/title>\n<meta name=\"description\" content=\"Um material completo para quem quer apreciar de forma pr\u00e1tica mais as obras deste grande artista, Claude Monet e estudar o per\u00edodo da arte ele pertence\" \/>\n<meta name=\"robots\" content=\"index, follow, max-snippet:-1, max-image-preview:large, max-video-preview:-1\" \/>\n<link rel=\"canonical\" href=\"https:\/\/www.familyhastools.com\/index.php\/product\/apreciacao-de-arte-claude-monet\/\" \/>\n<meta property=\"og:locale\" content=\"pt_BR\" \/>\n<meta property=\"og:type\" content=\"article\" \/>\n<meta property=\"og:title\" content=\"Aprecia\u00e7\u00e3o de Arte : Claude Monet - Family Has Tools\" \/>\n<meta property=\"og:description\" content=\"Um material completo para quem quer apreciar de forma pr\u00e1tica mais as obras deste grande artista, Claude Monet e estudar o per\u00edodo da arte ele pertence\" \/>\n<meta property=\"og:url\" content=\"https:\/\/www.familyhastools.com\/index.php\/product\/apreciacao-de-arte-claude-monet\/\" \/>\n<meta property=\"og:site_name\" content=\"Family Has Tools\" \/>\n<meta property=\"article:modified_time\" content=\"2023-09-27T20:37:28+00:00\" \/>\n<meta property=\"og:image\" content=\"https:\/\/www.familyhastools.com\/wp-content\/uploads\/2020\/11\/20201107_131116_0000-1024x1024.png\" \/>\n\t<meta property=\"og:image:width\" content=\"1024\" \/>\n\t<meta property=\"og:image:height\" content=\"1024\" \/>\n\t<meta property=\"og:image:type\" content=\"image\/png\" \/>\n<meta name=\"twitter:card\" content=\"summary_large_image\" \/>\n<meta name=\"twitter:label1\" content=\"Est. tempo de leitura\" \/>\n\t<meta name=\"twitter:data1\" content=\"1 minuto\" \/>\n<script type=\"application\/ld+json\" class=\"yoast-schema-graph\">{\"@context\":\"https:\/\/schema.org\",\"@graph\":[{\"@type\":\"WebPage\",\"@id\":\"https:\/\/www.familyhastools.com\/index.php\/product\/apreciacao-de-arte-claude-monet\/\",\"url\":\"https:\/\/www.familyhastools.com\/index.php\/product\/apreciacao-de-arte-claude-monet\/\",\"name\":\"Aprecia\u00e7\u00e3o de Arte : Claude Monet - Family Has Tools\",\"isPartOf\":{\"@id\":\"https:\/\/www.familyhastools.com\/#website\"},\"primaryImageOfPage\":{\"@id\":\"https:\/\/www.familyhastools.com\/index.php\/product\/apreciacao-de-arte-claude-monet\/#primaryimage\"},\"image\":{\"@id\":\"https:\/\/www.familyhastools.com\/index.php\/product\/apreciacao-de-arte-claude-monet\/#primaryimage\"},\"thumbnailUrl\":\"https:\/\/www.familyhastools.com\/wp-content\/uploads\/2020\/11\/20201107_131116_0000.png\",\"datePublished\":\"2020-11-07T00:52:01+00:00\",\"dateModified\":\"2023-09-27T20:37:28+00:00\",\"description\":\"Um material completo para quem quer apreciar de forma pr\u00e1tica mais as obras deste grande artista, Claude Monet e estudar o per\u00edodo da arte ele pertence\",\"breadcrumb\":{\"@id\":\"https:\/\/www.familyhastools.com\/index.php\/product\/apreciacao-de-arte-claude-monet\/#breadcrumb\"},\"inLanguage\":\"pt-BR\",\"potentialAction\":[{\"@type\":\"ReadAction\",\"target\":[\"https:\/\/www.familyhastools.com\/index.php\/product\/apreciacao-de-arte-claude-monet\/\"]}]},{\"@type\":\"ImageObject\",\"inLanguage\":\"pt-BR\",\"@id\":\"https:\/\/www.familyhastools.com\/index.php\/product\/apreciacao-de-arte-claude-monet\/#primaryimage\",\"url\":\"https:\/\/www.familyhastools.com\/wp-content\/uploads\/2020\/11\/20201107_131116_0000.png\",\"contentUrl\":\"https:\/\/www.familyhastools.com\/wp-content\/uploads\/2020\/11\/20201107_131116_0000.png\",\"width\":2160,\"height\":2160},{\"@type\":\"BreadcrumbList\",\"@id\":\"https:\/\/www.familyhastools.com\/index.php\/product\/apreciacao-de-arte-claude-monet\/#breadcrumb\",\"itemListElement\":[{\"@type\":\"ListItem\",\"position\":1,\"name\":\"In\u00edcio\",\"item\":\"https:\/\/www.familyhastools.com\/\"},{\"@type\":\"ListItem\",\"position\":2,\"name\":\"Loja\",\"item\":\"https:\/\/www.familyhastools.com\/index.php\/loja-2\/\"},{\"@type\":\"ListItem\",\"position\":3,\"name\":\"Aprecia\u00e7\u00e3o de Arte : Claude Monet\"}]},{\"@type\":\"WebSite\",\"@id\":\"https:\/\/www.familyhastools.com\/#website\",\"url\":\"https:\/\/www.familyhastools.com\/\",\"name\":\"Family Has Tools\",\"description\":\"A jornada de nossa familia homeschooler\",\"publisher\":{\"@id\":\"https:\/\/www.familyhastools.com\/#organization\"},\"potentialAction\":[{\"@type\":\"SearchAction\",\"target\":{\"@type\":\"EntryPoint\",\"urlTemplate\":\"https:\/\/www.familyhastools.com\/?s={search_term_string}\"},\"query-input\":{\"@type\":\"PropertyValueSpecification\",\"valueRequired\":true,\"valueName\":\"search_term_string\"}}],\"inLanguage\":\"pt-BR\"},{\"@type\":\"Organization\",\"@id\":\"https:\/\/www.familyhastools.com\/#organization\",\"name\":\"Family Has Tools\",\"url\":\"https:\/\/www.familyhastools.com\/\",\"logo\":{\"@type\":\"ImageObject\",\"inLanguage\":\"pt-BR\",\"@id\":\"https:\/\/www.familyhastools.com\/#\/schema\/logo\/image\/\",\"url\":\"https:\/\/www.familyhastools.com\/wp-content\/uploads\/2020\/05\/logo-com-Arthur-_grande.png\",\"contentUrl\":\"https:\/\/www.familyhastools.com\/wp-content\/uploads\/2020\/05\/logo-com-Arthur-_grande.png\",\"width\":2350,\"height\":1000,\"caption\":\"Family Has Tools\"},\"image\":{\"@id\":\"https:\/\/www.familyhastools.com\/#\/schema\/logo\/image\/\"}}]}<\/script>\n<!-- \/ Yoast SEO plugin. -->","yoast_head_json":{"title":"Aprecia\u00e7\u00e3o de Arte : Claude Monet - Family Has Tools","description":"Um material completo para quem quer apreciar de forma pr\u00e1tica mais as obras deste grande artista, Claude Monet e estudar o per\u00edodo da arte ele pertence","robots":{"index":"index","follow":"follow","max-snippet":"max-snippet:-1","max-image-preview":"max-image-preview:large","max-video-preview":"max-video-preview:-1"},"canonical":"https:\/\/www.familyhastools.com\/index.php\/product\/apreciacao-de-arte-claude-monet\/","og_locale":"pt_BR","og_type":"article","og_title":"Aprecia\u00e7\u00e3o de Arte : Claude Monet - Family Has Tools","og_description":"Um material completo para quem quer apreciar de forma pr\u00e1tica mais as obras deste grande artista, Claude Monet e estudar o per\u00edodo da arte ele pertence","og_url":"https:\/\/www.familyhastools.com\/index.php\/product\/apreciacao-de-arte-claude-monet\/","og_site_name":"Family Has Tools","article_modified_time":"2023-09-27T20:37:28+00:00","og_image":[{"width":1024,"height":1024,"url":"https:\/\/www.familyhastools.com\/wp-content\/uploads\/2020\/11\/20201107_131116_0000-1024x1024.png","type":"image\/png"}],"twitter_card":"summary_large_image","twitter_misc":{"Est. tempo de leitura":"1 minuto"},"schema":{"@context":"https:\/\/schema.org","@graph":[{"@type":"WebPage","@id":"https:\/\/www.familyhastools.com\/index.php\/product\/apreciacao-de-arte-claude-monet\/","url":"https:\/\/www.familyhastools.com\/index.php\/product\/apreciacao-de-arte-claude-monet\/","name":"Aprecia\u00e7\u00e3o de Arte : Claude Monet - Family Has Tools","isPartOf":{"@id":"https:\/\/www.familyhastools.com\/#website"},"primaryImageOfPage":{"@id":"https:\/\/www.familyhastools.com\/index.php\/product\/apreciacao-de-arte-claude-monet\/#primaryimage"},"image":{"@id":"https:\/\/www.familyhastools.com\/index.php\/product\/apreciacao-de-arte-claude-monet\/#primaryimage"},"thumbnailUrl":"https:\/\/www.familyhastools.com\/wp-content\/uploads\/2020\/11\/20201107_131116_0000.png","datePublished":"2020-11-07T00:52:01+00:00","dateModified":"2023-09-27T20:37:28+00:00","description":"Um material completo para quem quer apreciar de forma pr\u00e1tica mais as obras deste grande artista, Claude Monet e estudar o per\u00edodo da arte ele pertence","breadcrumb":{"@id":"https:\/\/www.familyhastools.com\/index.php\/product\/apreciacao-de-arte-claude-monet\/#breadcrumb"},"inLanguage":"pt-BR","potentialAction":[{"@type":"ReadAction","target":["https:\/\/www.familyhastools.com\/index.php\/product\/apreciacao-de-arte-claude-monet\/"]}]},{"@type":"ImageObject","inLanguage":"pt-BR","@id":"https:\/\/www.familyhastools.com\/index.php\/product\/apreciacao-de-arte-claude-monet\/#primaryimage","url":"https:\/\/www.familyhastools.com\/wp-content\/uploads\/2020\/11\/20201107_131116_0000.png","contentUrl":"https:\/\/www.familyhastools.com\/wp-content\/uploads\/2020\/11\/20201107_131116_0000.png","width":2160,"height":2160},{"@type":"BreadcrumbList","@id":"https:\/\/www.familyhastools.com\/index.php\/product\/apreciacao-de-arte-claude-monet\/#breadcrumb","itemListElement":[{"@type":"ListItem","position":1,"name":"In\u00edcio","item":"https:\/\/www.familyhastools.com\/"},{"@type":"ListItem","position":2,"name":"Loja","item":"https:\/\/www.familyhastools.com\/index.php\/loja-2\/"},{"@type":"ListItem","position":3,"name":"Aprecia\u00e7\u00e3o de Arte : Claude Monet"}]},{"@type":"WebSite","@id":"https:\/\/www.familyhastools.com\/#website","url":"https:\/\/www.familyhastools.com\/","name":"Family Has Tools","description":"A jornada de nossa familia homeschooler","publisher":{"@id":"https:\/\/www.familyhastools.com\/#organization"},"potentialAction":[{"@type":"SearchAction","target":{"@type":"EntryPoint","urlTemplate":"https:\/\/www.familyhastools.com\/?s={search_term_string}"},"query-input":{"@type":"PropertyValueSpecification","valueRequired":true,"valueName":"search_term_string"}}],"inLanguage":"pt-BR"},{"@type":"Organization","@id":"https:\/\/www.familyhastools.com\/#organization","name":"Family Has Tools","url":"https:\/\/www.familyhastools.com\/","logo":{"@type":"ImageObject","inLanguage":"pt-BR","@id":"https:\/\/www.familyhastools.com\/#\/schema\/logo\/image\/","url":"https:\/\/www.familyhastools.com\/wp-content\/uploads\/2020\/05\/logo-com-Arthur-_grande.png","contentUrl":"https:\/\/www.familyhastools.com\/wp-content\/uploads\/2020\/05\/logo-com-Arthur-_grande.png","width":2350,"height":1000,"caption":"Family Has Tools"},"image":{"@id":"https:\/\/www.familyhastools.com\/#\/schema\/logo\/image\/"}}]}},"_links":{"self":[{"href":"https:\/\/www.familyhastools.com\/index.php\/wp-json\/wp\/v2\/product\/3564","targetHints":{"allow":["GET"]}}],"collection":[{"href":"https:\/\/www.familyhastools.com\/index.php\/wp-json\/wp\/v2\/product"}],"about":[{"href":"https:\/\/www.familyhastools.com\/index.php\/wp-json\/wp\/v2\/types\/product"}],"wp:featuredmedia":[{"embeddable":true,"href":"https:\/\/www.familyhastools.com\/index.php\/wp-json\/wp\/v2\/media\/3569"}],"wp:attachment":[{"href":"https:\/\/www.familyhastools.com\/index.php\/wp-json\/wp\/v2\/media?parent=3564"}],"wp:term":[{"taxonomy":"product_brand","embeddable":true,"href":"https:\/\/www.familyhastools.com\/index.php\/wp-json\/wp\/v2\/product_brand?post=3564"},{"taxonomy":"product_cat","embeddable":true,"href":"https:\/\/www.familyhastools.com\/index.php\/wp-json\/wp\/v2\/product_cat?post=3564"},{"taxonomy":"product_tag","embeddable":true,"href":"https:\/\/www.familyhastools.com\/index.php\/wp-json\/wp\/v2\/product_tag?post=3564"}],"curies":[{"name":"wp","href":"https:\/\/api.w.org\/{rel}","templated":true}]}}