{"id":3387,"date":"2020-10-20T01:19:28","date_gmt":"2020-10-20T01:19:28","guid":{"rendered":"https:\/\/www.familyhastools.com\/?post_type=product&#038;p=3387"},"modified":"2023-08-04T13:58:03","modified_gmt":"2023-08-04T13:58:03","slug":"modelo-didatico-para-rotacao-e-translacao","status":"publish","type":"product","link":"https:\/\/www.familyhastools.com\/index.php\/product\/modelo-didatico-para-rotacao-e-translacao\/","title":{"rendered":"Modelo did\u00e1tico para Rota\u00e7\u00e3o e Transla\u00e7\u00e3o"},"content":{"rendered":"<p>Esse material\u00a0 foi especialmente desenvolvido para ajudar nos estudos dos movimentos da terra e da lua.<\/p>\n<p>\u00b4\u00c9 um material <em>gratuito<\/em> que preparei com todo carinho para voc\u00eas <em>clientes<\/em> e <em>seguidores d<\/em>o nosso perfil do<strong> <a href=\"https:\/\/www.instagram.com\/familyhastools\/\" target=\"_blank\" rel=\"noopener noreferrer\">instagram<\/a><\/strong> \u2764\ufe0f.<\/p>\n<p><strong>Gostou?<\/strong> envia o <strong>link aqui da loja<\/strong> par algu\u00e9m que tamb\u00e9m possa gostar.<\/p>\n<p>Para complementar os estudos conhe\u00e7a tamb\u00e9m o material de apoio <strong><a href=\"https:\/\/www.familyhastools.com\/index.php\/product\/brincando-com-os-astros\/\" target=\"_blank\" rel=\"noopener noreferrer\">Brincando com os astros<\/a>.<\/strong><\/p>\n<p>https:\/\/www.instagram.com\/p\/B9aj_EIpePZ\/?utm_source=ig_web_copy_link<\/p>\n","protected":false},"excerpt":{"rendered":"<p>Esse material\u00a0 foi especialmente desenvolvido para ajudar nos estudos dos movimentos da terra e da lua. \u00b4\u00c9 um material gratuito que preparei com todo carinho para voc\u00eas clientes e seguidores do nosso perfil do instagram \u2764\ufe0f. Gostou? envia o link aqui da loja par algu\u00e9m que tamb\u00e9m possa gostar. Para complementar os estudos conhe\u00e7a tamb\u00e9m [&hellip;]<\/p>\n","protected":false},"featured_media":3389,"template":"","meta":[],"product_brand":[],"product_cat":[134,411,410,412,407,238],"product_tag":[303,305,136,299,294,295,302,304,308,307,300,293,177,309,310,239,306,165,301,170,311,312,263,121,298,297,296],"class_list":{"0":"post-3387","1":"product","2":"type-product","3":"status-publish","4":"has-post-thumbnail","6":"product_cat-ciencias","7":"product_cat-0-4-anos","8":"product_cat-5-8-anos","9":"product_cat-9-14-anos","10":"product_cat-para-familia-toda","11":"product_cat-geografia","12":"product_tag-charlotte-mason-brasil","13":"product_tag-charlottemason","14":"product_tag-ciencias","15":"product_tag-ciencias-na-pratica","16":"product_tag-educacaodomiciliar","17":"product_tag-educacaopersonalizada","18":"product_tag-ensino-classico","19":"product_tag-ensinoclassico","20":"product_tag-ensinodomiciliar","21":"product_tag-ensinopersonalizado","22":"product_tag-estudodanatureza","23":"product_tag-familiaeducadora","24":"product_tag-familyhastools","25":"product_tag-familyhastools-family-has-tools","26":"product_tag-gartuito","27":"product_tag-geografia","28":"product_tag-homeeducation","29":"product_tag-homeschool","30":"product_tag-homeschoolbrasil","31":"product_tag-homeschooling","32":"product_tag-material-de-geografia","33":"product_tag-movimentos-da-terra","34":"product_tag-planeta-terra","35":"product_tag-rachel-haswell","36":"product_tag-rotacao","37":"product_tag-translacao","38":"product_tag-translation","40":"first","41":"instock","42":"downloadable","43":"virtual","44":"purchasable","45":"product-type-simple"},"yoast_head":"<!-- This site is optimized with the Yoast SEO plugin v25.3 - https:\/\/yoast.com\/wordpress\/plugins\/seo\/ -->\n<title>Modelo did\u00e1tico para Rota\u00e7\u00e3o e Transla\u00e7\u00e3o - Family Has Tools<\/title>\n<meta name=\"description\" content=\"Esse material\u00a0did\u00e1tico foi especialmente desenvolvido para ajudar nos estudos dos movimentos da terra e da lua. Material gratuito que preparei com todo carinho.\" \/>\n<meta name=\"robots\" content=\"index, follow, max-snippet:-1, max-image-preview:large, max-video-preview:-1\" \/>\n<link rel=\"canonical\" href=\"https:\/\/www.familyhastools.com\/index.php\/product\/modelo-didatico-para-rotacao-e-translacao\/\" \/>\n<meta property=\"og:locale\" content=\"pt_BR\" \/>\n<meta property=\"og:type\" content=\"article\" \/>\n<meta property=\"og:title\" content=\"Modelo did\u00e1tico para Rota\u00e7\u00e3o e Transla\u00e7\u00e3o - Family Has Tools\" \/>\n<meta property=\"og:description\" content=\"Esse material\u00a0did\u00e1tico foi especialmente desenvolvido para ajudar nos estudos dos movimentos da terra e da lua. Material gratuito que preparei com todo carinho.\" \/>\n<meta property=\"og:url\" content=\"https:\/\/www.familyhastools.com\/index.php\/product\/modelo-didatico-para-rotacao-e-translacao\/\" \/>\n<meta property=\"og:site_name\" content=\"Family Has Tools\" \/>\n<meta property=\"article:modified_time\" content=\"2023-08-04T13:58:03+00:00\" \/>\n<meta property=\"og:image\" content=\"https:\/\/www.familyhastools.com\/wp-content\/uploads\/2020\/10\/capa-Terra-brinde-site.png\" \/>\n\t<meta property=\"og:image:width\" content=\"1601\" \/>\n\t<meta property=\"og:image:height\" content=\"2502\" \/>\n\t<meta property=\"og:image:type\" content=\"image\/png\" \/>\n<meta name=\"twitter:card\" content=\"summary_large_image\" \/>\n<script type=\"application\/ld+json\" class=\"yoast-schema-graph\">{\"@context\":\"https:\/\/schema.org\",\"@graph\":[{\"@type\":\"WebPage\",\"@id\":\"https:\/\/www.familyhastools.com\/index.php\/product\/modelo-didatico-para-rotacao-e-translacao\/\",\"url\":\"https:\/\/www.familyhastools.com\/index.php\/product\/modelo-didatico-para-rotacao-e-translacao\/\",\"name\":\"Modelo did\u00e1tico para Rota\u00e7\u00e3o e Transla\u00e7\u00e3o - Family Has Tools\",\"isPartOf\":{\"@id\":\"https:\/\/www.familyhastools.com\/#website\"},\"primaryImageOfPage\":{\"@id\":\"https:\/\/www.familyhastools.com\/index.php\/product\/modelo-didatico-para-rotacao-e-translacao\/#primaryimage\"},\"image\":{\"@id\":\"https:\/\/www.familyhastools.com\/index.php\/product\/modelo-didatico-para-rotacao-e-translacao\/#primaryimage\"},\"thumbnailUrl\":\"https:\/\/www.familyhastools.com\/wp-content\/uploads\/2020\/10\/capa-Terra-brinde-site.png\",\"datePublished\":\"2020-10-20T01:19:28+00:00\",\"dateModified\":\"2023-08-04T13:58:03+00:00\",\"description\":\"Esse material\u00a0did\u00e1tico foi especialmente desenvolvido para ajudar nos estudos dos movimentos da terra e da lua. Material gratuito que preparei com todo carinho.\",\"breadcrumb\":{\"@id\":\"https:\/\/www.familyhastools.com\/index.php\/product\/modelo-didatico-para-rotacao-e-translacao\/#breadcrumb\"},\"inLanguage\":\"pt-BR\",\"potentialAction\":[{\"@type\":\"ReadAction\",\"target\":[\"https:\/\/www.familyhastools.com\/index.php\/product\/modelo-didatico-para-rotacao-e-translacao\/\"]}]},{\"@type\":\"ImageObject\",\"inLanguage\":\"pt-BR\",\"@id\":\"https:\/\/www.familyhastools.com\/index.php\/product\/modelo-didatico-para-rotacao-e-translacao\/#primaryimage\",\"url\":\"https:\/\/www.familyhastools.com\/wp-content\/uploads\/2020\/10\/capa-Terra-brinde-site.png\",\"contentUrl\":\"https:\/\/www.familyhastools.com\/wp-content\/uploads\/2020\/10\/capa-Terra-brinde-site.png\",\"width\":1601,\"height\":2502},{\"@type\":\"BreadcrumbList\",\"@id\":\"https:\/\/www.familyhastools.com\/index.php\/product\/modelo-didatico-para-rotacao-e-translacao\/#breadcrumb\",\"itemListElement\":[{\"@type\":\"ListItem\",\"position\":1,\"name\":\"In\u00edcio\",\"item\":\"https:\/\/www.familyhastools.com\/\"},{\"@type\":\"ListItem\",\"position\":2,\"name\":\"Loja\",\"item\":\"https:\/\/www.familyhastools.com\/index.php\/loja-2\/\"},{\"@type\":\"ListItem\",\"position\":3,\"name\":\"Modelo did\u00e1tico para Rota\u00e7\u00e3o e Transla\u00e7\u00e3o\"}]},{\"@type\":\"WebSite\",\"@id\":\"https:\/\/www.familyhastools.com\/#website\",\"url\":\"https:\/\/www.familyhastools.com\/\",\"name\":\"Family Has Tools\",\"description\":\"A jornada de nossa familia homeschooler\",\"publisher\":{\"@id\":\"https:\/\/www.familyhastools.com\/#organization\"},\"potentialAction\":[{\"@type\":\"SearchAction\",\"target\":{\"@type\":\"EntryPoint\",\"urlTemplate\":\"https:\/\/www.familyhastools.com\/?s={search_term_string}\"},\"query-input\":{\"@type\":\"PropertyValueSpecification\",\"valueRequired\":true,\"valueName\":\"search_term_string\"}}],\"inLanguage\":\"pt-BR\"},{\"@type\":\"Organization\",\"@id\":\"https:\/\/www.familyhastools.com\/#organization\",\"name\":\"Family Has Tools\",\"url\":\"https:\/\/www.familyhastools.com\/\",\"logo\":{\"@type\":\"ImageObject\",\"inLanguage\":\"pt-BR\",\"@id\":\"https:\/\/www.familyhastools.com\/#\/schema\/logo\/image\/\",\"url\":\"https:\/\/www.familyhastools.com\/wp-content\/uploads\/2020\/05\/logo-com-Arthur-_grande.png\",\"contentUrl\":\"https:\/\/www.familyhastools.com\/wp-content\/uploads\/2020\/05\/logo-com-Arthur-_grande.png\",\"width\":2350,\"height\":1000,\"caption\":\"Family Has Tools\"},\"image\":{\"@id\":\"https:\/\/www.familyhastools.com\/#\/schema\/logo\/image\/\"}}]}<\/script>\n<!-- \/ Yoast SEO plugin. -->","yoast_head_json":{"title":"Modelo did\u00e1tico para Rota\u00e7\u00e3o e Transla\u00e7\u00e3o - Family Has Tools","description":"Esse material\u00a0did\u00e1tico foi especialmente desenvolvido para ajudar nos estudos dos movimentos da terra e da lua. Material gratuito que preparei com todo carinho.","robots":{"index":"index","follow":"follow","max-snippet":"max-snippet:-1","max-image-preview":"max-image-preview:large","max-video-preview":"max-video-preview:-1"},"canonical":"https:\/\/www.familyhastools.com\/index.php\/product\/modelo-didatico-para-rotacao-e-translacao\/","og_locale":"pt_BR","og_type":"article","og_title":"Modelo did\u00e1tico para Rota\u00e7\u00e3o e Transla\u00e7\u00e3o - Family Has Tools","og_description":"Esse material\u00a0did\u00e1tico foi especialmente desenvolvido para ajudar nos estudos dos movimentos da terra e da lua. Material gratuito que preparei com todo carinho.","og_url":"https:\/\/www.familyhastools.com\/index.php\/product\/modelo-didatico-para-rotacao-e-translacao\/","og_site_name":"Family Has Tools","article_modified_time":"2023-08-04T13:58:03+00:00","og_image":[{"width":1601,"height":2502,"url":"https:\/\/www.familyhastools.com\/wp-content\/uploads\/2020\/10\/capa-Terra-brinde-site.png","type":"image\/png"}],"twitter_card":"summary_large_image","schema":{"@context":"https:\/\/schema.org","@graph":[{"@type":"WebPage","@id":"https:\/\/www.familyhastools.com\/index.php\/product\/modelo-didatico-para-rotacao-e-translacao\/","url":"https:\/\/www.familyhastools.com\/index.php\/product\/modelo-didatico-para-rotacao-e-translacao\/","name":"Modelo did\u00e1tico para Rota\u00e7\u00e3o e Transla\u00e7\u00e3o - Family Has Tools","isPartOf":{"@id":"https:\/\/www.familyhastools.com\/#website"},"primaryImageOfPage":{"@id":"https:\/\/www.familyhastools.com\/index.php\/product\/modelo-didatico-para-rotacao-e-translacao\/#primaryimage"},"image":{"@id":"https:\/\/www.familyhastools.com\/index.php\/product\/modelo-didatico-para-rotacao-e-translacao\/#primaryimage"},"thumbnailUrl":"https:\/\/www.familyhastools.com\/wp-content\/uploads\/2020\/10\/capa-Terra-brinde-site.png","datePublished":"2020-10-20T01:19:28+00:00","dateModified":"2023-08-04T13:58:03+00:00","description":"Esse material\u00a0did\u00e1tico foi especialmente desenvolvido para ajudar nos estudos dos movimentos da terra e da lua. Material gratuito que preparei com todo carinho.","breadcrumb":{"@id":"https:\/\/www.familyhastools.com\/index.php\/product\/modelo-didatico-para-rotacao-e-translacao\/#breadcrumb"},"inLanguage":"pt-BR","potentialAction":[{"@type":"ReadAction","target":["https:\/\/www.familyhastools.com\/index.php\/product\/modelo-didatico-para-rotacao-e-translacao\/"]}]},{"@type":"ImageObject","inLanguage":"pt-BR","@id":"https:\/\/www.familyhastools.com\/index.php\/product\/modelo-didatico-para-rotacao-e-translacao\/#primaryimage","url":"https:\/\/www.familyhastools.com\/wp-content\/uploads\/2020\/10\/capa-Terra-brinde-site.png","contentUrl":"https:\/\/www.familyhastools.com\/wp-content\/uploads\/2020\/10\/capa-Terra-brinde-site.png","width":1601,"height":2502},{"@type":"BreadcrumbList","@id":"https:\/\/www.familyhastools.com\/index.php\/product\/modelo-didatico-para-rotacao-e-translacao\/#breadcrumb","itemListElement":[{"@type":"ListItem","position":1,"name":"In\u00edcio","item":"https:\/\/www.familyhastools.com\/"},{"@type":"ListItem","position":2,"name":"Loja","item":"https:\/\/www.familyhastools.com\/index.php\/loja-2\/"},{"@type":"ListItem","position":3,"name":"Modelo did\u00e1tico para Rota\u00e7\u00e3o e Transla\u00e7\u00e3o"}]},{"@type":"WebSite","@id":"https:\/\/www.familyhastools.com\/#website","url":"https:\/\/www.familyhastools.com\/","name":"Family Has Tools","description":"A jornada de nossa familia homeschooler","publisher":{"@id":"https:\/\/www.familyhastools.com\/#organization"},"potentialAction":[{"@type":"SearchAction","target":{"@type":"EntryPoint","urlTemplate":"https:\/\/www.familyhastools.com\/?s={search_term_string}"},"query-input":{"@type":"PropertyValueSpecification","valueRequired":true,"valueName":"search_term_string"}}],"inLanguage":"pt-BR"},{"@type":"Organization","@id":"https:\/\/www.familyhastools.com\/#organization","name":"Family Has Tools","url":"https:\/\/www.familyhastools.com\/","logo":{"@type":"ImageObject","inLanguage":"pt-BR","@id":"https:\/\/www.familyhastools.com\/#\/schema\/logo\/image\/","url":"https:\/\/www.familyhastools.com\/wp-content\/uploads\/2020\/05\/logo-com-Arthur-_grande.png","contentUrl":"https:\/\/www.familyhastools.com\/wp-content\/uploads\/2020\/05\/logo-com-Arthur-_grande.png","width":2350,"height":1000,"caption":"Family Has Tools"},"image":{"@id":"https:\/\/www.familyhastools.com\/#\/schema\/logo\/image\/"}}]}},"_links":{"self":[{"href":"https:\/\/www.familyhastools.com\/index.php\/wp-json\/wp\/v2\/product\/3387","targetHints":{"allow":["GET"]}}],"collection":[{"href":"https:\/\/www.familyhastools.com\/index.php\/wp-json\/wp\/v2\/product"}],"about":[{"href":"https:\/\/www.familyhastools.com\/index.php\/wp-json\/wp\/v2\/types\/product"}],"wp:featuredmedia":[{"embeddable":true,"href":"https:\/\/www.familyhastools.com\/index.php\/wp-json\/wp\/v2\/media\/3389"}],"wp:attachment":[{"href":"https:\/\/www.familyhastools.com\/index.php\/wp-json\/wp\/v2\/media?parent=3387"}],"wp:term":[{"taxonomy":"product_brand","embeddable":true,"href":"https:\/\/www.familyhastools.com\/index.php\/wp-json\/wp\/v2\/product_brand?post=3387"},{"taxonomy":"product_cat","embeddable":true,"href":"https:\/\/www.familyhastools.com\/index.php\/wp-json\/wp\/v2\/product_cat?post=3387"},{"taxonomy":"product_tag","embeddable":true,"href":"https:\/\/www.familyhastools.com\/index.php\/wp-json\/wp\/v2\/product_tag?post=3387"}],"curies":[{"name":"wp","href":"https:\/\/api.w.org\/{rel}","templated":true}]}}