{"id":2749,"date":"2020-09-28T17:45:12","date_gmt":"2020-09-28T17:45:12","guid":{"rendered":"https:\/\/www.familyhastools.com\/?post_type=product&#038;p=2749"},"modified":"2023-09-27T20:38:58","modified_gmt":"2023-09-27T20:38:58","slug":"meu-lugar-ajude-seu-filho-a-comecar-a-se-localizar-no-mapa","status":"publish","type":"product","link":"https:\/\/www.familyhastools.com\/index.php\/product\/meu-lugar-ajude-seu-filho-a-comecar-a-se-localizar-no-mapa\/","title":{"rendered":"Meu lugar: ajude seu filho a come\u00e7ar a se localizar no mapa"},"content":{"rendered":"<p><strong>Arquivo digital (PDF)<\/strong><\/p>\n<p>Esse material foi especialmente desenvolvido para <strong>ajudar as crian\u00e7as pequenas<\/strong> \u00e0 come\u00e7arem a aprender a se localizarem no mapa.<\/p>\n<p>Antes de come\u00e7ar a <strong>ler mapas<\/strong> a crian\u00e7a precisa entender alguns conceitos de localiza\u00e7\u00e3o, esse material que voc\u00ea tem em m\u00e3os ajuda nesse <strong><u>primeiro passo<\/u>.<\/strong><\/p>\n<p>Inclui atividades de motricidade fina, recortes, l\u00f3gica e reconhecimento e caligrafia tudo isso buscando ajudar seu filho a come\u00e7ar a desenvolver um sendo de localiza\u00e7\u00e3o.<\/p>\n<p>&nbsp;<\/p>\n","protected":false},"excerpt":{"rendered":"<p>Arquivo digital (PDF) Esse material foi especialmente desenvolvido para ajudar as crian\u00e7as pequenas \u00e0 come\u00e7arem a aprender a se localizarem no mapa. Antes de come\u00e7ar a ler mapas a crian\u00e7a precisa entender alguns conceitos de localiza\u00e7\u00e3o, esse material que voc\u00ea tem em m\u00e3os ajuda nesse primeiro passo. Inclui atividades de motricidade fina, recortes, l\u00f3gica e [&hellip;]<\/p>\n","protected":false},"featured_media":2752,"template":"","meta":[],"product_brand":[],"product_cat":[411,410,407,238,113],"product_tag":[281,118,119,120,177,239,165,278,277,282,130,171,279,280,121],"class_list":{"0":"post-2749","1":"product","2":"type-product","3":"status-publish","4":"has-post-thumbnail","6":"product_cat-0-4-anos","7":"product_cat-5-8-anos","8":"product_cat-para-familia-toda","9":"product_cat-geografia","10":"product_cat-diversos","11":"product_tag-crianca-no-mapa","12":"product_tag-educacao-domiciliar","13":"product_tag-ensino-domiciliar","14":"product_tag-family-has-tools","15":"product_tag-familyhastools","16":"product_tag-geografia","17":"product_tag-homeschool","18":"product_tag-localizar-no-mapa","19":"product_tag-mapa","20":"product_tag-mapeamento","21":"product_tag-material-de-apoio","22":"product_tag-material-didatico","23":"product_tag-meu-lugar","24":"product_tag-minha-casa","25":"product_tag-rachel-haswell","27":"first","28":"instock","29":"downloadable","30":"virtual","31":"purchasable","32":"product-type-simple"},"yoast_head":"<!-- This site is optimized with the Yoast SEO plugin v25.3 - https:\/\/yoast.com\/wordpress\/plugins\/seo\/ -->\n<title>Meu lugar: ajude seu filho a come\u00e7ar a se localizar no mapa - Family Has Tools<\/title>\n<meta name=\"description\" content=\"Esse material foi especialmente desenvolvido para ajudar as crian\u00e7as pequenas \u00e0 come\u00e7arem a aprender a se localizarem no mapa.\" \/>\n<meta name=\"robots\" content=\"index, follow, max-snippet:-1, max-image-preview:large, max-video-preview:-1\" \/>\n<link rel=\"canonical\" href=\"https:\/\/www.familyhastools.com\/index.php\/product\/meu-lugar-ajude-seu-filho-a-comecar-a-se-localizar-no-mapa\/\" \/>\n<meta property=\"og:locale\" content=\"pt_BR\" \/>\n<meta property=\"og:type\" content=\"article\" \/>\n<meta property=\"og:title\" content=\"Meu lugar: ajude seu filho a come\u00e7ar a se localizar no mapa - Family Has Tools\" \/>\n<meta property=\"og:description\" content=\"Esse material foi especialmente desenvolvido para ajudar as crian\u00e7as pequenas \u00e0 come\u00e7arem a aprender a se localizarem no mapa.\" \/>\n<meta property=\"og:url\" content=\"https:\/\/www.familyhastools.com\/index.php\/product\/meu-lugar-ajude-seu-filho-a-comecar-a-se-localizar-no-mapa\/\" \/>\n<meta property=\"og:site_name\" content=\"Family Has Tools\" \/>\n<meta property=\"article:modified_time\" content=\"2023-09-27T20:38:58+00:00\" \/>\n<meta property=\"og:image\" content=\"https:\/\/www.familyhastools.com\/wp-content\/uploads\/2020\/09\/C\u00f3pia-de-flores-do-campo-1.png\" \/>\n\t<meta property=\"og:image:width\" content=\"1080\" \/>\n\t<meta property=\"og:image:height\" content=\"1080\" \/>\n\t<meta property=\"og:image:type\" content=\"image\/png\" \/>\n<meta name=\"twitter:card\" content=\"summary_large_image\" \/>\n<script type=\"application\/ld+json\" class=\"yoast-schema-graph\">{\"@context\":\"https:\/\/schema.org\",\"@graph\":[{\"@type\":\"WebPage\",\"@id\":\"https:\/\/www.familyhastools.com\/index.php\/product\/meu-lugar-ajude-seu-filho-a-comecar-a-se-localizar-no-mapa\/\",\"url\":\"https:\/\/www.familyhastools.com\/index.php\/product\/meu-lugar-ajude-seu-filho-a-comecar-a-se-localizar-no-mapa\/\",\"name\":\"Meu lugar: ajude seu filho a come\u00e7ar a se localizar no mapa - Family Has Tools\",\"isPartOf\":{\"@id\":\"https:\/\/www.familyhastools.com\/#website\"},\"primaryImageOfPage\":{\"@id\":\"https:\/\/www.familyhastools.com\/index.php\/product\/meu-lugar-ajude-seu-filho-a-comecar-a-se-localizar-no-mapa\/#primaryimage\"},\"image\":{\"@id\":\"https:\/\/www.familyhastools.com\/index.php\/product\/meu-lugar-ajude-seu-filho-a-comecar-a-se-localizar-no-mapa\/#primaryimage\"},\"thumbnailUrl\":\"https:\/\/www.familyhastools.com\/wp-content\/uploads\/2020\/09\/C\u00f3pia-de-flores-do-campo-1.png\",\"datePublished\":\"2020-09-28T17:45:12+00:00\",\"dateModified\":\"2023-09-27T20:38:58+00:00\",\"description\":\"Esse material foi especialmente desenvolvido para ajudar as crian\u00e7as pequenas \u00e0 come\u00e7arem a aprender a se localizarem no mapa.\",\"breadcrumb\":{\"@id\":\"https:\/\/www.familyhastools.com\/index.php\/product\/meu-lugar-ajude-seu-filho-a-comecar-a-se-localizar-no-mapa\/#breadcrumb\"},\"inLanguage\":\"pt-BR\",\"potentialAction\":[{\"@type\":\"ReadAction\",\"target\":[\"https:\/\/www.familyhastools.com\/index.php\/product\/meu-lugar-ajude-seu-filho-a-comecar-a-se-localizar-no-mapa\/\"]}]},{\"@type\":\"ImageObject\",\"inLanguage\":\"pt-BR\",\"@id\":\"https:\/\/www.familyhastools.com\/index.php\/product\/meu-lugar-ajude-seu-filho-a-comecar-a-se-localizar-no-mapa\/#primaryimage\",\"url\":\"https:\/\/www.familyhastools.com\/wp-content\/uploads\/2020\/09\/C\u00f3pia-de-flores-do-campo-1.png\",\"contentUrl\":\"https:\/\/www.familyhastools.com\/wp-content\/uploads\/2020\/09\/C\u00f3pia-de-flores-do-campo-1.png\",\"width\":1080,\"height\":1080},{\"@type\":\"BreadcrumbList\",\"@id\":\"https:\/\/www.familyhastools.com\/index.php\/product\/meu-lugar-ajude-seu-filho-a-comecar-a-se-localizar-no-mapa\/#breadcrumb\",\"itemListElement\":[{\"@type\":\"ListItem\",\"position\":1,\"name\":\"In\u00edcio\",\"item\":\"https:\/\/www.familyhastools.com\/\"},{\"@type\":\"ListItem\",\"position\":2,\"name\":\"Loja\",\"item\":\"https:\/\/www.familyhastools.com\/index.php\/loja-2\/\"},{\"@type\":\"ListItem\",\"position\":3,\"name\":\"Meu lugar: ajude seu filho a come\u00e7ar a se localizar no mapa\"}]},{\"@type\":\"WebSite\",\"@id\":\"https:\/\/www.familyhastools.com\/#website\",\"url\":\"https:\/\/www.familyhastools.com\/\",\"name\":\"Family Has Tools\",\"description\":\"A jornada de nossa familia homeschooler\",\"publisher\":{\"@id\":\"https:\/\/www.familyhastools.com\/#organization\"},\"potentialAction\":[{\"@type\":\"SearchAction\",\"target\":{\"@type\":\"EntryPoint\",\"urlTemplate\":\"https:\/\/www.familyhastools.com\/?s={search_term_string}\"},\"query-input\":{\"@type\":\"PropertyValueSpecification\",\"valueRequired\":true,\"valueName\":\"search_term_string\"}}],\"inLanguage\":\"pt-BR\"},{\"@type\":\"Organization\",\"@id\":\"https:\/\/www.familyhastools.com\/#organization\",\"name\":\"Family Has Tools\",\"url\":\"https:\/\/www.familyhastools.com\/\",\"logo\":{\"@type\":\"ImageObject\",\"inLanguage\":\"pt-BR\",\"@id\":\"https:\/\/www.familyhastools.com\/#\/schema\/logo\/image\/\",\"url\":\"https:\/\/www.familyhastools.com\/wp-content\/uploads\/2020\/05\/logo-com-Arthur-_grande.png\",\"contentUrl\":\"https:\/\/www.familyhastools.com\/wp-content\/uploads\/2020\/05\/logo-com-Arthur-_grande.png\",\"width\":2350,\"height\":1000,\"caption\":\"Family Has Tools\"},\"image\":{\"@id\":\"https:\/\/www.familyhastools.com\/#\/schema\/logo\/image\/\"}}]}<\/script>\n<!-- \/ Yoast SEO plugin. -->","yoast_head_json":{"title":"Meu lugar: ajude seu filho a come\u00e7ar a se localizar no mapa - Family Has Tools","description":"Esse material foi especialmente desenvolvido para ajudar as crian\u00e7as pequenas \u00e0 come\u00e7arem a aprender a se localizarem no mapa.","robots":{"index":"index","follow":"follow","max-snippet":"max-snippet:-1","max-image-preview":"max-image-preview:large","max-video-preview":"max-video-preview:-1"},"canonical":"https:\/\/www.familyhastools.com\/index.php\/product\/meu-lugar-ajude-seu-filho-a-comecar-a-se-localizar-no-mapa\/","og_locale":"pt_BR","og_type":"article","og_title":"Meu lugar: ajude seu filho a come\u00e7ar a se localizar no mapa - Family Has Tools","og_description":"Esse material foi especialmente desenvolvido para ajudar as crian\u00e7as pequenas \u00e0 come\u00e7arem a aprender a se localizarem no mapa.","og_url":"https:\/\/www.familyhastools.com\/index.php\/product\/meu-lugar-ajude-seu-filho-a-comecar-a-se-localizar-no-mapa\/","og_site_name":"Family Has Tools","article_modified_time":"2023-09-27T20:38:58+00:00","og_image":[{"width":1080,"height":1080,"url":"https:\/\/www.familyhastools.com\/wp-content\/uploads\/2020\/09\/C\u00f3pia-de-flores-do-campo-1.png","type":"image\/png"}],"twitter_card":"summary_large_image","schema":{"@context":"https:\/\/schema.org","@graph":[{"@type":"WebPage","@id":"https:\/\/www.familyhastools.com\/index.php\/product\/meu-lugar-ajude-seu-filho-a-comecar-a-se-localizar-no-mapa\/","url":"https:\/\/www.familyhastools.com\/index.php\/product\/meu-lugar-ajude-seu-filho-a-comecar-a-se-localizar-no-mapa\/","name":"Meu lugar: ajude seu filho a come\u00e7ar a se localizar no mapa - Family Has Tools","isPartOf":{"@id":"https:\/\/www.familyhastools.com\/#website"},"primaryImageOfPage":{"@id":"https:\/\/www.familyhastools.com\/index.php\/product\/meu-lugar-ajude-seu-filho-a-comecar-a-se-localizar-no-mapa\/#primaryimage"},"image":{"@id":"https:\/\/www.familyhastools.com\/index.php\/product\/meu-lugar-ajude-seu-filho-a-comecar-a-se-localizar-no-mapa\/#primaryimage"},"thumbnailUrl":"https:\/\/www.familyhastools.com\/wp-content\/uploads\/2020\/09\/C\u00f3pia-de-flores-do-campo-1.png","datePublished":"2020-09-28T17:45:12+00:00","dateModified":"2023-09-27T20:38:58+00:00","description":"Esse material foi especialmente desenvolvido para ajudar as crian\u00e7as pequenas \u00e0 come\u00e7arem a aprender a se localizarem no mapa.","breadcrumb":{"@id":"https:\/\/www.familyhastools.com\/index.php\/product\/meu-lugar-ajude-seu-filho-a-comecar-a-se-localizar-no-mapa\/#breadcrumb"},"inLanguage":"pt-BR","potentialAction":[{"@type":"ReadAction","target":["https:\/\/www.familyhastools.com\/index.php\/product\/meu-lugar-ajude-seu-filho-a-comecar-a-se-localizar-no-mapa\/"]}]},{"@type":"ImageObject","inLanguage":"pt-BR","@id":"https:\/\/www.familyhastools.com\/index.php\/product\/meu-lugar-ajude-seu-filho-a-comecar-a-se-localizar-no-mapa\/#primaryimage","url":"https:\/\/www.familyhastools.com\/wp-content\/uploads\/2020\/09\/C\u00f3pia-de-flores-do-campo-1.png","contentUrl":"https:\/\/www.familyhastools.com\/wp-content\/uploads\/2020\/09\/C\u00f3pia-de-flores-do-campo-1.png","width":1080,"height":1080},{"@type":"BreadcrumbList","@id":"https:\/\/www.familyhastools.com\/index.php\/product\/meu-lugar-ajude-seu-filho-a-comecar-a-se-localizar-no-mapa\/#breadcrumb","itemListElement":[{"@type":"ListItem","position":1,"name":"In\u00edcio","item":"https:\/\/www.familyhastools.com\/"},{"@type":"ListItem","position":2,"name":"Loja","item":"https:\/\/www.familyhastools.com\/index.php\/loja-2\/"},{"@type":"ListItem","position":3,"name":"Meu lugar: ajude seu filho a come\u00e7ar a se localizar no mapa"}]},{"@type":"WebSite","@id":"https:\/\/www.familyhastools.com\/#website","url":"https:\/\/www.familyhastools.com\/","name":"Family Has Tools","description":"A jornada de nossa familia homeschooler","publisher":{"@id":"https:\/\/www.familyhastools.com\/#organization"},"potentialAction":[{"@type":"SearchAction","target":{"@type":"EntryPoint","urlTemplate":"https:\/\/www.familyhastools.com\/?s={search_term_string}"},"query-input":{"@type":"PropertyValueSpecification","valueRequired":true,"valueName":"search_term_string"}}],"inLanguage":"pt-BR"},{"@type":"Organization","@id":"https:\/\/www.familyhastools.com\/#organization","name":"Family Has Tools","url":"https:\/\/www.familyhastools.com\/","logo":{"@type":"ImageObject","inLanguage":"pt-BR","@id":"https:\/\/www.familyhastools.com\/#\/schema\/logo\/image\/","url":"https:\/\/www.familyhastools.com\/wp-content\/uploads\/2020\/05\/logo-com-Arthur-_grande.png","contentUrl":"https:\/\/www.familyhastools.com\/wp-content\/uploads\/2020\/05\/logo-com-Arthur-_grande.png","width":2350,"height":1000,"caption":"Family Has Tools"},"image":{"@id":"https:\/\/www.familyhastools.com\/#\/schema\/logo\/image\/"}}]}},"_links":{"self":[{"href":"https:\/\/www.familyhastools.com\/index.php\/wp-json\/wp\/v2\/product\/2749","targetHints":{"allow":["GET"]}}],"collection":[{"href":"https:\/\/www.familyhastools.com\/index.php\/wp-json\/wp\/v2\/product"}],"about":[{"href":"https:\/\/www.familyhastools.com\/index.php\/wp-json\/wp\/v2\/types\/product"}],"wp:featuredmedia":[{"embeddable":true,"href":"https:\/\/www.familyhastools.com\/index.php\/wp-json\/wp\/v2\/media\/2752"}],"wp:attachment":[{"href":"https:\/\/www.familyhastools.com\/index.php\/wp-json\/wp\/v2\/media?parent=2749"}],"wp:term":[{"taxonomy":"product_brand","embeddable":true,"href":"https:\/\/www.familyhastools.com\/index.php\/wp-json\/wp\/v2\/product_brand?post=2749"},{"taxonomy":"product_cat","embeddable":true,"href":"https:\/\/www.familyhastools.com\/index.php\/wp-json\/wp\/v2\/product_cat?post=2749"},{"taxonomy":"product_tag","embeddable":true,"href":"https:\/\/www.familyhastools.com\/index.php\/wp-json\/wp\/v2\/product_tag?post=2749"}],"curies":[{"name":"wp","href":"https:\/\/api.w.org\/{rel}","templated":true}]}}