{"id":2734,"date":"2020-09-21T20:50:13","date_gmt":"2020-09-21T20:50:13","guid":{"rendered":"https:\/\/www.familyhastools.com\/?post_type=product&#038;p=2734"},"modified":"2023-09-27T20:39:11","modified_gmt":"2023-09-27T20:39:11","slug":"combo-primavera","status":"publish","type":"product","link":"https:\/\/www.familyhastools.com\/index.php\/product\/combo-primavera\/","title":{"rendered":"Combo Primavera"},"content":{"rendered":"<p>Arquivo digital PDF<\/p>\n<p>Nesse combo\u00a0 est\u00e3o inclusos os materiais:<\/p>\n<ul>\n<li><a href=\"https:\/\/www.familyhastools.com\/index.php\/product\/flores-do-campo\/\" target=\"_blank\" rel=\"noopener noreferrer\">Flores do Campo\u00a0<\/a><\/li>\n<li><a href=\"https:\/\/www.familyhastools.com\/index.php\/product\/kit-pequeno-explorador-aves-do-brasil\/\" target=\"_blank\" rel=\"noopener noreferrer\">Kit pequeno explorador : Aves do Brasil<\/a><\/li>\n<li><a href=\"https:\/\/www.familyhastools.com\/index.php\/product\/kit-pequeno-explorador-pegadas-de-animais\/\" target=\"_blank\" rel=\"noopener noreferrer\">Kit pequeno explorador: Pegadas animais<\/a><\/li>\n<li><a href=\"https:\/\/www.familyhastools.com\/index.php\/product\/rodas-fenologicas-para-o-estudo-da-natureza\/\" target=\"_blank\" rel=\"noopener noreferrer\">Rodas fenol\u00f3gicas: para o estudo da natureza<\/a><\/li>\n<\/ul>\n<p>Para maiores informa\u00e7\u00f5es de cada material clique no nome do produto.<\/p>\n","protected":false},"excerpt":{"rendered":"<p>Arquivo digital PDF Nesse combo\u00a0 est\u00e3o inclusos os materiais: Flores do Campo\u00a0 Kit pequeno explorador : Aves do Brasil Kit pequeno explorador: Pegadas animais Rodas fenol\u00f3gicas: para o estudo da natureza Para maiores informa\u00e7\u00f5es de cada material clique no nome do produto.<\/p>\n","protected":false},"featured_media":2735,"template":"","meta":[],"product_brand":[],"product_cat":[134,411,410,412,407,409],"product_tag":[179,241,136,118,119,201,275,274,177,195,269,270,130,273,276,121,139,198],"class_list":{"0":"post-2734","1":"product","2":"type-product","3":"status-publish","4":"has-post-thumbnail","6":"product_cat-ciencias","7":"product_cat-0-4-anos","8":"product_cat-5-8-anos","9":"product_cat-9-14-anos","10":"product_cat-para-familia-toda","11":"product_cat-adultos","12":"product_tag-aves-do-brasil","13":"product_tag-charlotte-mason","14":"product_tag-ciencias","15":"product_tag-educacao-domiciliar","16":"product_tag-ensino-domiciliar","17":"product_tag-estudo-da-natureza","18":"product_tag-estudo-da-natureza-na-pratica","19":"product_tag-familia-has-tools","20":"product_tag-familyhastools","21":"product_tag-fenologia","22":"product_tag-flores-do-campo","23":"product_tag-identificacao-de-flores","24":"product_tag-material-de-apoio","25":"product_tag-passarinhar","26":"product_tag-primavera","27":"product_tag-rachel-haswell","28":"product_tag-rastreamento","29":"product_tag-roda-fenologica","31":"first","32":"instock","33":"downloadable","34":"virtual","35":"purchasable","36":"product-type-simple"},"yoast_head":"<!-- This site is optimized with the Yoast SEO plugin v25.3 - https:\/\/yoast.com\/wordpress\/plugins\/seo\/ -->\n<title>Combo Primavera - Family Has Tools<\/title>\n<meta name=\"robots\" content=\"index, follow, max-snippet:-1, max-image-preview:large, max-video-preview:-1\" \/>\n<link rel=\"canonical\" href=\"https:\/\/www.familyhastools.com\/index.php\/product\/combo-primavera\/\" \/>\n<meta property=\"og:locale\" content=\"pt_BR\" \/>\n<meta property=\"og:type\" content=\"article\" \/>\n<meta property=\"og:title\" content=\"Combo Primavera - Family Has Tools\" \/>\n<meta property=\"og:description\" content=\"Arquivo digital PDF Nesse combo\u00a0 est\u00e3o inclusos os materiais: Flores do Campo\u00a0 Kit pequeno explorador : Aves do Brasil Kit pequeno explorador: Pegadas animais Rodas fenol\u00f3gicas: para o estudo da natureza Para maiores informa\u00e7\u00f5es de cada material clique no nome do produto.\" \/>\n<meta property=\"og:url\" content=\"https:\/\/www.familyhastools.com\/index.php\/product\/combo-primavera\/\" \/>\n<meta property=\"og:site_name\" content=\"Family Has Tools\" \/>\n<meta property=\"article:modified_time\" content=\"2023-09-27T20:39:11+00:00\" \/>\n<meta property=\"og:image\" content=\"https:\/\/www.familyhastools.com\/wp-content\/uploads\/2020\/09\/fundo-para-vendas.png\" \/>\n\t<meta property=\"og:image:width\" content=\"1080\" \/>\n\t<meta property=\"og:image:height\" content=\"1080\" \/>\n\t<meta property=\"og:image:type\" content=\"image\/png\" \/>\n<meta name=\"twitter:card\" content=\"summary_large_image\" \/>\n<script type=\"application\/ld+json\" class=\"yoast-schema-graph\">{\"@context\":\"https:\/\/schema.org\",\"@graph\":[{\"@type\":\"WebPage\",\"@id\":\"https:\/\/www.familyhastools.com\/index.php\/product\/combo-primavera\/\",\"url\":\"https:\/\/www.familyhastools.com\/index.php\/product\/combo-primavera\/\",\"name\":\"Combo Primavera - Family Has Tools\",\"isPartOf\":{\"@id\":\"https:\/\/www.familyhastools.com\/#website\"},\"primaryImageOfPage\":{\"@id\":\"https:\/\/www.familyhastools.com\/index.php\/product\/combo-primavera\/#primaryimage\"},\"image\":{\"@id\":\"https:\/\/www.familyhastools.com\/index.php\/product\/combo-primavera\/#primaryimage\"},\"thumbnailUrl\":\"https:\/\/www.familyhastools.com\/wp-content\/uploads\/2020\/09\/fundo-para-vendas.png\",\"datePublished\":\"2020-09-21T20:50:13+00:00\",\"dateModified\":\"2023-09-27T20:39:11+00:00\",\"breadcrumb\":{\"@id\":\"https:\/\/www.familyhastools.com\/index.php\/product\/combo-primavera\/#breadcrumb\"},\"inLanguage\":\"pt-BR\",\"potentialAction\":[{\"@type\":\"ReadAction\",\"target\":[\"https:\/\/www.familyhastools.com\/index.php\/product\/combo-primavera\/\"]}]},{\"@type\":\"ImageObject\",\"inLanguage\":\"pt-BR\",\"@id\":\"https:\/\/www.familyhastools.com\/index.php\/product\/combo-primavera\/#primaryimage\",\"url\":\"https:\/\/www.familyhastools.com\/wp-content\/uploads\/2020\/09\/fundo-para-vendas.png\",\"contentUrl\":\"https:\/\/www.familyhastools.com\/wp-content\/uploads\/2020\/09\/fundo-para-vendas.png\",\"width\":1080,\"height\":1080},{\"@type\":\"BreadcrumbList\",\"@id\":\"https:\/\/www.familyhastools.com\/index.php\/product\/combo-primavera\/#breadcrumb\",\"itemListElement\":[{\"@type\":\"ListItem\",\"position\":1,\"name\":\"In\u00edcio\",\"item\":\"https:\/\/www.familyhastools.com\/\"},{\"@type\":\"ListItem\",\"position\":2,\"name\":\"Loja\",\"item\":\"https:\/\/www.familyhastools.com\/index.php\/loja-2\/\"},{\"@type\":\"ListItem\",\"position\":3,\"name\":\"Combo Primavera\"}]},{\"@type\":\"WebSite\",\"@id\":\"https:\/\/www.familyhastools.com\/#website\",\"url\":\"https:\/\/www.familyhastools.com\/\",\"name\":\"Family Has Tools\",\"description\":\"A jornada de nossa familia homeschooler\",\"publisher\":{\"@id\":\"https:\/\/www.familyhastools.com\/#organization\"},\"potentialAction\":[{\"@type\":\"SearchAction\",\"target\":{\"@type\":\"EntryPoint\",\"urlTemplate\":\"https:\/\/www.familyhastools.com\/?s={search_term_string}\"},\"query-input\":{\"@type\":\"PropertyValueSpecification\",\"valueRequired\":true,\"valueName\":\"search_term_string\"}}],\"inLanguage\":\"pt-BR\"},{\"@type\":\"Organization\",\"@id\":\"https:\/\/www.familyhastools.com\/#organization\",\"name\":\"Family Has Tools\",\"url\":\"https:\/\/www.familyhastools.com\/\",\"logo\":{\"@type\":\"ImageObject\",\"inLanguage\":\"pt-BR\",\"@id\":\"https:\/\/www.familyhastools.com\/#\/schema\/logo\/image\/\",\"url\":\"https:\/\/www.familyhastools.com\/wp-content\/uploads\/2020\/05\/logo-com-Arthur-_grande.png\",\"contentUrl\":\"https:\/\/www.familyhastools.com\/wp-content\/uploads\/2020\/05\/logo-com-Arthur-_grande.png\",\"width\":2350,\"height\":1000,\"caption\":\"Family Has Tools\"},\"image\":{\"@id\":\"https:\/\/www.familyhastools.com\/#\/schema\/logo\/image\/\"}}]}<\/script>\n<!-- \/ Yoast SEO plugin. -->","yoast_head_json":{"title":"Combo Primavera - Family Has Tools","robots":{"index":"index","follow":"follow","max-snippet":"max-snippet:-1","max-image-preview":"max-image-preview:large","max-video-preview":"max-video-preview:-1"},"canonical":"https:\/\/www.familyhastools.com\/index.php\/product\/combo-primavera\/","og_locale":"pt_BR","og_type":"article","og_title":"Combo Primavera - Family Has Tools","og_description":"Arquivo digital PDF Nesse combo\u00a0 est\u00e3o inclusos os materiais: Flores do Campo\u00a0 Kit pequeno explorador : Aves do Brasil Kit pequeno explorador: Pegadas animais Rodas fenol\u00f3gicas: para o estudo da natureza Para maiores informa\u00e7\u00f5es de cada material clique no nome do produto.","og_url":"https:\/\/www.familyhastools.com\/index.php\/product\/combo-primavera\/","og_site_name":"Family Has Tools","article_modified_time":"2023-09-27T20:39:11+00:00","og_image":[{"width":1080,"height":1080,"url":"https:\/\/www.familyhastools.com\/wp-content\/uploads\/2020\/09\/fundo-para-vendas.png","type":"image\/png"}],"twitter_card":"summary_large_image","schema":{"@context":"https:\/\/schema.org","@graph":[{"@type":"WebPage","@id":"https:\/\/www.familyhastools.com\/index.php\/product\/combo-primavera\/","url":"https:\/\/www.familyhastools.com\/index.php\/product\/combo-primavera\/","name":"Combo Primavera - Family Has Tools","isPartOf":{"@id":"https:\/\/www.familyhastools.com\/#website"},"primaryImageOfPage":{"@id":"https:\/\/www.familyhastools.com\/index.php\/product\/combo-primavera\/#primaryimage"},"image":{"@id":"https:\/\/www.familyhastools.com\/index.php\/product\/combo-primavera\/#primaryimage"},"thumbnailUrl":"https:\/\/www.familyhastools.com\/wp-content\/uploads\/2020\/09\/fundo-para-vendas.png","datePublished":"2020-09-21T20:50:13+00:00","dateModified":"2023-09-27T20:39:11+00:00","breadcrumb":{"@id":"https:\/\/www.familyhastools.com\/index.php\/product\/combo-primavera\/#breadcrumb"},"inLanguage":"pt-BR","potentialAction":[{"@type":"ReadAction","target":["https:\/\/www.familyhastools.com\/index.php\/product\/combo-primavera\/"]}]},{"@type":"ImageObject","inLanguage":"pt-BR","@id":"https:\/\/www.familyhastools.com\/index.php\/product\/combo-primavera\/#primaryimage","url":"https:\/\/www.familyhastools.com\/wp-content\/uploads\/2020\/09\/fundo-para-vendas.png","contentUrl":"https:\/\/www.familyhastools.com\/wp-content\/uploads\/2020\/09\/fundo-para-vendas.png","width":1080,"height":1080},{"@type":"BreadcrumbList","@id":"https:\/\/www.familyhastools.com\/index.php\/product\/combo-primavera\/#breadcrumb","itemListElement":[{"@type":"ListItem","position":1,"name":"In\u00edcio","item":"https:\/\/www.familyhastools.com\/"},{"@type":"ListItem","position":2,"name":"Loja","item":"https:\/\/www.familyhastools.com\/index.php\/loja-2\/"},{"@type":"ListItem","position":3,"name":"Combo Primavera"}]},{"@type":"WebSite","@id":"https:\/\/www.familyhastools.com\/#website","url":"https:\/\/www.familyhastools.com\/","name":"Family Has Tools","description":"A jornada de nossa familia homeschooler","publisher":{"@id":"https:\/\/www.familyhastools.com\/#organization"},"potentialAction":[{"@type":"SearchAction","target":{"@type":"EntryPoint","urlTemplate":"https:\/\/www.familyhastools.com\/?s={search_term_string}"},"query-input":{"@type":"PropertyValueSpecification","valueRequired":true,"valueName":"search_term_string"}}],"inLanguage":"pt-BR"},{"@type":"Organization","@id":"https:\/\/www.familyhastools.com\/#organization","name":"Family Has Tools","url":"https:\/\/www.familyhastools.com\/","logo":{"@type":"ImageObject","inLanguage":"pt-BR","@id":"https:\/\/www.familyhastools.com\/#\/schema\/logo\/image\/","url":"https:\/\/www.familyhastools.com\/wp-content\/uploads\/2020\/05\/logo-com-Arthur-_grande.png","contentUrl":"https:\/\/www.familyhastools.com\/wp-content\/uploads\/2020\/05\/logo-com-Arthur-_grande.png","width":2350,"height":1000,"caption":"Family Has Tools"},"image":{"@id":"https:\/\/www.familyhastools.com\/#\/schema\/logo\/image\/"}}]}},"_links":{"self":[{"href":"https:\/\/www.familyhastools.com\/index.php\/wp-json\/wp\/v2\/product\/2734","targetHints":{"allow":["GET"]}}],"collection":[{"href":"https:\/\/www.familyhastools.com\/index.php\/wp-json\/wp\/v2\/product"}],"about":[{"href":"https:\/\/www.familyhastools.com\/index.php\/wp-json\/wp\/v2\/types\/product"}],"wp:featuredmedia":[{"embeddable":true,"href":"https:\/\/www.familyhastools.com\/index.php\/wp-json\/wp\/v2\/media\/2735"}],"wp:attachment":[{"href":"https:\/\/www.familyhastools.com\/index.php\/wp-json\/wp\/v2\/media?parent=2734"}],"wp:term":[{"taxonomy":"product_brand","embeddable":true,"href":"https:\/\/www.familyhastools.com\/index.php\/wp-json\/wp\/v2\/product_brand?post=2734"},{"taxonomy":"product_cat","embeddable":true,"href":"https:\/\/www.familyhastools.com\/index.php\/wp-json\/wp\/v2\/product_cat?post=2734"},{"taxonomy":"product_tag","embeddable":true,"href":"https:\/\/www.familyhastools.com\/index.php\/wp-json\/wp\/v2\/product_tag?post=2734"}],"curies":[{"name":"wp","href":"https:\/\/api.w.org\/{rel}","templated":true}]}}