{"id":1828,"date":"2020-04-26T02:13:01","date_gmt":"2020-04-26T02:13:01","guid":{"rendered":"https:\/\/www.familyhastools.com\/?post_type=product&#038;p=1828"},"modified":"2023-09-27T20:40:41","modified_gmt":"2023-09-27T20:40:41","slug":"geografiavamos-estudar-os-continentes-europa","status":"publish","type":"product","link":"https:\/\/www.familyhastools.com\/index.php\/product\/geografiavamos-estudar-os-continentes-europa\/","title":{"rendered":"[Geografia]Vamos estudar os continentes: Europa"},"content":{"rendered":"<p><strong>Arquivo em PDF<\/strong><\/p>\n<p>Produto desenvolvido para estimular o aprendizado sobre o <strong>continente Europeu e\u00a0 seus pa\u00edses.<\/strong><\/p>\n<p>Din\u00e2mico e Vers\u00e1til.<\/p>\n<p>Estimula a mem\u00f3ria visual e perceptiva das crian\u00e7as.<\/p>\n<p>178 Cards.<\/p>\n<p>1 Mapa completo para acompanhar os estudos.<\/p>\n","protected":false},"excerpt":{"rendered":"<p>Arquivo em PDF Produto desenvolvido para estimular o aprendizado sobre o continente Europeu e\u00a0 seus pa\u00edses. Din\u00e2mico e Vers\u00e1til. Estimula a mem\u00f3ria visual e perceptiva das crian\u00e7as. 178 Cards. 1 Mapa completo para acompanhar os estudos.<\/p>\n","protected":false},"featured_media":1830,"template":"","meta":[],"product_brand":[],"product_cat":[410,412,407,238,113],"product_tag":[254,255,118,119,251,239,165,170,373,130,171,240,252,253,121],"class_list":{"0":"post-1828","1":"product","2":"type-product","3":"status-publish","4":"has-post-thumbnail","6":"product_cat-5-8-anos","7":"product_cat-9-14-anos","8":"product_cat-para-familia-toda","9":"product_cat-geografia","10":"product_cat-diversos","11":"product_tag-continente","12":"product_tag-continente-europeu","13":"product_tag-educacao-domiciliar","14":"product_tag-ensino-domiciliar","15":"product_tag-europa","16":"product_tag-geografia","17":"product_tag-homeschool","18":"product_tag-homeschooling","19":"product_tag-mapa-mundi","20":"product_tag-material-de-apoio","21":"product_tag-material-didatico","22":"product_tag-montessori","23":"product_tag-paises","24":"product_tag-paises-europeus","25":"product_tag-rachel-haswell","27":"first","28":"instock","29":"downloadable","30":"virtual","31":"purchasable","32":"product-type-simple"},"yoast_head":"<!-- This site is optimized with the Yoast SEO plugin v25.3 - https:\/\/yoast.com\/wordpress\/plugins\/seo\/ -->\n<title>[Geografia]Vamos estudar os continentes: Europa - Family Has Tools<\/title>\n<meta name=\"description\" content=\"Venha aprender brincando! Material desenvolvido especialmente para estimular o aprendizado sobre o continente Europeu e\u00a0 seus pa\u00edses. Muito din\u00e2mico e Vers\u00e1til. Estimula a mem\u00f3ria visual e perceptiva das crian\u00e7as estudando sobre a Europa. Permite que as crian\u00e7as desenvolvam a criatividade atrav\u00e9s de uma infinidade de possibilitades de atividades para desenvolver o aprendizado.\" \/>\n<meta name=\"robots\" content=\"index, follow, max-snippet:-1, max-image-preview:large, max-video-preview:-1\" \/>\n<link rel=\"canonical\" href=\"https:\/\/www.familyhastools.com\/index.php\/product\/geografiavamos-estudar-os-continentes-europa\/\" \/>\n<meta property=\"og:locale\" content=\"pt_BR\" \/>\n<meta property=\"og:type\" content=\"article\" \/>\n<meta property=\"og:title\" content=\"[Geografia]Vamos estudar os continentes: Europa - Family Has Tools\" \/>\n<meta property=\"og:description\" content=\"Venha aprender brincando! Material desenvolvido especialmente para estimular o aprendizado sobre o continente Europeu e\u00a0 seus pa\u00edses. Muito din\u00e2mico e Vers\u00e1til. Estimula a mem\u00f3ria visual e perceptiva das crian\u00e7as estudando sobre a Europa. Permite que as crian\u00e7as desenvolvam a criatividade atrav\u00e9s de uma infinidade de possibilitades de atividades para desenvolver o aprendizado.\" \/>\n<meta property=\"og:url\" content=\"https:\/\/www.familyhastools.com\/index.php\/product\/geografiavamos-estudar-os-continentes-europa\/\" \/>\n<meta property=\"og:site_name\" content=\"Family Has Tools\" \/>\n<meta property=\"article:modified_time\" content=\"2023-09-27T20:40:41+00:00\" \/>\n<meta property=\"og:image\" content=\"https:\/\/www.familyhastools.com\/wp-content\/uploads\/2020\/04\/Promo\u00e7\u00e3o-de-lan\u00e7amento-3.png\" \/>\n\t<meta property=\"og:image:width\" content=\"1080\" \/>\n\t<meta property=\"og:image:height\" content=\"1080\" \/>\n\t<meta property=\"og:image:type\" content=\"image\/png\" \/>\n<meta name=\"twitter:card\" content=\"summary_large_image\" \/>\n<script type=\"application\/ld+json\" class=\"yoast-schema-graph\">{\"@context\":\"https:\/\/schema.org\",\"@graph\":[{\"@type\":\"WebPage\",\"@id\":\"https:\/\/www.familyhastools.com\/index.php\/product\/geografiavamos-estudar-os-continentes-europa\/\",\"url\":\"https:\/\/www.familyhastools.com\/index.php\/product\/geografiavamos-estudar-os-continentes-europa\/\",\"name\":\"[Geografia]Vamos estudar os continentes: Europa - Family Has Tools\",\"isPartOf\":{\"@id\":\"https:\/\/www.familyhastools.com\/#website\"},\"primaryImageOfPage\":{\"@id\":\"https:\/\/www.familyhastools.com\/index.php\/product\/geografiavamos-estudar-os-continentes-europa\/#primaryimage\"},\"image\":{\"@id\":\"https:\/\/www.familyhastools.com\/index.php\/product\/geografiavamos-estudar-os-continentes-europa\/#primaryimage\"},\"thumbnailUrl\":\"https:\/\/www.familyhastools.com\/wp-content\/uploads\/2020\/04\/Promo\u00e7\u00e3o-de-lan\u00e7amento-3.png\",\"datePublished\":\"2020-04-26T02:13:01+00:00\",\"dateModified\":\"2023-09-27T20:40:41+00:00\",\"description\":\"Venha aprender brincando! Material desenvolvido especialmente para estimular o aprendizado sobre o continente Europeu e\u00a0 seus pa\u00edses. Muito din\u00e2mico e Vers\u00e1til. Estimula a mem\u00f3ria visual e perceptiva das crian\u00e7as estudando sobre a Europa. Permite que as crian\u00e7as desenvolvam a criatividade atrav\u00e9s de uma infinidade de possibilitades de atividades para desenvolver o aprendizado.\",\"breadcrumb\":{\"@id\":\"https:\/\/www.familyhastools.com\/index.php\/product\/geografiavamos-estudar-os-continentes-europa\/#breadcrumb\"},\"inLanguage\":\"pt-BR\",\"potentialAction\":[{\"@type\":\"ReadAction\",\"target\":[\"https:\/\/www.familyhastools.com\/index.php\/product\/geografiavamos-estudar-os-continentes-europa\/\"]}]},{\"@type\":\"ImageObject\",\"inLanguage\":\"pt-BR\",\"@id\":\"https:\/\/www.familyhastools.com\/index.php\/product\/geografiavamos-estudar-os-continentes-europa\/#primaryimage\",\"url\":\"https:\/\/www.familyhastools.com\/wp-content\/uploads\/2020\/04\/Promo\u00e7\u00e3o-de-lan\u00e7amento-3.png\",\"contentUrl\":\"https:\/\/www.familyhastools.com\/wp-content\/uploads\/2020\/04\/Promo\u00e7\u00e3o-de-lan\u00e7amento-3.png\",\"width\":1080,\"height\":1080},{\"@type\":\"BreadcrumbList\",\"@id\":\"https:\/\/www.familyhastools.com\/index.php\/product\/geografiavamos-estudar-os-continentes-europa\/#breadcrumb\",\"itemListElement\":[{\"@type\":\"ListItem\",\"position\":1,\"name\":\"In\u00edcio\",\"item\":\"https:\/\/www.familyhastools.com\/\"},{\"@type\":\"ListItem\",\"position\":2,\"name\":\"Loja\",\"item\":\"https:\/\/www.familyhastools.com\/index.php\/loja-2\/\"},{\"@type\":\"ListItem\",\"position\":3,\"name\":\"[Geografia]Vamos estudar os continentes: Europa\"}]},{\"@type\":\"WebSite\",\"@id\":\"https:\/\/www.familyhastools.com\/#website\",\"url\":\"https:\/\/www.familyhastools.com\/\",\"name\":\"Family Has Tools\",\"description\":\"A jornada de nossa familia homeschooler\",\"publisher\":{\"@id\":\"https:\/\/www.familyhastools.com\/#organization\"},\"potentialAction\":[{\"@type\":\"SearchAction\",\"target\":{\"@type\":\"EntryPoint\",\"urlTemplate\":\"https:\/\/www.familyhastools.com\/?s={search_term_string}\"},\"query-input\":{\"@type\":\"PropertyValueSpecification\",\"valueRequired\":true,\"valueName\":\"search_term_string\"}}],\"inLanguage\":\"pt-BR\"},{\"@type\":\"Organization\",\"@id\":\"https:\/\/www.familyhastools.com\/#organization\",\"name\":\"Family Has Tools\",\"url\":\"https:\/\/www.familyhastools.com\/\",\"logo\":{\"@type\":\"ImageObject\",\"inLanguage\":\"pt-BR\",\"@id\":\"https:\/\/www.familyhastools.com\/#\/schema\/logo\/image\/\",\"url\":\"https:\/\/www.familyhastools.com\/wp-content\/uploads\/2020\/05\/logo-com-Arthur-_grande.png\",\"contentUrl\":\"https:\/\/www.familyhastools.com\/wp-content\/uploads\/2020\/05\/logo-com-Arthur-_grande.png\",\"width\":2350,\"height\":1000,\"caption\":\"Family Has Tools\"},\"image\":{\"@id\":\"https:\/\/www.familyhastools.com\/#\/schema\/logo\/image\/\"}}]}<\/script>\n<!-- \/ Yoast SEO plugin. -->","yoast_head_json":{"title":"[Geografia]Vamos estudar os continentes: Europa - Family Has Tools","description":"Venha aprender brincando! Material desenvolvido especialmente para estimular o aprendizado sobre o continente Europeu e\u00a0 seus pa\u00edses. Muito din\u00e2mico e Vers\u00e1til. Estimula a mem\u00f3ria visual e perceptiva das crian\u00e7as estudando sobre a Europa. Permite que as crian\u00e7as desenvolvam a criatividade atrav\u00e9s de uma infinidade de possibilitades de atividades para desenvolver o aprendizado.","robots":{"index":"index","follow":"follow","max-snippet":"max-snippet:-1","max-image-preview":"max-image-preview:large","max-video-preview":"max-video-preview:-1"},"canonical":"https:\/\/www.familyhastools.com\/index.php\/product\/geografiavamos-estudar-os-continentes-europa\/","og_locale":"pt_BR","og_type":"article","og_title":"[Geografia]Vamos estudar os continentes: Europa - Family Has Tools","og_description":"Venha aprender brincando! Material desenvolvido especialmente para estimular o aprendizado sobre o continente Europeu e\u00a0 seus pa\u00edses. Muito din\u00e2mico e Vers\u00e1til. Estimula a mem\u00f3ria visual e perceptiva das crian\u00e7as estudando sobre a Europa. Permite que as crian\u00e7as desenvolvam a criatividade atrav\u00e9s de uma infinidade de possibilitades de atividades para desenvolver o aprendizado.","og_url":"https:\/\/www.familyhastools.com\/index.php\/product\/geografiavamos-estudar-os-continentes-europa\/","og_site_name":"Family Has Tools","article_modified_time":"2023-09-27T20:40:41+00:00","og_image":[{"width":1080,"height":1080,"url":"https:\/\/www.familyhastools.com\/wp-content\/uploads\/2020\/04\/Promo\u00e7\u00e3o-de-lan\u00e7amento-3.png","type":"image\/png"}],"twitter_card":"summary_large_image","schema":{"@context":"https:\/\/schema.org","@graph":[{"@type":"WebPage","@id":"https:\/\/www.familyhastools.com\/index.php\/product\/geografiavamos-estudar-os-continentes-europa\/","url":"https:\/\/www.familyhastools.com\/index.php\/product\/geografiavamos-estudar-os-continentes-europa\/","name":"[Geografia]Vamos estudar os continentes: Europa - Family Has Tools","isPartOf":{"@id":"https:\/\/www.familyhastools.com\/#website"},"primaryImageOfPage":{"@id":"https:\/\/www.familyhastools.com\/index.php\/product\/geografiavamos-estudar-os-continentes-europa\/#primaryimage"},"image":{"@id":"https:\/\/www.familyhastools.com\/index.php\/product\/geografiavamos-estudar-os-continentes-europa\/#primaryimage"},"thumbnailUrl":"https:\/\/www.familyhastools.com\/wp-content\/uploads\/2020\/04\/Promo\u00e7\u00e3o-de-lan\u00e7amento-3.png","datePublished":"2020-04-26T02:13:01+00:00","dateModified":"2023-09-27T20:40:41+00:00","description":"Venha aprender brincando! Material desenvolvido especialmente para estimular o aprendizado sobre o continente Europeu e\u00a0 seus pa\u00edses. Muito din\u00e2mico e Vers\u00e1til. Estimula a mem\u00f3ria visual e perceptiva das crian\u00e7as estudando sobre a Europa. Permite que as crian\u00e7as desenvolvam a criatividade atrav\u00e9s de uma infinidade de possibilitades de atividades para desenvolver o aprendizado.","breadcrumb":{"@id":"https:\/\/www.familyhastools.com\/index.php\/product\/geografiavamos-estudar-os-continentes-europa\/#breadcrumb"},"inLanguage":"pt-BR","potentialAction":[{"@type":"ReadAction","target":["https:\/\/www.familyhastools.com\/index.php\/product\/geografiavamos-estudar-os-continentes-europa\/"]}]},{"@type":"ImageObject","inLanguage":"pt-BR","@id":"https:\/\/www.familyhastools.com\/index.php\/product\/geografiavamos-estudar-os-continentes-europa\/#primaryimage","url":"https:\/\/www.familyhastools.com\/wp-content\/uploads\/2020\/04\/Promo\u00e7\u00e3o-de-lan\u00e7amento-3.png","contentUrl":"https:\/\/www.familyhastools.com\/wp-content\/uploads\/2020\/04\/Promo\u00e7\u00e3o-de-lan\u00e7amento-3.png","width":1080,"height":1080},{"@type":"BreadcrumbList","@id":"https:\/\/www.familyhastools.com\/index.php\/product\/geografiavamos-estudar-os-continentes-europa\/#breadcrumb","itemListElement":[{"@type":"ListItem","position":1,"name":"In\u00edcio","item":"https:\/\/www.familyhastools.com\/"},{"@type":"ListItem","position":2,"name":"Loja","item":"https:\/\/www.familyhastools.com\/index.php\/loja-2\/"},{"@type":"ListItem","position":3,"name":"[Geografia]Vamos estudar os continentes: Europa"}]},{"@type":"WebSite","@id":"https:\/\/www.familyhastools.com\/#website","url":"https:\/\/www.familyhastools.com\/","name":"Family Has Tools","description":"A jornada de nossa familia homeschooler","publisher":{"@id":"https:\/\/www.familyhastools.com\/#organization"},"potentialAction":[{"@type":"SearchAction","target":{"@type":"EntryPoint","urlTemplate":"https:\/\/www.familyhastools.com\/?s={search_term_string}"},"query-input":{"@type":"PropertyValueSpecification","valueRequired":true,"valueName":"search_term_string"}}],"inLanguage":"pt-BR"},{"@type":"Organization","@id":"https:\/\/www.familyhastools.com\/#organization","name":"Family Has Tools","url":"https:\/\/www.familyhastools.com\/","logo":{"@type":"ImageObject","inLanguage":"pt-BR","@id":"https:\/\/www.familyhastools.com\/#\/schema\/logo\/image\/","url":"https:\/\/www.familyhastools.com\/wp-content\/uploads\/2020\/05\/logo-com-Arthur-_grande.png","contentUrl":"https:\/\/www.familyhastools.com\/wp-content\/uploads\/2020\/05\/logo-com-Arthur-_grande.png","width":2350,"height":1000,"caption":"Family Has Tools"},"image":{"@id":"https:\/\/www.familyhastools.com\/#\/schema\/logo\/image\/"}}]}},"_links":{"self":[{"href":"https:\/\/www.familyhastools.com\/index.php\/wp-json\/wp\/v2\/product\/1828","targetHints":{"allow":["GET"]}}],"collection":[{"href":"https:\/\/www.familyhastools.com\/index.php\/wp-json\/wp\/v2\/product"}],"about":[{"href":"https:\/\/www.familyhastools.com\/index.php\/wp-json\/wp\/v2\/types\/product"}],"wp:featuredmedia":[{"embeddable":true,"href":"https:\/\/www.familyhastools.com\/index.php\/wp-json\/wp\/v2\/media\/1830"}],"wp:attachment":[{"href":"https:\/\/www.familyhastools.com\/index.php\/wp-json\/wp\/v2\/media?parent=1828"}],"wp:term":[{"taxonomy":"product_brand","embeddable":true,"href":"https:\/\/www.familyhastools.com\/index.php\/wp-json\/wp\/v2\/product_brand?post=1828"},{"taxonomy":"product_cat","embeddable":true,"href":"https:\/\/www.familyhastools.com\/index.php\/wp-json\/wp\/v2\/product_cat?post=1828"},{"taxonomy":"product_tag","embeddable":true,"href":"https:\/\/www.familyhastools.com\/index.php\/wp-json\/wp\/v2\/product_tag?post=1828"}],"curies":[{"name":"wp","href":"https:\/\/api.w.org\/{rel}","templated":true}]}}