{"id":1806,"date":"2020-04-21T02:21:02","date_gmt":"2020-04-21T02:21:02","guid":{"rendered":"https:\/\/www.familyhastools.com\/?post_type=product&#038;p=1806"},"modified":"2023-09-27T20:40:57","modified_gmt":"2023-09-27T20:40:57","slug":"ceu-noturno-principais-constelacoes-do-hemisferio-sul","status":"publish","type":"product","link":"https:\/\/www.familyhastools.com\/index.php\/product\/ceu-noturno-principais-constelacoes-do-hemisferio-sul\/","title":{"rendered":"C\u00e9u noturno: principais constela\u00e7\u00f5es do hemisf\u00e9rio sul"},"content":{"rendered":"<p><strong>Arquivo em PDF<\/strong><\/p>\n<p>Todos os desenhos contidos neste material foram feitos mim (Rachel L A<br \/>\nHaswell) de forma manual, usando a t\u00e9cnica de pintura em aquarela<\/p>\n<p>Em todos os desenhos a propor\u00e7\u00e3o e dist\u00e2ncia foram levados em conta v\u00e1rias fontes de livros espec\u00edficos de astronomia e constela\u00e7\u00f5es do hemisf\u00e9rio<br \/>\nSul.<\/p>\n<p>Neste material est\u00e3o contidos ilustra\u00e7\u00f5es de 6 das principais constela\u00e7\u00f5es do<br \/>\nhemisf\u00e9rio sul (em dois tamanhos &#8211; pequeno e grande), al\u00e9m de um flashcard para cada uma com detalhes sobre elas.<\/p>\n<p>&nbsp;<\/p>\n","protected":false},"excerpt":{"rendered":"<p>Arquivo em PDF Todos os desenhos contidos neste material foram feitos mim (Rachel L A Haswell) de forma manual, usando a t\u00e9cnica de pintura em aquarela Em todos os desenhos a propor\u00e7\u00e3o e dist\u00e2ncia foram levados em conta v\u00e1rias fontes de livros espec\u00edficos de astronomia e constela\u00e7\u00f5es do hemisf\u00e9rio Sul. Neste material est\u00e3o contidos ilustra\u00e7\u00f5es [&hellip;]<\/p>\n","protected":false},"featured_media":1808,"template":"","meta":[],"product_brand":[],"product_cat":[134,411,410,412,407,409,238,113],"product_tag":[248,247,250,246,136,242,249,243,118,119,245,201,120,177,239,244,130,121],"class_list":{"0":"post-1806","1":"product","2":"type-product","3":"status-publish","4":"has-post-thumbnail","6":"product_cat-ciencias","7":"product_cat-0-4-anos","8":"product_cat-5-8-anos","9":"product_cat-9-14-anos","10":"product_cat-para-familia-toda","11":"product_cat-adultos","12":"product_cat-geografia","13":"product_cat-diversos","14":"product_tag-aquarela","15":"product_tag-artesanal","16":"product_tag-astronomia","17":"product_tag-ceu-noturno","18":"product_tag-ciencias","19":"product_tag-constelacoes","20":"product_tag-constelacoes-em-aquarela","21":"product_tag-constelacoes-hemisferio-sul","22":"product_tag-educacao-domiciliar","23":"product_tag-ensino-domiciliar","24":"product_tag-estrelas","25":"product_tag-estudo-da-natureza","26":"product_tag-family-has-tools","27":"product_tag-familyhastools","28":"product_tag-geografia","29":"product_tag-hemisferio-sul","30":"product_tag-material-de-apoio","31":"product_tag-rachel-haswell","33":"first","34":"instock","35":"downloadable","36":"virtual","37":"purchasable","38":"product-type-simple"},"yoast_head":"<!-- This site is optimized with the Yoast SEO plugin v25.3 - https:\/\/yoast.com\/wordpress\/plugins\/seo\/ -->\n<title>C\u00e9u noturno: principais constela\u00e7\u00f5es do hemisf\u00e9rio sul - Family Has Tools<\/title>\n<meta name=\"description\" content=\"Vem aprender sobre as principais constela\u00e7\u00f5es do hemif\u00e9rio sul. Material todo pintado usando a t\u00e9cnica de pintura em aquarela. Em todos os desenhos a propor\u00e7\u00e3o e dist\u00e2ncia foram levados em conta v\u00e1rias fontes de livros espec\u00edficos de astronomia e constela\u00e7\u00f5es do hemisf\u00e9rio Sul.Neste material est\u00e3o contidos ilustra\u00e7\u00f5es de 6 das principais constela\u00e7\u00f5es dohemisf\u00e9rio sul (em dois tamanhos - pequeno e grande) e um flashcard com explica\u00e7\u00f5es de cada constela\u00e7\u00e3o. Arquivo em PDF.\" \/>\n<meta name=\"robots\" content=\"index, follow, max-snippet:-1, max-image-preview:large, max-video-preview:-1\" \/>\n<link rel=\"canonical\" href=\"https:\/\/www.familyhastools.com\/index.php\/product\/ceu-noturno-principais-constelacoes-do-hemisferio-sul\/\" \/>\n<meta property=\"og:locale\" content=\"pt_BR\" \/>\n<meta property=\"og:type\" content=\"article\" \/>\n<meta property=\"og:title\" content=\"C\u00e9u noturno: principais constela\u00e7\u00f5es do hemisf\u00e9rio sul - Family Has Tools\" \/>\n<meta property=\"og:description\" content=\"Vem aprender sobre as principais constela\u00e7\u00f5es do hemif\u00e9rio sul. Material todo pintado usando a t\u00e9cnica de pintura em aquarela. Em todos os desenhos a propor\u00e7\u00e3o e dist\u00e2ncia foram levados em conta v\u00e1rias fontes de livros espec\u00edficos de astronomia e constela\u00e7\u00f5es do hemisf\u00e9rio Sul.Neste material est\u00e3o contidos ilustra\u00e7\u00f5es de 6 das principais constela\u00e7\u00f5es dohemisf\u00e9rio sul (em dois tamanhos - pequeno e grande) e um flashcard com explica\u00e7\u00f5es de cada constela\u00e7\u00e3o. Arquivo em PDF.\" \/>\n<meta property=\"og:url\" content=\"https:\/\/www.familyhastools.com\/index.php\/product\/ceu-noturno-principais-constelacoes-do-hemisferio-sul\/\" \/>\n<meta property=\"og:site_name\" content=\"Family Has Tools\" \/>\n<meta property=\"article:modified_time\" content=\"2023-09-27T20:40:57+00:00\" \/>\n<meta property=\"og:image\" content=\"https:\/\/www.familyhastools.com\/wp-content\/uploads\/2020\/04\/constela\u00e7\u00f5es-c\u00e9u-noturno.png\" \/>\n\t<meta property=\"og:image:width\" content=\"1080\" \/>\n\t<meta property=\"og:image:height\" content=\"1080\" \/>\n\t<meta property=\"og:image:type\" content=\"image\/png\" \/>\n<meta name=\"twitter:card\" content=\"summary_large_image\" \/>\n<script type=\"application\/ld+json\" class=\"yoast-schema-graph\">{\"@context\":\"https:\/\/schema.org\",\"@graph\":[{\"@type\":\"WebPage\",\"@id\":\"https:\/\/www.familyhastools.com\/index.php\/product\/ceu-noturno-principais-constelacoes-do-hemisferio-sul\/\",\"url\":\"https:\/\/www.familyhastools.com\/index.php\/product\/ceu-noturno-principais-constelacoes-do-hemisferio-sul\/\",\"name\":\"C\u00e9u noturno: principais constela\u00e7\u00f5es do hemisf\u00e9rio sul - Family Has Tools\",\"isPartOf\":{\"@id\":\"https:\/\/www.familyhastools.com\/#website\"},\"primaryImageOfPage\":{\"@id\":\"https:\/\/www.familyhastools.com\/index.php\/product\/ceu-noturno-principais-constelacoes-do-hemisferio-sul\/#primaryimage\"},\"image\":{\"@id\":\"https:\/\/www.familyhastools.com\/index.php\/product\/ceu-noturno-principais-constelacoes-do-hemisferio-sul\/#primaryimage\"},\"thumbnailUrl\":\"https:\/\/www.familyhastools.com\/wp-content\/uploads\/2020\/04\/constela\u00e7\u00f5es-c\u00e9u-noturno.png\",\"datePublished\":\"2020-04-21T02:21:02+00:00\",\"dateModified\":\"2023-09-27T20:40:57+00:00\",\"description\":\"Vem aprender sobre as principais constela\u00e7\u00f5es do hemif\u00e9rio sul. Material todo pintado usando a t\u00e9cnica de pintura em aquarela. Em todos os desenhos a propor\u00e7\u00e3o e dist\u00e2ncia foram levados em conta v\u00e1rias fontes de livros espec\u00edficos de astronomia e constela\u00e7\u00f5es do hemisf\u00e9rio Sul.Neste material est\u00e3o contidos ilustra\u00e7\u00f5es de 6 das principais constela\u00e7\u00f5es dohemisf\u00e9rio sul (em dois tamanhos - pequeno e grande) e um flashcard com explica\u00e7\u00f5es de cada constela\u00e7\u00e3o. Arquivo em PDF.\",\"breadcrumb\":{\"@id\":\"https:\/\/www.familyhastools.com\/index.php\/product\/ceu-noturno-principais-constelacoes-do-hemisferio-sul\/#breadcrumb\"},\"inLanguage\":\"pt-BR\",\"potentialAction\":[{\"@type\":\"ReadAction\",\"target\":[\"https:\/\/www.familyhastools.com\/index.php\/product\/ceu-noturno-principais-constelacoes-do-hemisferio-sul\/\"]}]},{\"@type\":\"ImageObject\",\"inLanguage\":\"pt-BR\",\"@id\":\"https:\/\/www.familyhastools.com\/index.php\/product\/ceu-noturno-principais-constelacoes-do-hemisferio-sul\/#primaryimage\",\"url\":\"https:\/\/www.familyhastools.com\/wp-content\/uploads\/2020\/04\/constela\u00e7\u00f5es-c\u00e9u-noturno.png\",\"contentUrl\":\"https:\/\/www.familyhastools.com\/wp-content\/uploads\/2020\/04\/constela\u00e7\u00f5es-c\u00e9u-noturno.png\",\"width\":1080,\"height\":1080},{\"@type\":\"BreadcrumbList\",\"@id\":\"https:\/\/www.familyhastools.com\/index.php\/product\/ceu-noturno-principais-constelacoes-do-hemisferio-sul\/#breadcrumb\",\"itemListElement\":[{\"@type\":\"ListItem\",\"position\":1,\"name\":\"In\u00edcio\",\"item\":\"https:\/\/www.familyhastools.com\/\"},{\"@type\":\"ListItem\",\"position\":2,\"name\":\"Loja\",\"item\":\"https:\/\/www.familyhastools.com\/index.php\/loja-2\/\"},{\"@type\":\"ListItem\",\"position\":3,\"name\":\"C\u00e9u noturno: principais constela\u00e7\u00f5es do hemisf\u00e9rio sul\"}]},{\"@type\":\"WebSite\",\"@id\":\"https:\/\/www.familyhastools.com\/#website\",\"url\":\"https:\/\/www.familyhastools.com\/\",\"name\":\"Family Has Tools\",\"description\":\"A jornada de nossa familia homeschooler\",\"publisher\":{\"@id\":\"https:\/\/www.familyhastools.com\/#organization\"},\"potentialAction\":[{\"@type\":\"SearchAction\",\"target\":{\"@type\":\"EntryPoint\",\"urlTemplate\":\"https:\/\/www.familyhastools.com\/?s={search_term_string}\"},\"query-input\":{\"@type\":\"PropertyValueSpecification\",\"valueRequired\":true,\"valueName\":\"search_term_string\"}}],\"inLanguage\":\"pt-BR\"},{\"@type\":\"Organization\",\"@id\":\"https:\/\/www.familyhastools.com\/#organization\",\"name\":\"Family Has Tools\",\"url\":\"https:\/\/www.familyhastools.com\/\",\"logo\":{\"@type\":\"ImageObject\",\"inLanguage\":\"pt-BR\",\"@id\":\"https:\/\/www.familyhastools.com\/#\/schema\/logo\/image\/\",\"url\":\"https:\/\/www.familyhastools.com\/wp-content\/uploads\/2020\/05\/logo-com-Arthur-_grande.png\",\"contentUrl\":\"https:\/\/www.familyhastools.com\/wp-content\/uploads\/2020\/05\/logo-com-Arthur-_grande.png\",\"width\":2350,\"height\":1000,\"caption\":\"Family Has Tools\"},\"image\":{\"@id\":\"https:\/\/www.familyhastools.com\/#\/schema\/logo\/image\/\"}}]}<\/script>\n<!-- \/ Yoast SEO plugin. -->","yoast_head_json":{"title":"C\u00e9u noturno: principais constela\u00e7\u00f5es do hemisf\u00e9rio sul - Family Has Tools","description":"Vem aprender sobre as principais constela\u00e7\u00f5es do hemif\u00e9rio sul. Material todo pintado usando a t\u00e9cnica de pintura em aquarela. Em todos os desenhos a propor\u00e7\u00e3o e dist\u00e2ncia foram levados em conta v\u00e1rias fontes de livros espec\u00edficos de astronomia e constela\u00e7\u00f5es do hemisf\u00e9rio Sul.Neste material est\u00e3o contidos ilustra\u00e7\u00f5es de 6 das principais constela\u00e7\u00f5es dohemisf\u00e9rio sul (em dois tamanhos - pequeno e grande) e um flashcard com explica\u00e7\u00f5es de cada constela\u00e7\u00e3o. Arquivo em PDF.","robots":{"index":"index","follow":"follow","max-snippet":"max-snippet:-1","max-image-preview":"max-image-preview:large","max-video-preview":"max-video-preview:-1"},"canonical":"https:\/\/www.familyhastools.com\/index.php\/product\/ceu-noturno-principais-constelacoes-do-hemisferio-sul\/","og_locale":"pt_BR","og_type":"article","og_title":"C\u00e9u noturno: principais constela\u00e7\u00f5es do hemisf\u00e9rio sul - Family Has Tools","og_description":"Vem aprender sobre as principais constela\u00e7\u00f5es do hemif\u00e9rio sul. Material todo pintado usando a t\u00e9cnica de pintura em aquarela. Em todos os desenhos a propor\u00e7\u00e3o e dist\u00e2ncia foram levados em conta v\u00e1rias fontes de livros espec\u00edficos de astronomia e constela\u00e7\u00f5es do hemisf\u00e9rio Sul.Neste material est\u00e3o contidos ilustra\u00e7\u00f5es de 6 das principais constela\u00e7\u00f5es dohemisf\u00e9rio sul (em dois tamanhos - pequeno e grande) e um flashcard com explica\u00e7\u00f5es de cada constela\u00e7\u00e3o. Arquivo em PDF.","og_url":"https:\/\/www.familyhastools.com\/index.php\/product\/ceu-noturno-principais-constelacoes-do-hemisferio-sul\/","og_site_name":"Family Has Tools","article_modified_time":"2023-09-27T20:40:57+00:00","og_image":[{"width":1080,"height":1080,"url":"https:\/\/www.familyhastools.com\/wp-content\/uploads\/2020\/04\/constela\u00e7\u00f5es-c\u00e9u-noturno.png","type":"image\/png"}],"twitter_card":"summary_large_image","schema":{"@context":"https:\/\/schema.org","@graph":[{"@type":"WebPage","@id":"https:\/\/www.familyhastools.com\/index.php\/product\/ceu-noturno-principais-constelacoes-do-hemisferio-sul\/","url":"https:\/\/www.familyhastools.com\/index.php\/product\/ceu-noturno-principais-constelacoes-do-hemisferio-sul\/","name":"C\u00e9u noturno: principais constela\u00e7\u00f5es do hemisf\u00e9rio sul - Family Has Tools","isPartOf":{"@id":"https:\/\/www.familyhastools.com\/#website"},"primaryImageOfPage":{"@id":"https:\/\/www.familyhastools.com\/index.php\/product\/ceu-noturno-principais-constelacoes-do-hemisferio-sul\/#primaryimage"},"image":{"@id":"https:\/\/www.familyhastools.com\/index.php\/product\/ceu-noturno-principais-constelacoes-do-hemisferio-sul\/#primaryimage"},"thumbnailUrl":"https:\/\/www.familyhastools.com\/wp-content\/uploads\/2020\/04\/constela\u00e7\u00f5es-c\u00e9u-noturno.png","datePublished":"2020-04-21T02:21:02+00:00","dateModified":"2023-09-27T20:40:57+00:00","description":"Vem aprender sobre as principais constela\u00e7\u00f5es do hemif\u00e9rio sul. Material todo pintado usando a t\u00e9cnica de pintura em aquarela. Em todos os desenhos a propor\u00e7\u00e3o e dist\u00e2ncia foram levados em conta v\u00e1rias fontes de livros espec\u00edficos de astronomia e constela\u00e7\u00f5es do hemisf\u00e9rio Sul.Neste material est\u00e3o contidos ilustra\u00e7\u00f5es de 6 das principais constela\u00e7\u00f5es dohemisf\u00e9rio sul (em dois tamanhos - pequeno e grande) e um flashcard com explica\u00e7\u00f5es de cada constela\u00e7\u00e3o. Arquivo em PDF.","breadcrumb":{"@id":"https:\/\/www.familyhastools.com\/index.php\/product\/ceu-noturno-principais-constelacoes-do-hemisferio-sul\/#breadcrumb"},"inLanguage":"pt-BR","potentialAction":[{"@type":"ReadAction","target":["https:\/\/www.familyhastools.com\/index.php\/product\/ceu-noturno-principais-constelacoes-do-hemisferio-sul\/"]}]},{"@type":"ImageObject","inLanguage":"pt-BR","@id":"https:\/\/www.familyhastools.com\/index.php\/product\/ceu-noturno-principais-constelacoes-do-hemisferio-sul\/#primaryimage","url":"https:\/\/www.familyhastools.com\/wp-content\/uploads\/2020\/04\/constela\u00e7\u00f5es-c\u00e9u-noturno.png","contentUrl":"https:\/\/www.familyhastools.com\/wp-content\/uploads\/2020\/04\/constela\u00e7\u00f5es-c\u00e9u-noturno.png","width":1080,"height":1080},{"@type":"BreadcrumbList","@id":"https:\/\/www.familyhastools.com\/index.php\/product\/ceu-noturno-principais-constelacoes-do-hemisferio-sul\/#breadcrumb","itemListElement":[{"@type":"ListItem","position":1,"name":"In\u00edcio","item":"https:\/\/www.familyhastools.com\/"},{"@type":"ListItem","position":2,"name":"Loja","item":"https:\/\/www.familyhastools.com\/index.php\/loja-2\/"},{"@type":"ListItem","position":3,"name":"C\u00e9u noturno: principais constela\u00e7\u00f5es do hemisf\u00e9rio sul"}]},{"@type":"WebSite","@id":"https:\/\/www.familyhastools.com\/#website","url":"https:\/\/www.familyhastools.com\/","name":"Family Has Tools","description":"A jornada de nossa familia homeschooler","publisher":{"@id":"https:\/\/www.familyhastools.com\/#organization"},"potentialAction":[{"@type":"SearchAction","target":{"@type":"EntryPoint","urlTemplate":"https:\/\/www.familyhastools.com\/?s={search_term_string}"},"query-input":{"@type":"PropertyValueSpecification","valueRequired":true,"valueName":"search_term_string"}}],"inLanguage":"pt-BR"},{"@type":"Organization","@id":"https:\/\/www.familyhastools.com\/#organization","name":"Family Has Tools","url":"https:\/\/www.familyhastools.com\/","logo":{"@type":"ImageObject","inLanguage":"pt-BR","@id":"https:\/\/www.familyhastools.com\/#\/schema\/logo\/image\/","url":"https:\/\/www.familyhastools.com\/wp-content\/uploads\/2020\/05\/logo-com-Arthur-_grande.png","contentUrl":"https:\/\/www.familyhastools.com\/wp-content\/uploads\/2020\/05\/logo-com-Arthur-_grande.png","width":2350,"height":1000,"caption":"Family Has Tools"},"image":{"@id":"https:\/\/www.familyhastools.com\/#\/schema\/logo\/image\/"}}]}},"_links":{"self":[{"href":"https:\/\/www.familyhastools.com\/index.php\/wp-json\/wp\/v2\/product\/1806","targetHints":{"allow":["GET"]}}],"collection":[{"href":"https:\/\/www.familyhastools.com\/index.php\/wp-json\/wp\/v2\/product"}],"about":[{"href":"https:\/\/www.familyhastools.com\/index.php\/wp-json\/wp\/v2\/types\/product"}],"wp:featuredmedia":[{"embeddable":true,"href":"https:\/\/www.familyhastools.com\/index.php\/wp-json\/wp\/v2\/media\/1808"}],"wp:attachment":[{"href":"https:\/\/www.familyhastools.com\/index.php\/wp-json\/wp\/v2\/media?parent=1806"}],"wp:term":[{"taxonomy":"product_brand","embeddable":true,"href":"https:\/\/www.familyhastools.com\/index.php\/wp-json\/wp\/v2\/product_brand?post=1806"},{"taxonomy":"product_cat","embeddable":true,"href":"https:\/\/www.familyhastools.com\/index.php\/wp-json\/wp\/v2\/product_cat?post=1806"},{"taxonomy":"product_tag","embeddable":true,"href":"https:\/\/www.familyhastools.com\/index.php\/wp-json\/wp\/v2\/product_tag?post=1806"}],"curies":[{"name":"wp","href":"https:\/\/api.w.org\/{rel}","templated":true}]}}