{"id":1793,"date":"2020-04-18T02:46:35","date_gmt":"2020-04-18T02:46:35","guid":{"rendered":"https:\/\/www.familyhastools.com\/?post_type=product&#038;p=1793"},"modified":"2023-09-27T20:41:20","modified_gmt":"2023-09-27T20:41:20","slug":"geografia-explorando-os-continentes-america","status":"publish","type":"product","link":"https:\/\/www.familyhastools.com\/index.php\/product\/geografia-explorando-os-continentes-america\/","title":{"rendered":"Geografia vamos estudar os continentes: Am\u00e9rica"},"content":{"rendered":"<p>Arquivo em PDF<\/p>\n<p>Produto desenvolvido para estimular o aprendizado dos continentes e pa\u00edses Americanos.<\/p>\n<p>Din\u00e2mico e Vers\u00e1til.<\/p>\n<p>Estimula a mem\u00f3ria visual e perceptiva das crian\u00e7as.<\/p>\n<p>88 Cards dos continentes referente a Am\u00e9rica do Norte e do Sul<\/p>\n<p>2 Mapas para acompanhar os estudos<\/p>\n<p>Veja aqui mais detalhes no v\u00eddeo a baixo:<\/p>\n<p>&nbsp;<\/p>\n<div style=\"width: 720px;\" class=\"wp-video\"><!--[if lt IE 9]><script>document.createElement('video');<\/script><![endif]-->\n<video class=\"wp-video-shortcode\" id=\"video-1793-1\" width=\"720\" height=\"1280\" preload=\"metadata\" controls=\"controls\"><source type=\"video\/mp4\" src=\"https:\/\/www.familyhastools.com\/wp-content\/uploads\/2020\/04\/Continentes-am\u00e9rica-_geografia-familyhastools.mp4?_=1\" \/><a href=\"https:\/\/www.familyhastools.com\/wp-content\/uploads\/2020\/04\/Continentes-am\u00e9rica-_geografia-familyhastools.mp4\">https:\/\/www.familyhastools.com\/wp-content\/uploads\/2020\/04\/Continentes-am\u00e9rica-_geografia-familyhastools.mp4<\/a><\/video><\/div>\n","protected":false},"excerpt":{"rendered":"<p>Arquivo em PDF Produto desenvolvido para estimular o aprendizado dos continentes e pa\u00edses Americanos. Din\u00e2mico e Vers\u00e1til. Estimula a mem\u00f3ria visual e perceptiva das crian\u00e7as. 88 Cards dos continentes referente a Am\u00e9rica do Norte e do Sul 2 Mapas para acompanhar os estudos Veja aqui mais detalhes no v\u00eddeo a baixo: &nbsp;<\/p>\n","protected":false},"featured_media":1794,"template":"","meta":[],"product_brand":[],"product_cat":[134,411,410,412,407,238,113],"product_tag":[371,182,241,136,372,370,118,177,239,130,240,121],"class_list":{"0":"post-1793","1":"product","2":"type-product","3":"status-publish","4":"has-post-thumbnail","6":"product_cat-ciencias","7":"product_cat-0-4-anos","8":"product_cat-5-8-anos","9":"product_cat-9-14-anos","10":"product_cat-para-familia-toda","11":"product_cat-geografia","12":"product_cat-diversos","13":"product_tag-america","14":"product_tag-brasil","15":"product_tag-charlotte-mason","16":"product_tag-ciencias","17":"product_tag-continente-americano","18":"product_tag-continentes","19":"product_tag-educacao-domiciliar","20":"product_tag-familyhastools","21":"product_tag-geografia","22":"product_tag-material-de-apoio","23":"product_tag-montessori","24":"product_tag-rachel-haswell","26":"first","27":"instock","28":"downloadable","29":"virtual","30":"purchasable","31":"product-type-simple"},"yoast_head":"<!-- This site is optimized with the Yoast SEO plugin v25.3 - https:\/\/yoast.com\/wordpress\/plugins\/seo\/ -->\n<title>Geografia vamos estudar os continentes: Am\u00e9rica - Family Has Tools<\/title>\n<meta name=\"robots\" content=\"index, follow, max-snippet:-1, max-image-preview:large, max-video-preview:-1\" \/>\n<link rel=\"canonical\" href=\"https:\/\/www.familyhastools.com\/index.php\/product\/geografia-explorando-os-continentes-america\/\" \/>\n<meta property=\"og:locale\" content=\"pt_BR\" \/>\n<meta property=\"og:type\" content=\"article\" \/>\n<meta property=\"og:title\" content=\"Geografia vamos estudar os continentes: Am\u00e9rica - Family Has Tools\" \/>\n<meta property=\"og:description\" content=\"Arquivo em PDF Produto desenvolvido para estimular o aprendizado dos continentes e pa\u00edses Americanos. Din\u00e2mico e Vers\u00e1til. Estimula a mem\u00f3ria visual e perceptiva das crian\u00e7as. 88 Cards dos continentes referente a Am\u00e9rica do Norte e do Sul 2 Mapas para acompanhar os estudos Veja aqui mais detalhes no v\u00eddeo a baixo: &nbsp;\" \/>\n<meta property=\"og:url\" content=\"https:\/\/www.familyhastools.com\/index.php\/product\/geografia-explorando-os-continentes-america\/\" \/>\n<meta property=\"og:site_name\" content=\"Family Has Tools\" \/>\n<meta property=\"article:modified_time\" content=\"2023-09-27T20:41:20+00:00\" \/>\n<meta property=\"og:image\" content=\"https:\/\/www.familyhastools.com\/wp-content\/uploads\/2020\/04\/Promo\u00e7\u00e3o-de-lan\u00e7amento-1.png\" \/>\n\t<meta property=\"og:image:width\" content=\"1080\" \/>\n\t<meta property=\"og:image:height\" content=\"1080\" \/>\n\t<meta property=\"og:image:type\" content=\"image\/png\" \/>\n<meta name=\"twitter:card\" content=\"summary_large_image\" \/>\n<script type=\"application\/ld+json\" class=\"yoast-schema-graph\">{\"@context\":\"https:\/\/schema.org\",\"@graph\":[{\"@type\":\"WebPage\",\"@id\":\"https:\/\/www.familyhastools.com\/index.php\/product\/geografia-explorando-os-continentes-america\/\",\"url\":\"https:\/\/www.familyhastools.com\/index.php\/product\/geografia-explorando-os-continentes-america\/\",\"name\":\"Geografia vamos estudar os continentes: Am\u00e9rica - Family Has Tools\",\"isPartOf\":{\"@id\":\"https:\/\/www.familyhastools.com\/#website\"},\"primaryImageOfPage\":{\"@id\":\"https:\/\/www.familyhastools.com\/index.php\/product\/geografia-explorando-os-continentes-america\/#primaryimage\"},\"image\":{\"@id\":\"https:\/\/www.familyhastools.com\/index.php\/product\/geografia-explorando-os-continentes-america\/#primaryimage\"},\"thumbnailUrl\":\"https:\/\/www.familyhastools.com\/wp-content\/uploads\/2020\/04\/Promo\u00e7\u00e3o-de-lan\u00e7amento-1.png\",\"datePublished\":\"2020-04-18T02:46:35+00:00\",\"dateModified\":\"2023-09-27T20:41:20+00:00\",\"breadcrumb\":{\"@id\":\"https:\/\/www.familyhastools.com\/index.php\/product\/geografia-explorando-os-continentes-america\/#breadcrumb\"},\"inLanguage\":\"pt-BR\",\"potentialAction\":[{\"@type\":\"ReadAction\",\"target\":[\"https:\/\/www.familyhastools.com\/index.php\/product\/geografia-explorando-os-continentes-america\/\"]}]},{\"@type\":\"ImageObject\",\"inLanguage\":\"pt-BR\",\"@id\":\"https:\/\/www.familyhastools.com\/index.php\/product\/geografia-explorando-os-continentes-america\/#primaryimage\",\"url\":\"https:\/\/www.familyhastools.com\/wp-content\/uploads\/2020\/04\/Promo\u00e7\u00e3o-de-lan\u00e7amento-1.png\",\"contentUrl\":\"https:\/\/www.familyhastools.com\/wp-content\/uploads\/2020\/04\/Promo\u00e7\u00e3o-de-lan\u00e7amento-1.png\",\"width\":1080,\"height\":1080},{\"@type\":\"BreadcrumbList\",\"@id\":\"https:\/\/www.familyhastools.com\/index.php\/product\/geografia-explorando-os-continentes-america\/#breadcrumb\",\"itemListElement\":[{\"@type\":\"ListItem\",\"position\":1,\"name\":\"In\u00edcio\",\"item\":\"https:\/\/www.familyhastools.com\/\"},{\"@type\":\"ListItem\",\"position\":2,\"name\":\"Loja\",\"item\":\"https:\/\/www.familyhastools.com\/index.php\/loja-2\/\"},{\"@type\":\"ListItem\",\"position\":3,\"name\":\"Geografia vamos estudar os continentes: Am\u00e9rica\"}]},{\"@type\":\"WebSite\",\"@id\":\"https:\/\/www.familyhastools.com\/#website\",\"url\":\"https:\/\/www.familyhastools.com\/\",\"name\":\"Family Has Tools\",\"description\":\"A jornada de nossa familia homeschooler\",\"publisher\":{\"@id\":\"https:\/\/www.familyhastools.com\/#organization\"},\"potentialAction\":[{\"@type\":\"SearchAction\",\"target\":{\"@type\":\"EntryPoint\",\"urlTemplate\":\"https:\/\/www.familyhastools.com\/?s={search_term_string}\"},\"query-input\":{\"@type\":\"PropertyValueSpecification\",\"valueRequired\":true,\"valueName\":\"search_term_string\"}}],\"inLanguage\":\"pt-BR\"},{\"@type\":\"Organization\",\"@id\":\"https:\/\/www.familyhastools.com\/#organization\",\"name\":\"Family Has Tools\",\"url\":\"https:\/\/www.familyhastools.com\/\",\"logo\":{\"@type\":\"ImageObject\",\"inLanguage\":\"pt-BR\",\"@id\":\"https:\/\/www.familyhastools.com\/#\/schema\/logo\/image\/\",\"url\":\"https:\/\/www.familyhastools.com\/wp-content\/uploads\/2020\/05\/logo-com-Arthur-_grande.png\",\"contentUrl\":\"https:\/\/www.familyhastools.com\/wp-content\/uploads\/2020\/05\/logo-com-Arthur-_grande.png\",\"width\":2350,\"height\":1000,\"caption\":\"Family Has Tools\"},\"image\":{\"@id\":\"https:\/\/www.familyhastools.com\/#\/schema\/logo\/image\/\"}}]}<\/script>\n<!-- \/ Yoast SEO plugin. -->","yoast_head_json":{"title":"Geografia vamos estudar os continentes: Am\u00e9rica - Family Has Tools","robots":{"index":"index","follow":"follow","max-snippet":"max-snippet:-1","max-image-preview":"max-image-preview:large","max-video-preview":"max-video-preview:-1"},"canonical":"https:\/\/www.familyhastools.com\/index.php\/product\/geografia-explorando-os-continentes-america\/","og_locale":"pt_BR","og_type":"article","og_title":"Geografia vamos estudar os continentes: Am\u00e9rica - Family Has Tools","og_description":"Arquivo em PDF Produto desenvolvido para estimular o aprendizado dos continentes e pa\u00edses Americanos. Din\u00e2mico e Vers\u00e1til. Estimula a mem\u00f3ria visual e perceptiva das crian\u00e7as. 88 Cards dos continentes referente a Am\u00e9rica do Norte e do Sul 2 Mapas para acompanhar os estudos Veja aqui mais detalhes no v\u00eddeo a baixo: &nbsp;","og_url":"https:\/\/www.familyhastools.com\/index.php\/product\/geografia-explorando-os-continentes-america\/","og_site_name":"Family Has Tools","article_modified_time":"2023-09-27T20:41:20+00:00","og_image":[{"width":1080,"height":1080,"url":"https:\/\/www.familyhastools.com\/wp-content\/uploads\/2020\/04\/Promo\u00e7\u00e3o-de-lan\u00e7amento-1.png","type":"image\/png"}],"twitter_card":"summary_large_image","schema":{"@context":"https:\/\/schema.org","@graph":[{"@type":"WebPage","@id":"https:\/\/www.familyhastools.com\/index.php\/product\/geografia-explorando-os-continentes-america\/","url":"https:\/\/www.familyhastools.com\/index.php\/product\/geografia-explorando-os-continentes-america\/","name":"Geografia vamos estudar os continentes: Am\u00e9rica - Family Has Tools","isPartOf":{"@id":"https:\/\/www.familyhastools.com\/#website"},"primaryImageOfPage":{"@id":"https:\/\/www.familyhastools.com\/index.php\/product\/geografia-explorando-os-continentes-america\/#primaryimage"},"image":{"@id":"https:\/\/www.familyhastools.com\/index.php\/product\/geografia-explorando-os-continentes-america\/#primaryimage"},"thumbnailUrl":"https:\/\/www.familyhastools.com\/wp-content\/uploads\/2020\/04\/Promo\u00e7\u00e3o-de-lan\u00e7amento-1.png","datePublished":"2020-04-18T02:46:35+00:00","dateModified":"2023-09-27T20:41:20+00:00","breadcrumb":{"@id":"https:\/\/www.familyhastools.com\/index.php\/product\/geografia-explorando-os-continentes-america\/#breadcrumb"},"inLanguage":"pt-BR","potentialAction":[{"@type":"ReadAction","target":["https:\/\/www.familyhastools.com\/index.php\/product\/geografia-explorando-os-continentes-america\/"]}]},{"@type":"ImageObject","inLanguage":"pt-BR","@id":"https:\/\/www.familyhastools.com\/index.php\/product\/geografia-explorando-os-continentes-america\/#primaryimage","url":"https:\/\/www.familyhastools.com\/wp-content\/uploads\/2020\/04\/Promo\u00e7\u00e3o-de-lan\u00e7amento-1.png","contentUrl":"https:\/\/www.familyhastools.com\/wp-content\/uploads\/2020\/04\/Promo\u00e7\u00e3o-de-lan\u00e7amento-1.png","width":1080,"height":1080},{"@type":"BreadcrumbList","@id":"https:\/\/www.familyhastools.com\/index.php\/product\/geografia-explorando-os-continentes-america\/#breadcrumb","itemListElement":[{"@type":"ListItem","position":1,"name":"In\u00edcio","item":"https:\/\/www.familyhastools.com\/"},{"@type":"ListItem","position":2,"name":"Loja","item":"https:\/\/www.familyhastools.com\/index.php\/loja-2\/"},{"@type":"ListItem","position":3,"name":"Geografia vamos estudar os continentes: Am\u00e9rica"}]},{"@type":"WebSite","@id":"https:\/\/www.familyhastools.com\/#website","url":"https:\/\/www.familyhastools.com\/","name":"Family Has Tools","description":"A jornada de nossa familia homeschooler","publisher":{"@id":"https:\/\/www.familyhastools.com\/#organization"},"potentialAction":[{"@type":"SearchAction","target":{"@type":"EntryPoint","urlTemplate":"https:\/\/www.familyhastools.com\/?s={search_term_string}"},"query-input":{"@type":"PropertyValueSpecification","valueRequired":true,"valueName":"search_term_string"}}],"inLanguage":"pt-BR"},{"@type":"Organization","@id":"https:\/\/www.familyhastools.com\/#organization","name":"Family Has Tools","url":"https:\/\/www.familyhastools.com\/","logo":{"@type":"ImageObject","inLanguage":"pt-BR","@id":"https:\/\/www.familyhastools.com\/#\/schema\/logo\/image\/","url":"https:\/\/www.familyhastools.com\/wp-content\/uploads\/2020\/05\/logo-com-Arthur-_grande.png","contentUrl":"https:\/\/www.familyhastools.com\/wp-content\/uploads\/2020\/05\/logo-com-Arthur-_grande.png","width":2350,"height":1000,"caption":"Family Has Tools"},"image":{"@id":"https:\/\/www.familyhastools.com\/#\/schema\/logo\/image\/"}}]}},"_links":{"self":[{"href":"https:\/\/www.familyhastools.com\/index.php\/wp-json\/wp\/v2\/product\/1793","targetHints":{"allow":["GET"]}}],"collection":[{"href":"https:\/\/www.familyhastools.com\/index.php\/wp-json\/wp\/v2\/product"}],"about":[{"href":"https:\/\/www.familyhastools.com\/index.php\/wp-json\/wp\/v2\/types\/product"}],"wp:featuredmedia":[{"embeddable":true,"href":"https:\/\/www.familyhastools.com\/index.php\/wp-json\/wp\/v2\/media\/1794"}],"wp:attachment":[{"href":"https:\/\/www.familyhastools.com\/index.php\/wp-json\/wp\/v2\/media?parent=1793"}],"wp:term":[{"taxonomy":"product_brand","embeddable":true,"href":"https:\/\/www.familyhastools.com\/index.php\/wp-json\/wp\/v2\/product_brand?post=1793"},{"taxonomy":"product_cat","embeddable":true,"href":"https:\/\/www.familyhastools.com\/index.php\/wp-json\/wp\/v2\/product_cat?post=1793"},{"taxonomy":"product_tag","embeddable":true,"href":"https:\/\/www.familyhastools.com\/index.php\/wp-json\/wp\/v2\/product_tag?post=1793"}],"curies":[{"name":"wp","href":"https:\/\/api.w.org\/{rel}","templated":true}]}}