{"id":1592,"date":"2019-12-09T17:46:00","date_gmt":"2019-12-09T17:46:00","guid":{"rendered":"https:\/\/www.familyhastools.com\/?post_type=product&#038;p=1592"},"modified":"2023-09-27T20:41:37","modified_gmt":"2023-09-27T20:41:37","slug":"unidade-de-estudo-formigas","status":"publish","type":"product","link":"https:\/\/www.familyhastools.com\/index.php\/product\/unidade-de-estudo-formigas\/","title":{"rendered":"Unidade de estudo: Formigas"},"content":{"rendered":"<p>Tudo o que nesta apostila est\u00e1 foi especialmente elaborado para explicar as caracter\u00edsticas e d\u00favidas principais do tema , buscando instigar as crian\u00e7as a seguirem uma linha de racioc\u00ednio l\u00f3gico na busca por informa\u00e7\u00e3o dentro do tema.<\/p>\n<p>Segue algumas imagens de partes de conte\u00fado presente na apostila bem como o \u00edndice.<\/p>\n<p>O arquivo \u00e9 em PDF: \u00a0Total de 56 p\u00e1ginas<\/p>\n<p>(o link para download \u00e9 enviado para o seu e-mail em at\u00e9 24 horas ap\u00f3s confirma\u00e7\u00e3o do pagamento)<\/p>\n<p>Indica\u00e7\u00e3o: 4 -1 2 anos (Tem atividades para crian\u00e7as menores e maiores)<\/p>\n<p>&nbsp;<\/p>\n<p>https:\/\/www.instagram.com\/tv\/B53DPs8JNsv\/?igshid=gauyrnibzrq1<\/p>\n<p>&nbsp;<\/p>\n","protected":false},"excerpt":{"rendered":"<p>Tudo o que nesta apostila est\u00e1 foi especialmente elaborado para explicar as caracter\u00edsticas e d\u00favidas principais do tema , buscando instigar as crian\u00e7as a seguirem uma linha de racioc\u00ednio l\u00f3gico na busca por informa\u00e7\u00e3o dentro do tema. Segue algumas imagens de partes de conte\u00fado presente na apostila bem como o \u00edndice. O arquivo \u00e9 em [&hellip;]<\/p>\n","protected":false},"featured_media":1593,"template":"","meta":[],"product_brand":[],"product_cat":[134,411,410,412,407],"product_tag":[222,136,221,177,220,219,121,127],"class_list":{"0":"post-1592","1":"product","2":"type-product","3":"status-publish","4":"has-post-thumbnail","6":"product_cat-ciencias","7":"product_cat-0-4-anos","8":"product_cat-5-8-anos","9":"product_cat-9-14-anos","10":"product_cat-para-familia-toda","11":"product_tag-apostila","12":"product_tag-ciencias","13":"product_tag-cupim","14":"product_tag-familyhastools","15":"product_tag-formiga","16":"product_tag-formigas","17":"product_tag-rachel-haswell","18":"product_tag-unidade-de-estudo","20":"first","21":"instock","22":"downloadable","23":"virtual","24":"purchasable","25":"product-type-simple"},"yoast_head":"<!-- This site is optimized with the Yoast SEO plugin v25.3 - https:\/\/yoast.com\/wordpress\/plugins\/seo\/ -->\n<title>Unidade de estudo: Formigas - Family Has Tools<\/title>\n<meta name=\"robots\" content=\"index, follow, max-snippet:-1, max-image-preview:large, max-video-preview:-1\" \/>\n<link rel=\"canonical\" href=\"https:\/\/www.familyhastools.com\/index.php\/product\/unidade-de-estudo-formigas\/\" \/>\n<meta property=\"og:locale\" content=\"pt_BR\" \/>\n<meta property=\"og:type\" content=\"article\" \/>\n<meta property=\"og:title\" content=\"Unidade de estudo: Formigas - Family Has Tools\" \/>\n<meta property=\"og:description\" content=\"Tudo o que nesta apostila est\u00e1 foi especialmente elaborado para explicar as caracter\u00edsticas e d\u00favidas principais do tema , buscando instigar as crian\u00e7as a seguirem uma linha de racioc\u00ednio l\u00f3gico na busca por informa\u00e7\u00e3o dentro do tema. Segue algumas imagens de partes de conte\u00fado presente na apostila bem como o \u00edndice. O arquivo \u00e9 em [&hellip;]\" \/>\n<meta property=\"og:url\" content=\"https:\/\/www.familyhastools.com\/index.php\/product\/unidade-de-estudo-formigas\/\" \/>\n<meta property=\"og:site_name\" content=\"Family Has Tools\" \/>\n<meta property=\"article:modified_time\" content=\"2023-09-27T20:41:37+00:00\" \/>\n<meta property=\"og:image\" content=\"https:\/\/www.familyhastools.com\/wp-content\/uploads\/2019\/12\/Capa-Unidade-de-estudo-formigas-familyhastools.png\" \/>\n\t<meta property=\"og:image:width\" content=\"1366\" \/>\n\t<meta property=\"og:image:height\" content=\"768\" \/>\n\t<meta property=\"og:image:type\" content=\"image\/png\" \/>\n<meta name=\"twitter:card\" content=\"summary_large_image\" \/>\n<meta name=\"twitter:label1\" content=\"Est. tempo de leitura\" \/>\n\t<meta name=\"twitter:data1\" content=\"1 minuto\" \/>\n<script type=\"application\/ld+json\" class=\"yoast-schema-graph\">{\"@context\":\"https:\/\/schema.org\",\"@graph\":[{\"@type\":\"WebPage\",\"@id\":\"https:\/\/www.familyhastools.com\/index.php\/product\/unidade-de-estudo-formigas\/\",\"url\":\"https:\/\/www.familyhastools.com\/index.php\/product\/unidade-de-estudo-formigas\/\",\"name\":\"Unidade de estudo: Formigas - Family Has Tools\",\"isPartOf\":{\"@id\":\"https:\/\/www.familyhastools.com\/#website\"},\"primaryImageOfPage\":{\"@id\":\"https:\/\/www.familyhastools.com\/index.php\/product\/unidade-de-estudo-formigas\/#primaryimage\"},\"image\":{\"@id\":\"https:\/\/www.familyhastools.com\/index.php\/product\/unidade-de-estudo-formigas\/#primaryimage\"},\"thumbnailUrl\":\"https:\/\/www.familyhastools.com\/wp-content\/uploads\/2019\/12\/Capa-Unidade-de-estudo-formigas-familyhastools.png\",\"datePublished\":\"2019-12-09T17:46:00+00:00\",\"dateModified\":\"2023-09-27T20:41:37+00:00\",\"breadcrumb\":{\"@id\":\"https:\/\/www.familyhastools.com\/index.php\/product\/unidade-de-estudo-formigas\/#breadcrumb\"},\"inLanguage\":\"pt-BR\",\"potentialAction\":[{\"@type\":\"ReadAction\",\"target\":[\"https:\/\/www.familyhastools.com\/index.php\/product\/unidade-de-estudo-formigas\/\"]}]},{\"@type\":\"ImageObject\",\"inLanguage\":\"pt-BR\",\"@id\":\"https:\/\/www.familyhastools.com\/index.php\/product\/unidade-de-estudo-formigas\/#primaryimage\",\"url\":\"https:\/\/www.familyhastools.com\/wp-content\/uploads\/2019\/12\/Capa-Unidade-de-estudo-formigas-familyhastools.png\",\"contentUrl\":\"https:\/\/www.familyhastools.com\/wp-content\/uploads\/2019\/12\/Capa-Unidade-de-estudo-formigas-familyhastools.png\",\"width\":1366,\"height\":768},{\"@type\":\"BreadcrumbList\",\"@id\":\"https:\/\/www.familyhastools.com\/index.php\/product\/unidade-de-estudo-formigas\/#breadcrumb\",\"itemListElement\":[{\"@type\":\"ListItem\",\"position\":1,\"name\":\"In\u00edcio\",\"item\":\"https:\/\/www.familyhastools.com\/\"},{\"@type\":\"ListItem\",\"position\":2,\"name\":\"Loja\",\"item\":\"https:\/\/www.familyhastools.com\/index.php\/loja-2\/\"},{\"@type\":\"ListItem\",\"position\":3,\"name\":\"Unidade de estudo: Formigas\"}]},{\"@type\":\"WebSite\",\"@id\":\"https:\/\/www.familyhastools.com\/#website\",\"url\":\"https:\/\/www.familyhastools.com\/\",\"name\":\"Family Has Tools\",\"description\":\"A jornada de nossa familia homeschooler\",\"publisher\":{\"@id\":\"https:\/\/www.familyhastools.com\/#organization\"},\"potentialAction\":[{\"@type\":\"SearchAction\",\"target\":{\"@type\":\"EntryPoint\",\"urlTemplate\":\"https:\/\/www.familyhastools.com\/?s={search_term_string}\"},\"query-input\":{\"@type\":\"PropertyValueSpecification\",\"valueRequired\":true,\"valueName\":\"search_term_string\"}}],\"inLanguage\":\"pt-BR\"},{\"@type\":\"Organization\",\"@id\":\"https:\/\/www.familyhastools.com\/#organization\",\"name\":\"Family Has Tools\",\"url\":\"https:\/\/www.familyhastools.com\/\",\"logo\":{\"@type\":\"ImageObject\",\"inLanguage\":\"pt-BR\",\"@id\":\"https:\/\/www.familyhastools.com\/#\/schema\/logo\/image\/\",\"url\":\"https:\/\/www.familyhastools.com\/wp-content\/uploads\/2020\/05\/logo-com-Arthur-_grande.png\",\"contentUrl\":\"https:\/\/www.familyhastools.com\/wp-content\/uploads\/2020\/05\/logo-com-Arthur-_grande.png\",\"width\":2350,\"height\":1000,\"caption\":\"Family Has Tools\"},\"image\":{\"@id\":\"https:\/\/www.familyhastools.com\/#\/schema\/logo\/image\/\"}}]}<\/script>\n<!-- \/ Yoast SEO plugin. -->","yoast_head_json":{"title":"Unidade de estudo: Formigas - Family Has Tools","robots":{"index":"index","follow":"follow","max-snippet":"max-snippet:-1","max-image-preview":"max-image-preview:large","max-video-preview":"max-video-preview:-1"},"canonical":"https:\/\/www.familyhastools.com\/index.php\/product\/unidade-de-estudo-formigas\/","og_locale":"pt_BR","og_type":"article","og_title":"Unidade de estudo: Formigas - Family Has Tools","og_description":"Tudo o que nesta apostila est\u00e1 foi especialmente elaborado para explicar as caracter\u00edsticas e d\u00favidas principais do tema , buscando instigar as crian\u00e7as a seguirem uma linha de racioc\u00ednio l\u00f3gico na busca por informa\u00e7\u00e3o dentro do tema. Segue algumas imagens de partes de conte\u00fado presente na apostila bem como o \u00edndice. O arquivo \u00e9 em [&hellip;]","og_url":"https:\/\/www.familyhastools.com\/index.php\/product\/unidade-de-estudo-formigas\/","og_site_name":"Family Has Tools","article_modified_time":"2023-09-27T20:41:37+00:00","og_image":[{"width":1366,"height":768,"url":"https:\/\/www.familyhastools.com\/wp-content\/uploads\/2019\/12\/Capa-Unidade-de-estudo-formigas-familyhastools.png","type":"image\/png"}],"twitter_card":"summary_large_image","twitter_misc":{"Est. tempo de leitura":"1 minuto"},"schema":{"@context":"https:\/\/schema.org","@graph":[{"@type":"WebPage","@id":"https:\/\/www.familyhastools.com\/index.php\/product\/unidade-de-estudo-formigas\/","url":"https:\/\/www.familyhastools.com\/index.php\/product\/unidade-de-estudo-formigas\/","name":"Unidade de estudo: Formigas - Family Has Tools","isPartOf":{"@id":"https:\/\/www.familyhastools.com\/#website"},"primaryImageOfPage":{"@id":"https:\/\/www.familyhastools.com\/index.php\/product\/unidade-de-estudo-formigas\/#primaryimage"},"image":{"@id":"https:\/\/www.familyhastools.com\/index.php\/product\/unidade-de-estudo-formigas\/#primaryimage"},"thumbnailUrl":"https:\/\/www.familyhastools.com\/wp-content\/uploads\/2019\/12\/Capa-Unidade-de-estudo-formigas-familyhastools.png","datePublished":"2019-12-09T17:46:00+00:00","dateModified":"2023-09-27T20:41:37+00:00","breadcrumb":{"@id":"https:\/\/www.familyhastools.com\/index.php\/product\/unidade-de-estudo-formigas\/#breadcrumb"},"inLanguage":"pt-BR","potentialAction":[{"@type":"ReadAction","target":["https:\/\/www.familyhastools.com\/index.php\/product\/unidade-de-estudo-formigas\/"]}]},{"@type":"ImageObject","inLanguage":"pt-BR","@id":"https:\/\/www.familyhastools.com\/index.php\/product\/unidade-de-estudo-formigas\/#primaryimage","url":"https:\/\/www.familyhastools.com\/wp-content\/uploads\/2019\/12\/Capa-Unidade-de-estudo-formigas-familyhastools.png","contentUrl":"https:\/\/www.familyhastools.com\/wp-content\/uploads\/2019\/12\/Capa-Unidade-de-estudo-formigas-familyhastools.png","width":1366,"height":768},{"@type":"BreadcrumbList","@id":"https:\/\/www.familyhastools.com\/index.php\/product\/unidade-de-estudo-formigas\/#breadcrumb","itemListElement":[{"@type":"ListItem","position":1,"name":"In\u00edcio","item":"https:\/\/www.familyhastools.com\/"},{"@type":"ListItem","position":2,"name":"Loja","item":"https:\/\/www.familyhastools.com\/index.php\/loja-2\/"},{"@type":"ListItem","position":3,"name":"Unidade de estudo: Formigas"}]},{"@type":"WebSite","@id":"https:\/\/www.familyhastools.com\/#website","url":"https:\/\/www.familyhastools.com\/","name":"Family Has Tools","description":"A jornada de nossa familia homeschooler","publisher":{"@id":"https:\/\/www.familyhastools.com\/#organization"},"potentialAction":[{"@type":"SearchAction","target":{"@type":"EntryPoint","urlTemplate":"https:\/\/www.familyhastools.com\/?s={search_term_string}"},"query-input":{"@type":"PropertyValueSpecification","valueRequired":true,"valueName":"search_term_string"}}],"inLanguage":"pt-BR"},{"@type":"Organization","@id":"https:\/\/www.familyhastools.com\/#organization","name":"Family Has Tools","url":"https:\/\/www.familyhastools.com\/","logo":{"@type":"ImageObject","inLanguage":"pt-BR","@id":"https:\/\/www.familyhastools.com\/#\/schema\/logo\/image\/","url":"https:\/\/www.familyhastools.com\/wp-content\/uploads\/2020\/05\/logo-com-Arthur-_grande.png","contentUrl":"https:\/\/www.familyhastools.com\/wp-content\/uploads\/2020\/05\/logo-com-Arthur-_grande.png","width":2350,"height":1000,"caption":"Family Has Tools"},"image":{"@id":"https:\/\/www.familyhastools.com\/#\/schema\/logo\/image\/"}}]}},"_links":{"self":[{"href":"https:\/\/www.familyhastools.com\/index.php\/wp-json\/wp\/v2\/product\/1592","targetHints":{"allow":["GET"]}}],"collection":[{"href":"https:\/\/www.familyhastools.com\/index.php\/wp-json\/wp\/v2\/product"}],"about":[{"href":"https:\/\/www.familyhastools.com\/index.php\/wp-json\/wp\/v2\/types\/product"}],"wp:featuredmedia":[{"embeddable":true,"href":"https:\/\/www.familyhastools.com\/index.php\/wp-json\/wp\/v2\/media\/1593"}],"wp:attachment":[{"href":"https:\/\/www.familyhastools.com\/index.php\/wp-json\/wp\/v2\/media?parent=1592"}],"wp:term":[{"taxonomy":"product_brand","embeddable":true,"href":"https:\/\/www.familyhastools.com\/index.php\/wp-json\/wp\/v2\/product_brand?post=1592"},{"taxonomy":"product_cat","embeddable":true,"href":"https:\/\/www.familyhastools.com\/index.php\/wp-json\/wp\/v2\/product_cat?post=1592"},{"taxonomy":"product_tag","embeddable":true,"href":"https:\/\/www.familyhastools.com\/index.php\/wp-json\/wp\/v2\/product_tag?post=1592"}],"curies":[{"name":"wp","href":"https:\/\/api.w.org\/{rel}","templated":true}]}}