{"id":1255,"date":"2018-11-21T18:11:02","date_gmt":"2018-11-21T18:11:02","guid":{"rendered":"http:\/\/familyhastools.com\/?post_type=product&#038;p=1255"},"modified":"2023-09-27T20:42:32","modified_gmt":"2023-09-27T20:42:32","slug":"unidade-de-estudo-abelhas","status":"publish","type":"product","link":"https:\/\/www.familyhastools.com\/index.php\/product\/unidade-de-estudo-abelhas\/","title":{"rendered":"Unidade de estudo: Abelhas"},"content":{"rendered":"<p>Tudo o que nesta apostila est\u00e1 foi especialmente elaborado para explicar as caracter\u00edsticas e d\u00favidas principais do tema , buscando instigar as crian\u00e7as a seguirem uma linha de racioc\u00ednio l\u00f3gico na busca por informa\u00e7\u00e3o dentro do tema.<\/p>\n<p>Segue algumas imagens de partes de conte\u00fado presente na apostila bem como o \u00edndice.<\/p>\n<p><strong>O arquivo \u00e9 em PDF<\/strong>: \u00a0Total de 49 p\u00e1ginas + arquivo com sugest\u00f5es de uso.<\/p>\n<p>(Download direto ap\u00f3s confirma\u00e7\u00e3o do pagamento)<\/p>\n<p>Indica\u00e7\u00e3o: 4 -1 2 anos (Tem atividades para crian\u00e7as menores e maiores)<\/p>\n<div style=\"width: 480px;\" class=\"wp-video\"><!--[if lt IE 9]><script>document.createElement('video');<\/script><![endif]-->\n<video class=\"wp-video-shortcode\" id=\"video-1255-1\" width=\"480\" height=\"896\" preload=\"metadata\" controls=\"controls\"><source type=\"video\/mp4\" src=\"https:\/\/www.familyhastools.com\/wp-content\/uploads\/2018\/11\/111938082_4174914095883693_7514763483705271220_n.mp4?_=1\" \/><a href=\"https:\/\/www.familyhastools.com\/wp-content\/uploads\/2018\/11\/111938082_4174914095883693_7514763483705271220_n.mp4\">https:\/\/www.familyhastools.com\/wp-content\/uploads\/2018\/11\/111938082_4174914095883693_7514763483705271220_n.mp4<\/a><\/video><\/div>\n","protected":false},"excerpt":{"rendered":"<p>Tudo o que nesta apostila est\u00e1 foi especialmente elaborado para explicar as caracter\u00edsticas e d\u00favidas principais do tema , buscando instigar as crian\u00e7as a seguirem uma linha de racioc\u00ednio l\u00f3gico na busca por informa\u00e7\u00e3o dentro do tema. Segue algumas imagens de partes de conte\u00fado presente na apostila bem como o \u00edndice. O arquivo \u00e9 em [&hellip;]<\/p>\n","protected":false},"featured_media":1347,"template":"","meta":[],"product_brand":[],"product_cat":[134,411,410,412,407],"product_tag":[167,168,136,118,119,169,170,130,171,121,127,166],"class_list":{"0":"post-1255","1":"product","2":"type-product","3":"status-publish","4":"has-post-thumbnail","6":"product_cat-ciencias","7":"product_cat-0-4-anos","8":"product_cat-5-8-anos","9":"product_cat-9-14-anos","10":"product_cat-para-familia-toda","11":"product_tag-abelha","12":"product_tag-abelhas","13":"product_tag-ciencias","14":"product_tag-educacao-domiciliar","15":"product_tag-ensino-domiciliar","16":"product_tag-homescholl","17":"product_tag-homeschooling","18":"product_tag-material-de-apoio","19":"product_tag-material-didatico","20":"product_tag-rachel-haswell","21":"product_tag-unidade-de-estudo","22":"product_tag-unity-study","24":"first","25":"instock","26":"downloadable","27":"virtual","28":"purchasable","29":"product-type-simple"},"yoast_head":"<!-- This site is optimized with the Yoast SEO plugin v25.3 - https:\/\/yoast.com\/wordpress\/plugins\/seo\/ -->\n<title>Unidade de estudo: Abelhas - Family Has Tools<\/title>\n<meta name=\"robots\" content=\"index, follow, max-snippet:-1, max-image-preview:large, max-video-preview:-1\" \/>\n<link rel=\"canonical\" href=\"https:\/\/www.familyhastools.com\/index.php\/product\/unidade-de-estudo-abelhas\/\" \/>\n<meta property=\"og:locale\" content=\"pt_BR\" \/>\n<meta property=\"og:type\" content=\"article\" \/>\n<meta property=\"og:title\" content=\"Unidade de estudo: Abelhas - Family Has Tools\" \/>\n<meta property=\"og:description\" content=\"Tudo o que nesta apostila est\u00e1 foi especialmente elaborado para explicar as caracter\u00edsticas e d\u00favidas principais do tema , buscando instigar as crian\u00e7as a seguirem uma linha de racioc\u00ednio l\u00f3gico na busca por informa\u00e7\u00e3o dentro do tema. Segue algumas imagens de partes de conte\u00fado presente na apostila bem como o \u00edndice. O arquivo \u00e9 em [&hellip;]\" \/>\n<meta property=\"og:url\" content=\"https:\/\/www.familyhastools.com\/index.php\/product\/unidade-de-estudo-abelhas\/\" \/>\n<meta property=\"og:site_name\" content=\"Family Has Tools\" \/>\n<meta property=\"article:modified_time\" content=\"2023-09-27T20:42:32+00:00\" \/>\n<meta property=\"og:image\" content=\"https:\/\/www.familyhastools.com\/wp-content\/uploads\/2018\/11\/capa-Unidade-de-estudo-abelhas-Loja.png\" \/>\n\t<meta property=\"og:image:width\" content=\"1024\" \/>\n\t<meta property=\"og:image:height\" content=\"577\" \/>\n\t<meta property=\"og:image:type\" content=\"image\/png\" \/>\n<meta name=\"twitter:card\" content=\"summary_large_image\" \/>\n<meta name=\"twitter:label1\" content=\"Est. tempo de leitura\" \/>\n\t<meta name=\"twitter:data1\" content=\"1 minuto\" \/>\n<script type=\"application\/ld+json\" class=\"yoast-schema-graph\">{\"@context\":\"https:\/\/schema.org\",\"@graph\":[{\"@type\":\"WebPage\",\"@id\":\"https:\/\/www.familyhastools.com\/index.php\/product\/unidade-de-estudo-abelhas\/\",\"url\":\"https:\/\/www.familyhastools.com\/index.php\/product\/unidade-de-estudo-abelhas\/\",\"name\":\"Unidade de estudo: Abelhas - Family Has Tools\",\"isPartOf\":{\"@id\":\"https:\/\/www.familyhastools.com\/#website\"},\"primaryImageOfPage\":{\"@id\":\"https:\/\/www.familyhastools.com\/index.php\/product\/unidade-de-estudo-abelhas\/#primaryimage\"},\"image\":{\"@id\":\"https:\/\/www.familyhastools.com\/index.php\/product\/unidade-de-estudo-abelhas\/#primaryimage\"},\"thumbnailUrl\":\"https:\/\/www.familyhastools.com\/wp-content\/uploads\/2018\/11\/capa-Unidade-de-estudo-abelhas-Loja.png\",\"datePublished\":\"2018-11-21T18:11:02+00:00\",\"dateModified\":\"2023-09-27T20:42:32+00:00\",\"breadcrumb\":{\"@id\":\"https:\/\/www.familyhastools.com\/index.php\/product\/unidade-de-estudo-abelhas\/#breadcrumb\"},\"inLanguage\":\"pt-BR\",\"potentialAction\":[{\"@type\":\"ReadAction\",\"target\":[\"https:\/\/www.familyhastools.com\/index.php\/product\/unidade-de-estudo-abelhas\/\"]}]},{\"@type\":\"ImageObject\",\"inLanguage\":\"pt-BR\",\"@id\":\"https:\/\/www.familyhastools.com\/index.php\/product\/unidade-de-estudo-abelhas\/#primaryimage\",\"url\":\"https:\/\/www.familyhastools.com\/wp-content\/uploads\/2018\/11\/capa-Unidade-de-estudo-abelhas-Loja.png\",\"contentUrl\":\"https:\/\/www.familyhastools.com\/wp-content\/uploads\/2018\/11\/capa-Unidade-de-estudo-abelhas-Loja.png\",\"width\":1024,\"height\":577},{\"@type\":\"BreadcrumbList\",\"@id\":\"https:\/\/www.familyhastools.com\/index.php\/product\/unidade-de-estudo-abelhas\/#breadcrumb\",\"itemListElement\":[{\"@type\":\"ListItem\",\"position\":1,\"name\":\"In\u00edcio\",\"item\":\"https:\/\/www.familyhastools.com\/\"},{\"@type\":\"ListItem\",\"position\":2,\"name\":\"Loja\",\"item\":\"https:\/\/www.familyhastools.com\/index.php\/loja-2\/\"},{\"@type\":\"ListItem\",\"position\":3,\"name\":\"Unidade de estudo: Abelhas\"}]},{\"@type\":\"WebSite\",\"@id\":\"https:\/\/www.familyhastools.com\/#website\",\"url\":\"https:\/\/www.familyhastools.com\/\",\"name\":\"Family Has Tools\",\"description\":\"A jornada de nossa familia homeschooler\",\"publisher\":{\"@id\":\"https:\/\/www.familyhastools.com\/#organization\"},\"potentialAction\":[{\"@type\":\"SearchAction\",\"target\":{\"@type\":\"EntryPoint\",\"urlTemplate\":\"https:\/\/www.familyhastools.com\/?s={search_term_string}\"},\"query-input\":{\"@type\":\"PropertyValueSpecification\",\"valueRequired\":true,\"valueName\":\"search_term_string\"}}],\"inLanguage\":\"pt-BR\"},{\"@type\":\"Organization\",\"@id\":\"https:\/\/www.familyhastools.com\/#organization\",\"name\":\"Family Has Tools\",\"url\":\"https:\/\/www.familyhastools.com\/\",\"logo\":{\"@type\":\"ImageObject\",\"inLanguage\":\"pt-BR\",\"@id\":\"https:\/\/www.familyhastools.com\/#\/schema\/logo\/image\/\",\"url\":\"https:\/\/www.familyhastools.com\/wp-content\/uploads\/2020\/05\/logo-com-Arthur-_grande.png\",\"contentUrl\":\"https:\/\/www.familyhastools.com\/wp-content\/uploads\/2020\/05\/logo-com-Arthur-_grande.png\",\"width\":2350,\"height\":1000,\"caption\":\"Family Has Tools\"},\"image\":{\"@id\":\"https:\/\/www.familyhastools.com\/#\/schema\/logo\/image\/\"}}]}<\/script>\n<!-- \/ Yoast SEO plugin. -->","yoast_head_json":{"title":"Unidade de estudo: Abelhas - Family Has Tools","robots":{"index":"index","follow":"follow","max-snippet":"max-snippet:-1","max-image-preview":"max-image-preview:large","max-video-preview":"max-video-preview:-1"},"canonical":"https:\/\/www.familyhastools.com\/index.php\/product\/unidade-de-estudo-abelhas\/","og_locale":"pt_BR","og_type":"article","og_title":"Unidade de estudo: Abelhas - Family Has Tools","og_description":"Tudo o que nesta apostila est\u00e1 foi especialmente elaborado para explicar as caracter\u00edsticas e d\u00favidas principais do tema , buscando instigar as crian\u00e7as a seguirem uma linha de racioc\u00ednio l\u00f3gico na busca por informa\u00e7\u00e3o dentro do tema. Segue algumas imagens de partes de conte\u00fado presente na apostila bem como o \u00edndice. O arquivo \u00e9 em [&hellip;]","og_url":"https:\/\/www.familyhastools.com\/index.php\/product\/unidade-de-estudo-abelhas\/","og_site_name":"Family Has Tools","article_modified_time":"2023-09-27T20:42:32+00:00","og_image":[{"width":1024,"height":577,"url":"https:\/\/www.familyhastools.com\/wp-content\/uploads\/2018\/11\/capa-Unidade-de-estudo-abelhas-Loja.png","type":"image\/png"}],"twitter_card":"summary_large_image","twitter_misc":{"Est. tempo de leitura":"1 minuto"},"schema":{"@context":"https:\/\/schema.org","@graph":[{"@type":"WebPage","@id":"https:\/\/www.familyhastools.com\/index.php\/product\/unidade-de-estudo-abelhas\/","url":"https:\/\/www.familyhastools.com\/index.php\/product\/unidade-de-estudo-abelhas\/","name":"Unidade de estudo: Abelhas - Family Has Tools","isPartOf":{"@id":"https:\/\/www.familyhastools.com\/#website"},"primaryImageOfPage":{"@id":"https:\/\/www.familyhastools.com\/index.php\/product\/unidade-de-estudo-abelhas\/#primaryimage"},"image":{"@id":"https:\/\/www.familyhastools.com\/index.php\/product\/unidade-de-estudo-abelhas\/#primaryimage"},"thumbnailUrl":"https:\/\/www.familyhastools.com\/wp-content\/uploads\/2018\/11\/capa-Unidade-de-estudo-abelhas-Loja.png","datePublished":"2018-11-21T18:11:02+00:00","dateModified":"2023-09-27T20:42:32+00:00","breadcrumb":{"@id":"https:\/\/www.familyhastools.com\/index.php\/product\/unidade-de-estudo-abelhas\/#breadcrumb"},"inLanguage":"pt-BR","potentialAction":[{"@type":"ReadAction","target":["https:\/\/www.familyhastools.com\/index.php\/product\/unidade-de-estudo-abelhas\/"]}]},{"@type":"ImageObject","inLanguage":"pt-BR","@id":"https:\/\/www.familyhastools.com\/index.php\/product\/unidade-de-estudo-abelhas\/#primaryimage","url":"https:\/\/www.familyhastools.com\/wp-content\/uploads\/2018\/11\/capa-Unidade-de-estudo-abelhas-Loja.png","contentUrl":"https:\/\/www.familyhastools.com\/wp-content\/uploads\/2018\/11\/capa-Unidade-de-estudo-abelhas-Loja.png","width":1024,"height":577},{"@type":"BreadcrumbList","@id":"https:\/\/www.familyhastools.com\/index.php\/product\/unidade-de-estudo-abelhas\/#breadcrumb","itemListElement":[{"@type":"ListItem","position":1,"name":"In\u00edcio","item":"https:\/\/www.familyhastools.com\/"},{"@type":"ListItem","position":2,"name":"Loja","item":"https:\/\/www.familyhastools.com\/index.php\/loja-2\/"},{"@type":"ListItem","position":3,"name":"Unidade de estudo: Abelhas"}]},{"@type":"WebSite","@id":"https:\/\/www.familyhastools.com\/#website","url":"https:\/\/www.familyhastools.com\/","name":"Family Has Tools","description":"A jornada de nossa familia homeschooler","publisher":{"@id":"https:\/\/www.familyhastools.com\/#organization"},"potentialAction":[{"@type":"SearchAction","target":{"@type":"EntryPoint","urlTemplate":"https:\/\/www.familyhastools.com\/?s={search_term_string}"},"query-input":{"@type":"PropertyValueSpecification","valueRequired":true,"valueName":"search_term_string"}}],"inLanguage":"pt-BR"},{"@type":"Organization","@id":"https:\/\/www.familyhastools.com\/#organization","name":"Family Has Tools","url":"https:\/\/www.familyhastools.com\/","logo":{"@type":"ImageObject","inLanguage":"pt-BR","@id":"https:\/\/www.familyhastools.com\/#\/schema\/logo\/image\/","url":"https:\/\/www.familyhastools.com\/wp-content\/uploads\/2020\/05\/logo-com-Arthur-_grande.png","contentUrl":"https:\/\/www.familyhastools.com\/wp-content\/uploads\/2020\/05\/logo-com-Arthur-_grande.png","width":2350,"height":1000,"caption":"Family Has Tools"},"image":{"@id":"https:\/\/www.familyhastools.com\/#\/schema\/logo\/image\/"}}]}},"_links":{"self":[{"href":"https:\/\/www.familyhastools.com\/index.php\/wp-json\/wp\/v2\/product\/1255","targetHints":{"allow":["GET"]}}],"collection":[{"href":"https:\/\/www.familyhastools.com\/index.php\/wp-json\/wp\/v2\/product"}],"about":[{"href":"https:\/\/www.familyhastools.com\/index.php\/wp-json\/wp\/v2\/types\/product"}],"wp:featuredmedia":[{"embeddable":true,"href":"https:\/\/www.familyhastools.com\/index.php\/wp-json\/wp\/v2\/media\/1347"}],"wp:attachment":[{"href":"https:\/\/www.familyhastools.com\/index.php\/wp-json\/wp\/v2\/media?parent=1255"}],"wp:term":[{"taxonomy":"product_brand","embeddable":true,"href":"https:\/\/www.familyhastools.com\/index.php\/wp-json\/wp\/v2\/product_brand?post=1255"},{"taxonomy":"product_cat","embeddable":true,"href":"https:\/\/www.familyhastools.com\/index.php\/wp-json\/wp\/v2\/product_cat?post=1255"},{"taxonomy":"product_tag","embeddable":true,"href":"https:\/\/www.familyhastools.com\/index.php\/wp-json\/wp\/v2\/product_tag?post=1255"}],"curies":[{"name":"wp","href":"https:\/\/api.w.org\/{rel}","templated":true}]}}