{"id":1250,"date":"2018-11-21T18:01:18","date_gmt":"2018-11-21T18:01:18","guid":{"rendered":"http:\/\/familyhastools.com\/?post_type=product&#038;p=1250"},"modified":"2023-09-27T20:42:42","modified_gmt":"2023-09-27T20:42:42","slug":"numeros-0-a-30-material-de-apoio-para-matematica","status":"publish","type":"product","link":"https:\/\/www.familyhastools.com\/index.php\/product\/numeros-0-a-30-material-de-apoio-para-matematica\/","title":{"rendered":"N\u00fameros 0 a 30: Material de apoio para matem\u00e1tica"},"content":{"rendered":"<p>Esse produto foi desenvolvido especialmente para auxilar nas li\u00e7\u00f5es de matem\u00e1tica e facilitar o aprendizado.<\/p>\n<p>Nele est\u00e3o inclusos:<\/p>\n<ul>\n<li>Flash cards: n\u00fameros 0 a 30.<\/li>\n<li>Livros dos n\u00fameros: 0 a 30 (onde a crian\u00e7a pode usar a criatividade para preencher o livro e fixar o conceito numeral).<\/li>\n<li>Flash cards Jumbo: n\u00fameros 0 a 30. (possui adicional com n\u00fameros com setas)<\/li>\n<li>Folha de estudo num\u00e9rico. (POde ser usado com qualquer material, dourado, escala cuisenaire, entre outros, super vers\u00e1til)<\/li>\n<\/ul>\n<p>Arquivo em PDF<\/p>\n<p>Download imediato ap\u00f3s confirma\u00e7\u00e3o de pagamento.<\/p>\n<p>veja os detalhes nas imagens.<\/p>\n","protected":false},"excerpt":{"rendered":"<p>Esse produto foi desenvolvido especialmente para auxilar nas li\u00e7\u00f5es de matem\u00e1tica e facilitar o aprendizado. Nele est\u00e3o inclusos: Flash cards: n\u00fameros 0 a 30. Livros dos n\u00fameros: 0 a 30 (onde a crian\u00e7a pode usar a criatividade para preencher o livro e fixar o conceito numeral). Flash cards Jumbo: n\u00fameros 0 a 30. (possui adicional [&hellip;]<\/p>\n","protected":false},"featured_media":1348,"template":"","meta":[],"product_brand":[],"product_cat":[411,410,407,157],"product_tag":[160,118,119,162,161,120,165,158,130,163,164,121,159],"class_list":{"0":"post-1250","1":"product","2":"type-product","3":"status-publish","4":"has-post-thumbnail","6":"product_cat-0-4-anos","7":"product_cat-5-8-anos","8":"product_cat-para-familia-toda","9":"product_cat-matematica","10":"product_tag-0-a-30","11":"product_tag-educacao-domiciliar","12":"product_tag-ensino-domiciliar","13":"product_tag-escala-cuisenaire","14":"product_tag-estudo-numerico","15":"product_tag-family-has-tools","16":"product_tag-homeschool","17":"product_tag-matematica","18":"product_tag-material-de-apoio","19":"product_tag-material-dourado","20":"product_tag-numeros","21":"product_tag-rachel-haswell","22":"product_tag-zera-a-trinta","24":"first","25":"instock","26":"downloadable","27":"virtual","28":"purchasable","29":"product-type-simple"},"yoast_head":"<!-- This site is optimized with the Yoast SEO plugin v25.3 - https:\/\/yoast.com\/wordpress\/plugins\/seo\/ -->\n<title>N\u00fameros 0 a 30: Material de apoio para matem\u00e1tica - Family Has Tools<\/title>\n<meta name=\"robots\" content=\"index, follow, max-snippet:-1, max-image-preview:large, max-video-preview:-1\" \/>\n<link rel=\"canonical\" href=\"https:\/\/www.familyhastools.com\/index.php\/product\/numeros-0-a-30-material-de-apoio-para-matematica\/\" \/>\n<meta property=\"og:locale\" content=\"pt_BR\" \/>\n<meta property=\"og:type\" content=\"article\" \/>\n<meta property=\"og:title\" content=\"N\u00fameros 0 a 30: Material de apoio para matem\u00e1tica - Family Has Tools\" \/>\n<meta property=\"og:description\" content=\"Esse produto foi desenvolvido especialmente para auxilar nas li\u00e7\u00f5es de matem\u00e1tica e facilitar o aprendizado. Nele est\u00e3o inclusos: Flash cards: n\u00fameros 0 a 30. Livros dos n\u00fameros: 0 a 30 (onde a crian\u00e7a pode usar a criatividade para preencher o livro e fixar o conceito numeral). Flash cards Jumbo: n\u00fameros 0 a 30. (possui adicional [&hellip;]\" \/>\n<meta property=\"og:url\" content=\"https:\/\/www.familyhastools.com\/index.php\/product\/numeros-0-a-30-material-de-apoio-para-matematica\/\" \/>\n<meta property=\"og:site_name\" content=\"Family Has Tools\" \/>\n<meta property=\"article:modified_time\" content=\"2023-09-27T20:42:42+00:00\" \/>\n<meta property=\"og:image\" content=\"https:\/\/www.familyhastools.com\/wp-content\/uploads\/2018\/11\/flash-cards-jumbo-imagem_Loja.png\" \/>\n\t<meta property=\"og:image:width\" content=\"711\" \/>\n\t<meta property=\"og:image:height\" content=\"408\" \/>\n\t<meta property=\"og:image:type\" content=\"image\/png\" \/>\n<meta name=\"twitter:card\" content=\"summary_large_image\" \/>\n<script type=\"application\/ld+json\" class=\"yoast-schema-graph\">{\"@context\":\"https:\/\/schema.org\",\"@graph\":[{\"@type\":\"WebPage\",\"@id\":\"https:\/\/www.familyhastools.com\/index.php\/product\/numeros-0-a-30-material-de-apoio-para-matematica\/\",\"url\":\"https:\/\/www.familyhastools.com\/index.php\/product\/numeros-0-a-30-material-de-apoio-para-matematica\/\",\"name\":\"N\u00fameros 0 a 30: Material de apoio para matem\u00e1tica - Family Has Tools\",\"isPartOf\":{\"@id\":\"https:\/\/www.familyhastools.com\/#website\"},\"primaryImageOfPage\":{\"@id\":\"https:\/\/www.familyhastools.com\/index.php\/product\/numeros-0-a-30-material-de-apoio-para-matematica\/#primaryimage\"},\"image\":{\"@id\":\"https:\/\/www.familyhastools.com\/index.php\/product\/numeros-0-a-30-material-de-apoio-para-matematica\/#primaryimage\"},\"thumbnailUrl\":\"https:\/\/www.familyhastools.com\/wp-content\/uploads\/2018\/11\/flash-cards-jumbo-imagem_Loja.png\",\"datePublished\":\"2018-11-21T18:01:18+00:00\",\"dateModified\":\"2023-09-27T20:42:42+00:00\",\"breadcrumb\":{\"@id\":\"https:\/\/www.familyhastools.com\/index.php\/product\/numeros-0-a-30-material-de-apoio-para-matematica\/#breadcrumb\"},\"inLanguage\":\"pt-BR\",\"potentialAction\":[{\"@type\":\"ReadAction\",\"target\":[\"https:\/\/www.familyhastools.com\/index.php\/product\/numeros-0-a-30-material-de-apoio-para-matematica\/\"]}]},{\"@type\":\"ImageObject\",\"inLanguage\":\"pt-BR\",\"@id\":\"https:\/\/www.familyhastools.com\/index.php\/product\/numeros-0-a-30-material-de-apoio-para-matematica\/#primaryimage\",\"url\":\"https:\/\/www.familyhastools.com\/wp-content\/uploads\/2018\/11\/flash-cards-jumbo-imagem_Loja.png\",\"contentUrl\":\"https:\/\/www.familyhastools.com\/wp-content\/uploads\/2018\/11\/flash-cards-jumbo-imagem_Loja.png\",\"width\":711,\"height\":408},{\"@type\":\"BreadcrumbList\",\"@id\":\"https:\/\/www.familyhastools.com\/index.php\/product\/numeros-0-a-30-material-de-apoio-para-matematica\/#breadcrumb\",\"itemListElement\":[{\"@type\":\"ListItem\",\"position\":1,\"name\":\"In\u00edcio\",\"item\":\"https:\/\/www.familyhastools.com\/\"},{\"@type\":\"ListItem\",\"position\":2,\"name\":\"Loja\",\"item\":\"https:\/\/www.familyhastools.com\/index.php\/loja-2\/\"},{\"@type\":\"ListItem\",\"position\":3,\"name\":\"N\u00fameros 0 a 30: Material de apoio para matem\u00e1tica\"}]},{\"@type\":\"WebSite\",\"@id\":\"https:\/\/www.familyhastools.com\/#website\",\"url\":\"https:\/\/www.familyhastools.com\/\",\"name\":\"Family Has Tools\",\"description\":\"A jornada de nossa familia homeschooler\",\"publisher\":{\"@id\":\"https:\/\/www.familyhastools.com\/#organization\"},\"potentialAction\":[{\"@type\":\"SearchAction\",\"target\":{\"@type\":\"EntryPoint\",\"urlTemplate\":\"https:\/\/www.familyhastools.com\/?s={search_term_string}\"},\"query-input\":{\"@type\":\"PropertyValueSpecification\",\"valueRequired\":true,\"valueName\":\"search_term_string\"}}],\"inLanguage\":\"pt-BR\"},{\"@type\":\"Organization\",\"@id\":\"https:\/\/www.familyhastools.com\/#organization\",\"name\":\"Family Has Tools\",\"url\":\"https:\/\/www.familyhastools.com\/\",\"logo\":{\"@type\":\"ImageObject\",\"inLanguage\":\"pt-BR\",\"@id\":\"https:\/\/www.familyhastools.com\/#\/schema\/logo\/image\/\",\"url\":\"https:\/\/www.familyhastools.com\/wp-content\/uploads\/2020\/05\/logo-com-Arthur-_grande.png\",\"contentUrl\":\"https:\/\/www.familyhastools.com\/wp-content\/uploads\/2020\/05\/logo-com-Arthur-_grande.png\",\"width\":2350,\"height\":1000,\"caption\":\"Family Has Tools\"},\"image\":{\"@id\":\"https:\/\/www.familyhastools.com\/#\/schema\/logo\/image\/\"}}]}<\/script>\n<!-- \/ Yoast SEO plugin. -->","yoast_head_json":{"title":"N\u00fameros 0 a 30: Material de apoio para matem\u00e1tica - Family Has Tools","robots":{"index":"index","follow":"follow","max-snippet":"max-snippet:-1","max-image-preview":"max-image-preview:large","max-video-preview":"max-video-preview:-1"},"canonical":"https:\/\/www.familyhastools.com\/index.php\/product\/numeros-0-a-30-material-de-apoio-para-matematica\/","og_locale":"pt_BR","og_type":"article","og_title":"N\u00fameros 0 a 30: Material de apoio para matem\u00e1tica - Family Has Tools","og_description":"Esse produto foi desenvolvido especialmente para auxilar nas li\u00e7\u00f5es de matem\u00e1tica e facilitar o aprendizado. Nele est\u00e3o inclusos: Flash cards: n\u00fameros 0 a 30. Livros dos n\u00fameros: 0 a 30 (onde a crian\u00e7a pode usar a criatividade para preencher o livro e fixar o conceito numeral). Flash cards Jumbo: n\u00fameros 0 a 30. (possui adicional [&hellip;]","og_url":"https:\/\/www.familyhastools.com\/index.php\/product\/numeros-0-a-30-material-de-apoio-para-matematica\/","og_site_name":"Family Has Tools","article_modified_time":"2023-09-27T20:42:42+00:00","og_image":[{"width":711,"height":408,"url":"https:\/\/www.familyhastools.com\/wp-content\/uploads\/2018\/11\/flash-cards-jumbo-imagem_Loja.png","type":"image\/png"}],"twitter_card":"summary_large_image","schema":{"@context":"https:\/\/schema.org","@graph":[{"@type":"WebPage","@id":"https:\/\/www.familyhastools.com\/index.php\/product\/numeros-0-a-30-material-de-apoio-para-matematica\/","url":"https:\/\/www.familyhastools.com\/index.php\/product\/numeros-0-a-30-material-de-apoio-para-matematica\/","name":"N\u00fameros 0 a 30: Material de apoio para matem\u00e1tica - Family Has Tools","isPartOf":{"@id":"https:\/\/www.familyhastools.com\/#website"},"primaryImageOfPage":{"@id":"https:\/\/www.familyhastools.com\/index.php\/product\/numeros-0-a-30-material-de-apoio-para-matematica\/#primaryimage"},"image":{"@id":"https:\/\/www.familyhastools.com\/index.php\/product\/numeros-0-a-30-material-de-apoio-para-matematica\/#primaryimage"},"thumbnailUrl":"https:\/\/www.familyhastools.com\/wp-content\/uploads\/2018\/11\/flash-cards-jumbo-imagem_Loja.png","datePublished":"2018-11-21T18:01:18+00:00","dateModified":"2023-09-27T20:42:42+00:00","breadcrumb":{"@id":"https:\/\/www.familyhastools.com\/index.php\/product\/numeros-0-a-30-material-de-apoio-para-matematica\/#breadcrumb"},"inLanguage":"pt-BR","potentialAction":[{"@type":"ReadAction","target":["https:\/\/www.familyhastools.com\/index.php\/product\/numeros-0-a-30-material-de-apoio-para-matematica\/"]}]},{"@type":"ImageObject","inLanguage":"pt-BR","@id":"https:\/\/www.familyhastools.com\/index.php\/product\/numeros-0-a-30-material-de-apoio-para-matematica\/#primaryimage","url":"https:\/\/www.familyhastools.com\/wp-content\/uploads\/2018\/11\/flash-cards-jumbo-imagem_Loja.png","contentUrl":"https:\/\/www.familyhastools.com\/wp-content\/uploads\/2018\/11\/flash-cards-jumbo-imagem_Loja.png","width":711,"height":408},{"@type":"BreadcrumbList","@id":"https:\/\/www.familyhastools.com\/index.php\/product\/numeros-0-a-30-material-de-apoio-para-matematica\/#breadcrumb","itemListElement":[{"@type":"ListItem","position":1,"name":"In\u00edcio","item":"https:\/\/www.familyhastools.com\/"},{"@type":"ListItem","position":2,"name":"Loja","item":"https:\/\/www.familyhastools.com\/index.php\/loja-2\/"},{"@type":"ListItem","position":3,"name":"N\u00fameros 0 a 30: Material de apoio para matem\u00e1tica"}]},{"@type":"WebSite","@id":"https:\/\/www.familyhastools.com\/#website","url":"https:\/\/www.familyhastools.com\/","name":"Family Has Tools","description":"A jornada de nossa familia homeschooler","publisher":{"@id":"https:\/\/www.familyhastools.com\/#organization"},"potentialAction":[{"@type":"SearchAction","target":{"@type":"EntryPoint","urlTemplate":"https:\/\/www.familyhastools.com\/?s={search_term_string}"},"query-input":{"@type":"PropertyValueSpecification","valueRequired":true,"valueName":"search_term_string"}}],"inLanguage":"pt-BR"},{"@type":"Organization","@id":"https:\/\/www.familyhastools.com\/#organization","name":"Family Has Tools","url":"https:\/\/www.familyhastools.com\/","logo":{"@type":"ImageObject","inLanguage":"pt-BR","@id":"https:\/\/www.familyhastools.com\/#\/schema\/logo\/image\/","url":"https:\/\/www.familyhastools.com\/wp-content\/uploads\/2020\/05\/logo-com-Arthur-_grande.png","contentUrl":"https:\/\/www.familyhastools.com\/wp-content\/uploads\/2020\/05\/logo-com-Arthur-_grande.png","width":2350,"height":1000,"caption":"Family Has Tools"},"image":{"@id":"https:\/\/www.familyhastools.com\/#\/schema\/logo\/image\/"}}]}},"_links":{"self":[{"href":"https:\/\/www.familyhastools.com\/index.php\/wp-json\/wp\/v2\/product\/1250","targetHints":{"allow":["GET"]}}],"collection":[{"href":"https:\/\/www.familyhastools.com\/index.php\/wp-json\/wp\/v2\/product"}],"about":[{"href":"https:\/\/www.familyhastools.com\/index.php\/wp-json\/wp\/v2\/types\/product"}],"wp:featuredmedia":[{"embeddable":true,"href":"https:\/\/www.familyhastools.com\/index.php\/wp-json\/wp\/v2\/media\/1348"}],"wp:attachment":[{"href":"https:\/\/www.familyhastools.com\/index.php\/wp-json\/wp\/v2\/media?parent=1250"}],"wp:term":[{"taxonomy":"product_brand","embeddable":true,"href":"https:\/\/www.familyhastools.com\/index.php\/wp-json\/wp\/v2\/product_brand?post=1250"},{"taxonomy":"product_cat","embeddable":true,"href":"https:\/\/www.familyhastools.com\/index.php\/wp-json\/wp\/v2\/product_cat?post=1250"},{"taxonomy":"product_tag","embeddable":true,"href":"https:\/\/www.familyhastools.com\/index.php\/wp-json\/wp\/v2\/product_tag?post=1250"}],"curies":[{"name":"wp","href":"https:\/\/api.w.org\/{rel}","templated":true}]}}