{"id":1225,"date":"2018-11-21T16:11:31","date_gmt":"2018-11-21T16:11:31","guid":{"rendered":"http:\/\/familyhastools.com\/?post_type=product&#038;p=1225"},"modified":"2023-09-27T20:43:24","modified_gmt":"2023-09-27T20:43:24","slug":"kit-pequeno-explorador-pegadas-de-animais","status":"publish","type":"product","link":"https:\/\/www.familyhastools.com\/index.php\/product\/kit-pequeno-explorador-pegadas-de-animais\/","title":{"rendered":"Kit pequeno explorador: Pegadas de animais"},"content":{"rendered":"<p>Aprenda brincando!<\/p>\n<p>Essa ferramenta ajuda a despertar o esp\u00edrito aventureiro de seus filhos.<\/p>\n<p>Foi desenvolvido para estudos em casa e na natureza.<\/p>\n<p>Os flash cards trazem informa\u00e7\u00f5es sobre as caracter\u00edsticas dos animais, nome cient\u00edfico, pegada frontal e traseira, al\u00e9m da imagem do animal, ajudando na identifica\u00e7\u00e3o nas sa\u00eddas de campo.<\/p>\n<p>Esse Kit acompanha ainda um conjunto de cart\u00f5es ilustrados divididos em 3 partes (Foto do animal + pegada+ nome popular) e um tutorial com passo a passo detalhado de como fazer um molde de uma pegada em gesso.<\/p>\n<p><strong>18 animais<\/strong>\u00a0silvestres e dom\u00e9sticos est\u00e3o representados no kit.<\/p>\n<p><strong>Arquivo em PDF.<\/strong><\/p>\n<p>Download imediato ap\u00f3s a confirma\u00e7\u00e3o do pagamento.<\/p>\n<div style=\"width: 480px;\" class=\"wp-video\"><!--[if lt IE 9]><script>document.createElement('video');<\/script><![endif]-->\n<video class=\"wp-video-shortcode\" id=\"video-1225-1\" width=\"480\" height=\"896\" preload=\"metadata\" controls=\"controls\"><source type=\"video\/mp4\" src=\"https:\/\/www.familyhastools.com\/wp-content\/uploads\/2018\/11\/114584704_675007356384935_3466382313541119838_n.mp4?_=1\" \/><a href=\"https:\/\/www.familyhastools.com\/wp-content\/uploads\/2018\/11\/114584704_675007356384935_3466382313541119838_n.mp4\">https:\/\/www.familyhastools.com\/wp-content\/uploads\/2018\/11\/114584704_675007356384935_3466382313541119838_n.mp4<\/a><\/video><\/div>\n","protected":false},"excerpt":{"rendered":"<p>Aprenda brincando! Essa ferramenta ajuda a despertar o esp\u00edrito aventureiro de seus filhos. Foi desenvolvido para estudos em casa e na natureza. Os flash cards trazem informa\u00e7\u00f5es sobre as caracter\u00edsticas dos animais, nome cient\u00edfico, pegada frontal e traseira, al\u00e9m da imagem do animal, ajudando na identifica\u00e7\u00e3o nas sa\u00eddas de campo. Esse Kit acompanha ainda um [&hellip;]<\/p>\n","protected":false},"featured_media":1354,"template":"","meta":[],"product_brand":[],"product_cat":[134,411,410,412,407],"product_tag":[136,118,119,141,120,138,137,135,121,139,140,127],"class_list":{"0":"post-1225","1":"product","2":"type-product","3":"status-publish","4":"has-post-thumbnail","6":"product_cat-ciencias","7":"product_cat-0-4-anos","8":"product_cat-5-8-anos","9":"product_cat-9-14-anos","10":"product_cat-para-familia-toda","11":"product_tag-ciencias","12":"product_tag-educacao-domiciliar","13":"product_tag-ensino-domiciliar","14":"product_tag-escoteiros","15":"product_tag-family-has-tools","16":"product_tag-pegadas","17":"product_tag-pegadas-de-animais","18":"product_tag-pequeno-explorador","19":"product_tag-rachel-haswell","20":"product_tag-rastreamento","21":"product_tag-rastreio","22":"product_tag-unidade-de-estudo","24":"first","25":"instock","26":"downloadable","27":"virtual","28":"purchasable","29":"product-type-simple"},"yoast_head":"<!-- This site is optimized with the Yoast SEO plugin v25.3 - https:\/\/yoast.com\/wordpress\/plugins\/seo\/ -->\n<title>Kit pequeno explorador: Pegadas de animais - Family Has Tools<\/title>\n<meta name=\"robots\" content=\"index, follow, max-snippet:-1, max-image-preview:large, max-video-preview:-1\" \/>\n<link rel=\"canonical\" href=\"https:\/\/www.familyhastools.com\/index.php\/product\/kit-pequeno-explorador-pegadas-de-animais\/\" \/>\n<meta property=\"og:locale\" content=\"pt_BR\" \/>\n<meta property=\"og:type\" content=\"article\" \/>\n<meta property=\"og:title\" content=\"Kit pequeno explorador: Pegadas de animais - Family Has Tools\" \/>\n<meta property=\"og:description\" content=\"Aprenda brincando! Essa ferramenta ajuda a despertar o esp\u00edrito aventureiro de seus filhos. Foi desenvolvido para estudos em casa e na natureza. Os flash cards trazem informa\u00e7\u00f5es sobre as caracter\u00edsticas dos animais, nome cient\u00edfico, pegada frontal e traseira, al\u00e9m da imagem do animal, ajudando na identifica\u00e7\u00e3o nas sa\u00eddas de campo. Esse Kit acompanha ainda um [&hellip;]\" \/>\n<meta property=\"og:url\" content=\"https:\/\/www.familyhastools.com\/index.php\/product\/kit-pequeno-explorador-pegadas-de-animais\/\" \/>\n<meta property=\"og:site_name\" content=\"Family Has Tools\" \/>\n<meta property=\"article:modified_time\" content=\"2023-09-27T20:43:24+00:00\" \/>\n<meta property=\"og:image\" content=\"https:\/\/www.familyhastools.com\/wp-content\/uploads\/2018\/11\/Kit-pequeno-explorador_divulga\u00e7\u00e3o-insta-e-face_-Loja-e1543337958639.png\" \/>\n\t<meta property=\"og:image:width\" content=\"1280\" \/>\n\t<meta property=\"og:image:height\" content=\"720\" \/>\n\t<meta property=\"og:image:type\" content=\"image\/png\" \/>\n<meta name=\"twitter:card\" content=\"summary_large_image\" \/>\n<meta name=\"twitter:label1\" content=\"Est. tempo de leitura\" \/>\n\t<meta name=\"twitter:data1\" content=\"1 minuto\" \/>\n<script type=\"application\/ld+json\" class=\"yoast-schema-graph\">{\"@context\":\"https:\/\/schema.org\",\"@graph\":[{\"@type\":\"WebPage\",\"@id\":\"https:\/\/www.familyhastools.com\/index.php\/product\/kit-pequeno-explorador-pegadas-de-animais\/\",\"url\":\"https:\/\/www.familyhastools.com\/index.php\/product\/kit-pequeno-explorador-pegadas-de-animais\/\",\"name\":\"Kit pequeno explorador: Pegadas de animais - Family Has Tools\",\"isPartOf\":{\"@id\":\"https:\/\/www.familyhastools.com\/#website\"},\"primaryImageOfPage\":{\"@id\":\"https:\/\/www.familyhastools.com\/index.php\/product\/kit-pequeno-explorador-pegadas-de-animais\/#primaryimage\"},\"image\":{\"@id\":\"https:\/\/www.familyhastools.com\/index.php\/product\/kit-pequeno-explorador-pegadas-de-animais\/#primaryimage\"},\"thumbnailUrl\":\"https:\/\/www.familyhastools.com\/wp-content\/uploads\/2018\/11\/Kit-pequeno-explorador_divulga\u00e7\u00e3o-insta-e-face_-Loja-e1543337958639.png\",\"datePublished\":\"2018-11-21T16:11:31+00:00\",\"dateModified\":\"2023-09-27T20:43:24+00:00\",\"breadcrumb\":{\"@id\":\"https:\/\/www.familyhastools.com\/index.php\/product\/kit-pequeno-explorador-pegadas-de-animais\/#breadcrumb\"},\"inLanguage\":\"pt-BR\",\"potentialAction\":[{\"@type\":\"ReadAction\",\"target\":[\"https:\/\/www.familyhastools.com\/index.php\/product\/kit-pequeno-explorador-pegadas-de-animais\/\"]}]},{\"@type\":\"ImageObject\",\"inLanguage\":\"pt-BR\",\"@id\":\"https:\/\/www.familyhastools.com\/index.php\/product\/kit-pequeno-explorador-pegadas-de-animais\/#primaryimage\",\"url\":\"https:\/\/www.familyhastools.com\/wp-content\/uploads\/2018\/11\/Kit-pequeno-explorador_divulga\u00e7\u00e3o-insta-e-face_-Loja-e1543337958639.png\",\"contentUrl\":\"https:\/\/www.familyhastools.com\/wp-content\/uploads\/2018\/11\/Kit-pequeno-explorador_divulga\u00e7\u00e3o-insta-e-face_-Loja-e1543337958639.png\",\"width\":1280,\"height\":720},{\"@type\":\"BreadcrumbList\",\"@id\":\"https:\/\/www.familyhastools.com\/index.php\/product\/kit-pequeno-explorador-pegadas-de-animais\/#breadcrumb\",\"itemListElement\":[{\"@type\":\"ListItem\",\"position\":1,\"name\":\"In\u00edcio\",\"item\":\"https:\/\/www.familyhastools.com\/\"},{\"@type\":\"ListItem\",\"position\":2,\"name\":\"Loja\",\"item\":\"https:\/\/www.familyhastools.com\/index.php\/loja-2\/\"},{\"@type\":\"ListItem\",\"position\":3,\"name\":\"Kit pequeno explorador: Pegadas de animais\"}]},{\"@type\":\"WebSite\",\"@id\":\"https:\/\/www.familyhastools.com\/#website\",\"url\":\"https:\/\/www.familyhastools.com\/\",\"name\":\"Family Has Tools\",\"description\":\"A jornada de nossa familia homeschooler\",\"publisher\":{\"@id\":\"https:\/\/www.familyhastools.com\/#organization\"},\"potentialAction\":[{\"@type\":\"SearchAction\",\"target\":{\"@type\":\"EntryPoint\",\"urlTemplate\":\"https:\/\/www.familyhastools.com\/?s={search_term_string}\"},\"query-input\":{\"@type\":\"PropertyValueSpecification\",\"valueRequired\":true,\"valueName\":\"search_term_string\"}}],\"inLanguage\":\"pt-BR\"},{\"@type\":\"Organization\",\"@id\":\"https:\/\/www.familyhastools.com\/#organization\",\"name\":\"Family Has Tools\",\"url\":\"https:\/\/www.familyhastools.com\/\",\"logo\":{\"@type\":\"ImageObject\",\"inLanguage\":\"pt-BR\",\"@id\":\"https:\/\/www.familyhastools.com\/#\/schema\/logo\/image\/\",\"url\":\"https:\/\/www.familyhastools.com\/wp-content\/uploads\/2020\/05\/logo-com-Arthur-_grande.png\",\"contentUrl\":\"https:\/\/www.familyhastools.com\/wp-content\/uploads\/2020\/05\/logo-com-Arthur-_grande.png\",\"width\":2350,\"height\":1000,\"caption\":\"Family Has Tools\"},\"image\":{\"@id\":\"https:\/\/www.familyhastools.com\/#\/schema\/logo\/image\/\"}}]}<\/script>\n<!-- \/ Yoast SEO plugin. -->","yoast_head_json":{"title":"Kit pequeno explorador: Pegadas de animais - Family Has Tools","robots":{"index":"index","follow":"follow","max-snippet":"max-snippet:-1","max-image-preview":"max-image-preview:large","max-video-preview":"max-video-preview:-1"},"canonical":"https:\/\/www.familyhastools.com\/index.php\/product\/kit-pequeno-explorador-pegadas-de-animais\/","og_locale":"pt_BR","og_type":"article","og_title":"Kit pequeno explorador: Pegadas de animais - Family Has Tools","og_description":"Aprenda brincando! Essa ferramenta ajuda a despertar o esp\u00edrito aventureiro de seus filhos. Foi desenvolvido para estudos em casa e na natureza. Os flash cards trazem informa\u00e7\u00f5es sobre as caracter\u00edsticas dos animais, nome cient\u00edfico, pegada frontal e traseira, al\u00e9m da imagem do animal, ajudando na identifica\u00e7\u00e3o nas sa\u00eddas de campo. Esse Kit acompanha ainda um [&hellip;]","og_url":"https:\/\/www.familyhastools.com\/index.php\/product\/kit-pequeno-explorador-pegadas-de-animais\/","og_site_name":"Family Has Tools","article_modified_time":"2023-09-27T20:43:24+00:00","og_image":[{"width":1280,"height":720,"url":"https:\/\/www.familyhastools.com\/wp-content\/uploads\/2018\/11\/Kit-pequeno-explorador_divulga\u00e7\u00e3o-insta-e-face_-Loja-e1543337958639.png","type":"image\/png"}],"twitter_card":"summary_large_image","twitter_misc":{"Est. tempo de leitura":"1 minuto"},"schema":{"@context":"https:\/\/schema.org","@graph":[{"@type":"WebPage","@id":"https:\/\/www.familyhastools.com\/index.php\/product\/kit-pequeno-explorador-pegadas-de-animais\/","url":"https:\/\/www.familyhastools.com\/index.php\/product\/kit-pequeno-explorador-pegadas-de-animais\/","name":"Kit pequeno explorador: Pegadas de animais - Family Has Tools","isPartOf":{"@id":"https:\/\/www.familyhastools.com\/#website"},"primaryImageOfPage":{"@id":"https:\/\/www.familyhastools.com\/index.php\/product\/kit-pequeno-explorador-pegadas-de-animais\/#primaryimage"},"image":{"@id":"https:\/\/www.familyhastools.com\/index.php\/product\/kit-pequeno-explorador-pegadas-de-animais\/#primaryimage"},"thumbnailUrl":"https:\/\/www.familyhastools.com\/wp-content\/uploads\/2018\/11\/Kit-pequeno-explorador_divulga\u00e7\u00e3o-insta-e-face_-Loja-e1543337958639.png","datePublished":"2018-11-21T16:11:31+00:00","dateModified":"2023-09-27T20:43:24+00:00","breadcrumb":{"@id":"https:\/\/www.familyhastools.com\/index.php\/product\/kit-pequeno-explorador-pegadas-de-animais\/#breadcrumb"},"inLanguage":"pt-BR","potentialAction":[{"@type":"ReadAction","target":["https:\/\/www.familyhastools.com\/index.php\/product\/kit-pequeno-explorador-pegadas-de-animais\/"]}]},{"@type":"ImageObject","inLanguage":"pt-BR","@id":"https:\/\/www.familyhastools.com\/index.php\/product\/kit-pequeno-explorador-pegadas-de-animais\/#primaryimage","url":"https:\/\/www.familyhastools.com\/wp-content\/uploads\/2018\/11\/Kit-pequeno-explorador_divulga\u00e7\u00e3o-insta-e-face_-Loja-e1543337958639.png","contentUrl":"https:\/\/www.familyhastools.com\/wp-content\/uploads\/2018\/11\/Kit-pequeno-explorador_divulga\u00e7\u00e3o-insta-e-face_-Loja-e1543337958639.png","width":1280,"height":720},{"@type":"BreadcrumbList","@id":"https:\/\/www.familyhastools.com\/index.php\/product\/kit-pequeno-explorador-pegadas-de-animais\/#breadcrumb","itemListElement":[{"@type":"ListItem","position":1,"name":"In\u00edcio","item":"https:\/\/www.familyhastools.com\/"},{"@type":"ListItem","position":2,"name":"Loja","item":"https:\/\/www.familyhastools.com\/index.php\/loja-2\/"},{"@type":"ListItem","position":3,"name":"Kit pequeno explorador: Pegadas de animais"}]},{"@type":"WebSite","@id":"https:\/\/www.familyhastools.com\/#website","url":"https:\/\/www.familyhastools.com\/","name":"Family Has Tools","description":"A jornada de nossa familia homeschooler","publisher":{"@id":"https:\/\/www.familyhastools.com\/#organization"},"potentialAction":[{"@type":"SearchAction","target":{"@type":"EntryPoint","urlTemplate":"https:\/\/www.familyhastools.com\/?s={search_term_string}"},"query-input":{"@type":"PropertyValueSpecification","valueRequired":true,"valueName":"search_term_string"}}],"inLanguage":"pt-BR"},{"@type":"Organization","@id":"https:\/\/www.familyhastools.com\/#organization","name":"Family Has Tools","url":"https:\/\/www.familyhastools.com\/","logo":{"@type":"ImageObject","inLanguage":"pt-BR","@id":"https:\/\/www.familyhastools.com\/#\/schema\/logo\/image\/","url":"https:\/\/www.familyhastools.com\/wp-content\/uploads\/2020\/05\/logo-com-Arthur-_grande.png","contentUrl":"https:\/\/www.familyhastools.com\/wp-content\/uploads\/2020\/05\/logo-com-Arthur-_grande.png","width":2350,"height":1000,"caption":"Family Has Tools"},"image":{"@id":"https:\/\/www.familyhastools.com\/#\/schema\/logo\/image\/"}}]}},"_links":{"self":[{"href":"https:\/\/www.familyhastools.com\/index.php\/wp-json\/wp\/v2\/product\/1225","targetHints":{"allow":["GET"]}}],"collection":[{"href":"https:\/\/www.familyhastools.com\/index.php\/wp-json\/wp\/v2\/product"}],"about":[{"href":"https:\/\/www.familyhastools.com\/index.php\/wp-json\/wp\/v2\/types\/product"}],"wp:featuredmedia":[{"embeddable":true,"href":"https:\/\/www.familyhastools.com\/index.php\/wp-json\/wp\/v2\/media\/1354"}],"wp:attachment":[{"href":"https:\/\/www.familyhastools.com\/index.php\/wp-json\/wp\/v2\/media?parent=1225"}],"wp:term":[{"taxonomy":"product_brand","embeddable":true,"href":"https:\/\/www.familyhastools.com\/index.php\/wp-json\/wp\/v2\/product_brand?post=1225"},{"taxonomy":"product_cat","embeddable":true,"href":"https:\/\/www.familyhastools.com\/index.php\/wp-json\/wp\/v2\/product_cat?post=1225"},{"taxonomy":"product_tag","embeddable":true,"href":"https:\/\/www.familyhastools.com\/index.php\/wp-json\/wp\/v2\/product_tag?post=1225"}],"curies":[{"name":"wp","href":"https:\/\/api.w.org\/{rel}","templated":true}]}}