{"id":4,"date":"2017-08-23T23:03:31","date_gmt":"2017-08-24T02:03:31","guid":{"rendered":"https:\/\/familyhastools.wordpress.com\/?page_id=2"},"modified":"2017-08-23T23:03:31","modified_gmt":"2017-08-24T02:03:31","slug":"sobre","status":"publish","type":"page","link":"https:\/\/www.familyhastools.com\/index.php\/sobre\/","title":{"rendered":"Sobre"},"content":{"rendered":"<p>Bem vindos!<\/p>\n<p>Este \u00e9 nosso cantinho de relatos da nossa jornada na educa\u00e7\u00e3o domiciliar de nossas filhas. Aqui vamos contar um pouco dos m\u00e9todos, da nossa rotina, bem como dividir um pouco das nossas ferramentas (<em><strong>Tools<\/strong><\/em>) com voc\u00eas.<\/p>\n<p>O nome deste surgiu de um jogo de palavras com nosso sobrenome (<em>Haswell<\/em>):<\/p>\n<p>Poder\u00edamos traduz\u00ed-lo para : &#8220;Ferramentas da fam\u00edlia Has (<em>Haswell<\/em>)&#8221; .<\/p>\n<p><img loading=\"lazy\" decoding=\"async\" class=\"alignnone size-full wp-image-17\" src=\"https:\/\/familyhastools.files.wordpress.com\/2017\/08\/logo-family-has-tools.png\" alt=\"logo family has tools\" width=\"1209\" height=\"359\" srcset=\"https:\/\/www.familyhastools.com\/wp-content\/uploads\/2017\/08\/logo-family-has-tools.png 1209w, https:\/\/www.familyhastools.com\/wp-content\/uploads\/2017\/08\/logo-family-has-tools-416x124.png 416w, https:\/\/www.familyhastools.com\/wp-content\/uploads\/2017\/08\/logo-family-has-tools-300x89.png 300w, https:\/\/www.familyhastools.com\/wp-content\/uploads\/2017\/08\/logo-family-has-tools-768x228.png 768w, https:\/\/www.familyhastools.com\/wp-content\/uploads\/2017\/08\/logo-family-has-tools-1024x304.png 1024w\" sizes=\"auto, (max-width: 1209px) 100vw, 1209px\" \/><\/p>\n","protected":false},"excerpt":{"rendered":"<p>Este \u00e9 nosso cantinho de relatos da nossa jornada na educa\u00e7\u00e3o domiciliar de nossas filhas. Aqui vamos contar um pouco dos m\u00e9todos, da nossa rotina, bem como dividir um pouco das nossas ferramentas (Tools) com voc\u00eas.<\/p>\n","protected":false},"author":2,"featured_media":0,"parent":0,"menu_order":1,"comment_status":"closed","ping_status":"open","template":"","meta":{"footnotes":""},"class_list":["post-4","page","type-page","status-publish","hentry"],"yoast_head":"<!-- This site is optimized with the Yoast SEO plugin v25.3 - https:\/\/yoast.com\/wordpress\/plugins\/seo\/ -->\n<title>Sobre - Family Has Tools<\/title>\n<meta name=\"robots\" content=\"index, follow, max-snippet:-1, max-image-preview:large, max-video-preview:-1\" \/>\n<link rel=\"canonical\" href=\"https:\/\/www.familyhastools.com\/index.php\/sobre\/\" \/>\n<meta property=\"og:locale\" content=\"pt_BR\" \/>\n<meta property=\"og:type\" content=\"article\" \/>\n<meta property=\"og:title\" content=\"Sobre - Family Has Tools\" \/>\n<meta property=\"og:description\" content=\"Este \u00e9 nosso cantinho de relatos da nossa jornada na educa\u00e7\u00e3o domiciliar de nossas filhas. Aqui vamos contar um pouco dos m\u00e9todos, da nossa rotina, bem como dividir um pouco das nossas ferramentas (Tools) com voc\u00eas.\" \/>\n<meta property=\"og:url\" content=\"https:\/\/www.familyhastools.com\/index.php\/sobre\/\" \/>\n<meta property=\"og:site_name\" content=\"Family Has Tools\" \/>\n<meta property=\"og:image\" content=\"https:\/\/www.familyhastools.com\/wp-content\/uploads\/2017\/08\/logo-family-has-tools.png\" \/>\n\t<meta property=\"og:image:width\" content=\"1209\" \/>\n\t<meta property=\"og:image:height\" content=\"359\" \/>\n\t<meta property=\"og:image:type\" content=\"image\/png\" \/>\n<meta name=\"twitter:card\" content=\"summary_large_image\" \/>\n<script type=\"application\/ld+json\" class=\"yoast-schema-graph\">{\"@context\":\"https:\/\/schema.org\",\"@graph\":[{\"@type\":\"WebPage\",\"@id\":\"https:\/\/www.familyhastools.com\/index.php\/sobre\/\",\"url\":\"https:\/\/www.familyhastools.com\/index.php\/sobre\/\",\"name\":\"Sobre - Family Has Tools\",\"isPartOf\":{\"@id\":\"https:\/\/www.familyhastools.com\/#website\"},\"primaryImageOfPage\":{\"@id\":\"https:\/\/www.familyhastools.com\/index.php\/sobre\/#primaryimage\"},\"image\":{\"@id\":\"https:\/\/www.familyhastools.com\/index.php\/sobre\/#primaryimage\"},\"thumbnailUrl\":\"https:\/\/familyhastools.files.wordpress.com\/2017\/08\/logo-family-has-tools.png\",\"datePublished\":\"2017-08-24T02:03:31+00:00\",\"breadcrumb\":{\"@id\":\"https:\/\/www.familyhastools.com\/index.php\/sobre\/#breadcrumb\"},\"inLanguage\":\"pt-BR\",\"potentialAction\":[{\"@type\":\"ReadAction\",\"target\":[\"https:\/\/www.familyhastools.com\/index.php\/sobre\/\"]}]},{\"@type\":\"ImageObject\",\"inLanguage\":\"pt-BR\",\"@id\":\"https:\/\/www.familyhastools.com\/index.php\/sobre\/#primaryimage\",\"url\":\"https:\/\/familyhastools.files.wordpress.com\/2017\/08\/logo-family-has-tools.png\",\"contentUrl\":\"https:\/\/familyhastools.files.wordpress.com\/2017\/08\/logo-family-has-tools.png\"},{\"@type\":\"BreadcrumbList\",\"@id\":\"https:\/\/www.familyhastools.com\/index.php\/sobre\/#breadcrumb\",\"itemListElement\":[{\"@type\":\"ListItem\",\"position\":1,\"name\":\"In\u00edcio\",\"item\":\"https:\/\/www.familyhastools.com\/\"},{\"@type\":\"ListItem\",\"position\":2,\"name\":\"Sobre\"}]},{\"@type\":\"WebSite\",\"@id\":\"https:\/\/www.familyhastools.com\/#website\",\"url\":\"https:\/\/www.familyhastools.com\/\",\"name\":\"Family Has Tools\",\"description\":\"A jornada de nossa familia homeschooler\",\"publisher\":{\"@id\":\"https:\/\/www.familyhastools.com\/#organization\"},\"potentialAction\":[{\"@type\":\"SearchAction\",\"target\":{\"@type\":\"EntryPoint\",\"urlTemplate\":\"https:\/\/www.familyhastools.com\/?s={search_term_string}\"},\"query-input\":{\"@type\":\"PropertyValueSpecification\",\"valueRequired\":true,\"valueName\":\"search_term_string\"}}],\"inLanguage\":\"pt-BR\"},{\"@type\":\"Organization\",\"@id\":\"https:\/\/www.familyhastools.com\/#organization\",\"name\":\"Family Has Tools\",\"url\":\"https:\/\/www.familyhastools.com\/\",\"logo\":{\"@type\":\"ImageObject\",\"inLanguage\":\"pt-BR\",\"@id\":\"https:\/\/www.familyhastools.com\/#\/schema\/logo\/image\/\",\"url\":\"https:\/\/www.familyhastools.com\/wp-content\/uploads\/2020\/05\/logo-com-Arthur-_grande.png\",\"contentUrl\":\"https:\/\/www.familyhastools.com\/wp-content\/uploads\/2020\/05\/logo-com-Arthur-_grande.png\",\"width\":2350,\"height\":1000,\"caption\":\"Family Has Tools\"},\"image\":{\"@id\":\"https:\/\/www.familyhastools.com\/#\/schema\/logo\/image\/\"}}]}<\/script>\n<!-- \/ Yoast SEO plugin. -->","yoast_head_json":{"title":"Sobre - Family Has Tools","robots":{"index":"index","follow":"follow","max-snippet":"max-snippet:-1","max-image-preview":"max-image-preview:large","max-video-preview":"max-video-preview:-1"},"canonical":"https:\/\/www.familyhastools.com\/index.php\/sobre\/","og_locale":"pt_BR","og_type":"article","og_title":"Sobre - Family Has Tools","og_description":"Este \u00e9 nosso cantinho de relatos da nossa jornada na educa\u00e7\u00e3o domiciliar de nossas filhas. Aqui vamos contar um pouco dos m\u00e9todos, da nossa rotina, bem como dividir um pouco das nossas ferramentas (Tools) com voc\u00eas.","og_url":"https:\/\/www.familyhastools.com\/index.php\/sobre\/","og_site_name":"Family Has Tools","og_image":[{"width":1209,"height":359,"url":"https:\/\/www.familyhastools.com\/wp-content\/uploads\/2017\/08\/logo-family-has-tools.png","type":"image\/png"}],"twitter_card":"summary_large_image","schema":{"@context":"https:\/\/schema.org","@graph":[{"@type":"WebPage","@id":"https:\/\/www.familyhastools.com\/index.php\/sobre\/","url":"https:\/\/www.familyhastools.com\/index.php\/sobre\/","name":"Sobre - Family Has Tools","isPartOf":{"@id":"https:\/\/www.familyhastools.com\/#website"},"primaryImageOfPage":{"@id":"https:\/\/www.familyhastools.com\/index.php\/sobre\/#primaryimage"},"image":{"@id":"https:\/\/www.familyhastools.com\/index.php\/sobre\/#primaryimage"},"thumbnailUrl":"https:\/\/familyhastools.files.wordpress.com\/2017\/08\/logo-family-has-tools.png","datePublished":"2017-08-24T02:03:31+00:00","breadcrumb":{"@id":"https:\/\/www.familyhastools.com\/index.php\/sobre\/#breadcrumb"},"inLanguage":"pt-BR","potentialAction":[{"@type":"ReadAction","target":["https:\/\/www.familyhastools.com\/index.php\/sobre\/"]}]},{"@type":"ImageObject","inLanguage":"pt-BR","@id":"https:\/\/www.familyhastools.com\/index.php\/sobre\/#primaryimage","url":"https:\/\/familyhastools.files.wordpress.com\/2017\/08\/logo-family-has-tools.png","contentUrl":"https:\/\/familyhastools.files.wordpress.com\/2017\/08\/logo-family-has-tools.png"},{"@type":"BreadcrumbList","@id":"https:\/\/www.familyhastools.com\/index.php\/sobre\/#breadcrumb","itemListElement":[{"@type":"ListItem","position":1,"name":"In\u00edcio","item":"https:\/\/www.familyhastools.com\/"},{"@type":"ListItem","position":2,"name":"Sobre"}]},{"@type":"WebSite","@id":"https:\/\/www.familyhastools.com\/#website","url":"https:\/\/www.familyhastools.com\/","name":"Family Has Tools","description":"A jornada de nossa familia homeschooler","publisher":{"@id":"https:\/\/www.familyhastools.com\/#organization"},"potentialAction":[{"@type":"SearchAction","target":{"@type":"EntryPoint","urlTemplate":"https:\/\/www.familyhastools.com\/?s={search_term_string}"},"query-input":{"@type":"PropertyValueSpecification","valueRequired":true,"valueName":"search_term_string"}}],"inLanguage":"pt-BR"},{"@type":"Organization","@id":"https:\/\/www.familyhastools.com\/#organization","name":"Family Has Tools","url":"https:\/\/www.familyhastools.com\/","logo":{"@type":"ImageObject","inLanguage":"pt-BR","@id":"https:\/\/www.familyhastools.com\/#\/schema\/logo\/image\/","url":"https:\/\/www.familyhastools.com\/wp-content\/uploads\/2020\/05\/logo-com-Arthur-_grande.png","contentUrl":"https:\/\/www.familyhastools.com\/wp-content\/uploads\/2020\/05\/logo-com-Arthur-_grande.png","width":2350,"height":1000,"caption":"Family Has Tools"},"image":{"@id":"https:\/\/www.familyhastools.com\/#\/schema\/logo\/image\/"}}]}},"_links":{"self":[{"href":"https:\/\/www.familyhastools.com\/index.php\/wp-json\/wp\/v2\/pages\/4","targetHints":{"allow":["GET"]}}],"collection":[{"href":"https:\/\/www.familyhastools.com\/index.php\/wp-json\/wp\/v2\/pages"}],"about":[{"href":"https:\/\/www.familyhastools.com\/index.php\/wp-json\/wp\/v2\/types\/page"}],"author":[{"embeddable":true,"href":"https:\/\/www.familyhastools.com\/index.php\/wp-json\/wp\/v2\/users\/2"}],"replies":[{"embeddable":true,"href":"https:\/\/www.familyhastools.com\/index.php\/wp-json\/wp\/v2\/comments?post=4"}],"version-history":[{"count":0,"href":"https:\/\/www.familyhastools.com\/index.php\/wp-json\/wp\/v2\/pages\/4\/revisions"}],"wp:attachment":[{"href":"https:\/\/www.familyhastools.com\/index.php\/wp-json\/wp\/v2\/media?parent=4"}],"curies":[{"name":"wp","href":"https:\/\/api.w.org\/{rel}","templated":true}]}}